

{"id":80159,"date":"2026-03-20T12:11:08","date_gmt":"2026-03-20T11:11:08","guid":{"rendered":"https:\/\/kzprofesional.com\/pack-hyper-veloce-lite-preta-vermelha-shaver-de-oferta-cocco\/"},"modified":"2026-03-20T12:11:08","modified_gmt":"2026-03-20T11:11:08","slug":"pack-hyper-veloce-lite-preta-vermelha-shaver-de-oferta-cocco","status":"publish","type":"product","link":"https:\/\/kzprofesional.com\/pt-pt\/produto\/pack-hyper-veloce-lite-preta-vermelha-shaver-de-oferta-cocco\/","title":{"rendered":"Pack Hyper Veloce Lite preta\/vermelha Shaver de oferta &#8211; COCCO"},"content":{"rendered":"<p><strong>Pack Hyper Veloce Lite preta\/vermelha &#8211; COCCO<\/strong><\/p>\n<p>Clipper Veloce Lite preta\/vermelha &#8211; COCCO<br \/>\nTrimmer Veloce Lite preta\/vermelha &#8211; COCCO<br \/>\nShaver Veloce Lite preta\/vermelha &#8211; COCCO <strong>OFERTA!!<\/strong><\/p>\n","protected":false},"excerpt":{"rendered":"<p>PR\u00c9-VENDA EXCLUSIVA!<\/p>\n<p>Reserve o seu Cocco. Seja dos primeiros a receb\u00ea-lo.<\/p>\n<p>\ud83d\uddd3 Dispon\u00edvel a partir de 20 de abril<br \/>\n\ud83d\ude9a As encomendas come\u00e7ar\u00e3o a ser enviadas a partir dessa data.<br \/>\n\ud83c\udf81 Unidades limitadas nesta primeira edi\u00e7\u00e3o!<\/p>\n<p>\ud83d\udd12 Compre agora para garantir a sua unidade.<br \/>\n\ud83d\udcb3 O pagamento \u00e9 efetuado hoje; o envio ser\u00e1 autom\u00e1tico a partir de 20\/04, <strong>n\u00e3o \u00e9 poss\u00edvel pagar \u00e0 cobran\u00e7a.<\/strong><\/p>\n<p>Garantia de 1 ano para profissionais e empresas. 3 anos para consumidores particulares.<\/p>\n","protected":false},"featured_media":80160,"template":"","meta":{"_acf_changed":false,"_jet_sm_ready_style":"","_jet_sm_style":"","_jet_sm_controls_values":"","_jet_sm_fonts_collection":"","_jet_sm_fonts_links":""},"product_brand":[],"product_cat":[930,833,818,819],"product_tag":[],"class_list":{"0":"post-80159","1":"product","2":"type-product","3":"status-publish","4":"has-post-thumbnail","6":"product_cat-combos","7":"product_cat-maquinas-de-cortar-cabelo","8":"product_cat-novidades","9":"product_cat-ofertas","10":"product_shipping_class-envio-para-mobiliario","11":"sales-flash-overlay","12":"woocommerce-text-align-center","13":"woocommerce-image-align-center","14":"do-quantity-buttons","16":"first","17":"instock","18":"sale","19":"taxable","20":"shipping-taxable","21":"product-type-bundle"},"bundled_by":[],"bundle_stock_status":"instock","bundle_stock_quantity":"","bundle_virtual":false,"bundle_layout":"default","bundle_add_to_cart_form_location":"default","bundle_editable_in_cart":false,"bundle_sold_individually_context":"product","bundle_item_grouping":"parent","bundle_min_size":"","bundle_max_size":"","bundle_price":{"price":{"min":{"incl_tax":"270.99","excl_tax":"223.96"},"max":{"incl_tax":"270.99","excl_tax":"223.96"}},"regular_price":{"min":{"incl_tax":"325.2","excl_tax":"268.76"},"max":{"incl_tax":"325.2","excl_tax":"268.76"}}},"bundled_items":[],"bundle_sell_ids":[],"acf":[],"yoast_head":"<!-- This site is optimized with the Yoast SEO Premium plugin v25.9 (Yoast SEO v27.4) - https:\/\/yoast.com\/product\/yoast-seo-premium-wordpress\/ -->\n<title>Pack Hyper Veloce Lite preta\/vermelha Shaver de oferta - COCCO - KZ Profesional<\/title>\n<meta name=\"description\" content=\"Clipper Veloce Lite preta\/vermelha. Trimmer Veloce Lite preta\/vermelha. Shaver Veloce Lite preta\/vermelha - COCCO DE OFERTA!!\" \/>\n<meta name=\"robots\" content=\"index, follow, max-snippet:-1, max-image-preview:large, max-video-preview:-1\" \/>\n<link rel=\"canonical\" href=\"https:\/\/kzprofesional.com\/producto\/pack-hyper-veloce-lite-negra-roja-shaver-de-regalo-cocco\/\" \/>\n<meta property=\"og:locale\" content=\"pt_PT\" \/>\n<meta property=\"og:type\" content=\"article\" \/>\n<meta property=\"og:title\" content=\"Pack Hyper Veloce Lite preta\/vermelha Shaver de oferta - COCCO\" \/>\n<meta property=\"og:description\" content=\"Clipper Veloce Lite preta\/vermelha. Trimmer Veloce Lite preta\/vermelha. Shaver Veloce Lite preta\/vermelha - COCCO DE OFERTA!!\" \/>\n<meta property=\"og:url\" content=\"https:\/\/kzprofesional.com\/producto\/pack-hyper-veloce-lite-negra-roja-shaver-de-regalo-cocco\/\" \/>\n<meta property=\"og:site_name\" content=\"KZ Profesional\" \/>\n<meta property=\"og:image\" content=\"https:\/\/kzprofesional.com\/wp-content\/uploads\/Captura-de-pantalla-2026-03-20-112907.png\" \/>\n\t<meta property=\"og:image:width\" content=\"771\" \/>\n\t<meta property=\"og:image:height\" content=\"774\" \/>\n\t<meta property=\"og:image:type\" content=\"image\/png\" \/>\n<meta name=\"twitter:card\" content=\"summary_large_image\" \/>\n<script type=\"application\/ld+json\" class=\"yoast-schema-graph\">{\"@context\":\"https:\\\/\\\/schema.org\",\"@graph\":[{\"@type\":\"WebPage\",\"@id\":\"https:\\\/\\\/kzprofesional.com\\\/producto\\\/pack-hyper-veloce-lite-negra-roja-shaver-de-regalo-cocco\\\/\",\"url\":\"https:\\\/\\\/kzprofesional.com\\\/producto\\\/pack-hyper-veloce-lite-negra-roja-shaver-de-regalo-cocco\\\/\",\"name\":\"Pack Hyper Veloce Lite preta\\\/vermelha Shaver de oferta - COCCO - KZ Profesional\",\"isPartOf\":{\"@id\":\"https:\\\/\\\/kzprofesional.com\\\/#website\"},\"primaryImageOfPage\":{\"@id\":\"https:\\\/\\\/kzprofesional.com\\\/producto\\\/pack-hyper-veloce-lite-negra-roja-shaver-de-regalo-cocco\\\/#primaryimage\"},\"image\":{\"@id\":\"https:\\\/\\\/kzprofesional.com\\\/producto\\\/pack-hyper-veloce-lite-negra-roja-shaver-de-regalo-cocco\\\/#primaryimage\"},\"thumbnailUrl\":\"https:\\\/\\\/kzprofesional.com\\\/wp-content\\\/uploads\\\/Captura-de-pantalla-2026-03-20-112907.png\",\"datePublished\":\"2026-03-20T11:11:08+00:00\",\"description\":\"Clipper Veloce Lite preta\\\/vermelha. Trimmer Veloce Lite preta\\\/vermelha. Shaver Veloce Lite preta\\\/vermelha - COCCO DE OFERTA!!\",\"breadcrumb\":{\"@id\":\"https:\\\/\\\/kzprofesional.com\\\/producto\\\/pack-hyper-veloce-lite-negra-roja-shaver-de-regalo-cocco\\\/#breadcrumb\"},\"inLanguage\":\"pt-PT\",\"potentialAction\":[{\"@type\":\"ReadAction\",\"target\":[\"https:\\\/\\\/kzprofesional.com\\\/producto\\\/pack-hyper-veloce-lite-negra-roja-shaver-de-regalo-cocco\\\/\"]}]},{\"@type\":\"ImageObject\",\"inLanguage\":\"pt-PT\",\"@id\":\"https:\\\/\\\/kzprofesional.com\\\/producto\\\/pack-hyper-veloce-lite-negra-roja-shaver-de-regalo-cocco\\\/#primaryimage\",\"url\":\"https:\\\/\\\/kzprofesional.com\\\/wp-content\\\/uploads\\\/Captura-de-pantalla-2026-03-20-112907.png\",\"contentUrl\":\"https:\\\/\\\/kzprofesional.com\\\/wp-content\\\/uploads\\\/Captura-de-pantalla-2026-03-20-112907.png\",\"width\":771,\"height\":774},{\"@type\":\"BreadcrumbList\",\"@id\":\"https:\\\/\\\/kzprofesional.com\\\/producto\\\/pack-hyper-veloce-lite-negra-roja-shaver-de-regalo-cocco\\\/#breadcrumb\",\"itemListElement\":[{\"@type\":\"ListItem\",\"position\":1,\"name\":\"Portada\",\"item\":\"https:\\\/\\\/kzprofesional.com\\\/\"},{\"@type\":\"ListItem\",\"position\":2,\"name\":\"Loja\",\"item\":\"https:\\\/\\\/kzprofesional.com\\\/pt-pt\\\/loja\\\/\"},{\"@type\":\"ListItem\",\"position\":3,\"name\":\"Pack Hyper Veloce Lite preta\\\/vermelha Shaver de oferta &#8211; COCCO\"}]},{\"@type\":\"WebSite\",\"@id\":\"https:\\\/\\\/kzprofesional.com\\\/#website\",\"url\":\"https:\\\/\\\/kzprofesional.com\\\/\",\"name\":\"KZ Profesional\",\"description\":\"\",\"publisher\":{\"@id\":\"https:\\\/\\\/kzprofesional.com\\\/#organization\"},\"potentialAction\":[{\"@type\":\"SearchAction\",\"target\":{\"@type\":\"EntryPoint\",\"urlTemplate\":\"https:\\\/\\\/kzprofesional.com\\\/?s={search_term_string}\"},\"query-input\":{\"@type\":\"PropertyValueSpecification\",\"valueRequired\":true,\"valueName\":\"search_term_string\"}}],\"inLanguage\":\"pt-PT\"},{\"@type\":\"Organization\",\"@id\":\"https:\\\/\\\/kzprofesional.com\\\/#organization\",\"name\":\"Imperio Barber Shop\",\"url\":\"https:\\\/\\\/kzprofesional.com\\\/\",\"logo\":{\"@type\":\"ImageObject\",\"inLanguage\":\"pt-PT\",\"@id\":\"https:\\\/\\\/kzprofesional.com\\\/#\\\/schema\\\/logo\\\/image\\\/\",\"url\":\"https:\\\/\\\/kzprofesional.com\\\/wp-content\\\/uploads\\\/2021\\\/09\\\/Logo-Imperio-Barber-Shop.png\",\"contentUrl\":\"https:\\\/\\\/kzprofesional.com\\\/wp-content\\\/uploads\\\/2021\\\/09\\\/Logo-Imperio-Barber-Shop.png\",\"width\":128,\"height\":128,\"caption\":\"Imperio Barber Shop\"},\"image\":{\"@id\":\"https:\\\/\\\/kzprofesional.com\\\/#\\\/schema\\\/logo\\\/image\\\/\"}}]}<\/script>\n<!-- \/ Yoast SEO Premium plugin. -->","yoast_head_json":{"title":"Pack Hyper Veloce Lite preta\/vermelha Shaver de oferta - COCCO - KZ Profesional","description":"Clipper Veloce Lite preta\/vermelha. Trimmer Veloce Lite preta\/vermelha. Shaver Veloce Lite preta\/vermelha - COCCO DE OFERTA!!","robots":{"index":"index","follow":"follow","max-snippet":"max-snippet:-1","max-image-preview":"max-image-preview:large","max-video-preview":"max-video-preview:-1"},"canonical":"https:\/\/kzprofesional.com\/producto\/pack-hyper-veloce-lite-negra-roja-shaver-de-regalo-cocco\/","og_locale":"pt_PT","og_type":"article","og_title":"Pack Hyper Veloce Lite preta\/vermelha Shaver de oferta - COCCO","og_description":"Clipper Veloce Lite preta\/vermelha. Trimmer Veloce Lite preta\/vermelha. Shaver Veloce Lite preta\/vermelha - COCCO DE OFERTA!!","og_url":"https:\/\/kzprofesional.com\/producto\/pack-hyper-veloce-lite-negra-roja-shaver-de-regalo-cocco\/","og_site_name":"KZ Profesional","og_image":[{"width":771,"height":774,"url":"https:\/\/kzprofesional.com\/wp-content\/uploads\/Captura-de-pantalla-2026-03-20-112907.png","type":"image\/png"}],"twitter_card":"summary_large_image","schema":{"@context":"https:\/\/schema.org","@graph":[{"@type":"WebPage","@id":"https:\/\/kzprofesional.com\/producto\/pack-hyper-veloce-lite-negra-roja-shaver-de-regalo-cocco\/","url":"https:\/\/kzprofesional.com\/producto\/pack-hyper-veloce-lite-negra-roja-shaver-de-regalo-cocco\/","name":"Pack Hyper Veloce Lite preta\/vermelha Shaver de oferta - COCCO - KZ Profesional","isPartOf":{"@id":"https:\/\/kzprofesional.com\/#website"},"primaryImageOfPage":{"@id":"https:\/\/kzprofesional.com\/producto\/pack-hyper-veloce-lite-negra-roja-shaver-de-regalo-cocco\/#primaryimage"},"image":{"@id":"https:\/\/kzprofesional.com\/producto\/pack-hyper-veloce-lite-negra-roja-shaver-de-regalo-cocco\/#primaryimage"},"thumbnailUrl":"https:\/\/kzprofesional.com\/wp-content\/uploads\/Captura-de-pantalla-2026-03-20-112907.png","datePublished":"2026-03-20T11:11:08+00:00","description":"Clipper Veloce Lite preta\/vermelha. Trimmer Veloce Lite preta\/vermelha. Shaver Veloce Lite preta\/vermelha - COCCO DE OFERTA!!","breadcrumb":{"@id":"https:\/\/kzprofesional.com\/producto\/pack-hyper-veloce-lite-negra-roja-shaver-de-regalo-cocco\/#breadcrumb"},"inLanguage":"pt-PT","potentialAction":[{"@type":"ReadAction","target":["https:\/\/kzprofesional.com\/producto\/pack-hyper-veloce-lite-negra-roja-shaver-de-regalo-cocco\/"]}]},{"@type":"ImageObject","inLanguage":"pt-PT","@id":"https:\/\/kzprofesional.com\/producto\/pack-hyper-veloce-lite-negra-roja-shaver-de-regalo-cocco\/#primaryimage","url":"https:\/\/kzprofesional.com\/wp-content\/uploads\/Captura-de-pantalla-2026-03-20-112907.png","contentUrl":"https:\/\/kzprofesional.com\/wp-content\/uploads\/Captura-de-pantalla-2026-03-20-112907.png","width":771,"height":774},{"@type":"BreadcrumbList","@id":"https:\/\/kzprofesional.com\/producto\/pack-hyper-veloce-lite-negra-roja-shaver-de-regalo-cocco\/#breadcrumb","itemListElement":[{"@type":"ListItem","position":1,"name":"Portada","item":"https:\/\/kzprofesional.com\/"},{"@type":"ListItem","position":2,"name":"Loja","item":"https:\/\/kzprofesional.com\/pt-pt\/loja\/"},{"@type":"ListItem","position":3,"name":"Pack Hyper Veloce Lite preta\/vermelha Shaver de oferta &#8211; COCCO"}]},{"@type":"WebSite","@id":"https:\/\/kzprofesional.com\/#website","url":"https:\/\/kzprofesional.com\/","name":"KZ Profesional","description":"","publisher":{"@id":"https:\/\/kzprofesional.com\/#organization"},"potentialAction":[{"@type":"SearchAction","target":{"@type":"EntryPoint","urlTemplate":"https:\/\/kzprofesional.com\/?s={search_term_string}"},"query-input":{"@type":"PropertyValueSpecification","valueRequired":true,"valueName":"search_term_string"}}],"inLanguage":"pt-PT"},{"@type":"Organization","@id":"https:\/\/kzprofesional.com\/#organization","name":"Imperio Barber Shop","url":"https:\/\/kzprofesional.com\/","logo":{"@type":"ImageObject","inLanguage":"pt-PT","@id":"https:\/\/kzprofesional.com\/#\/schema\/logo\/image\/","url":"https:\/\/kzprofesional.com\/wp-content\/uploads\/2021\/09\/Logo-Imperio-Barber-Shop.png","contentUrl":"https:\/\/kzprofesional.com\/wp-content\/uploads\/2021\/09\/Logo-Imperio-Barber-Shop.png","width":128,"height":128,"caption":"Imperio Barber Shop"},"image":{"@id":"https:\/\/kzprofesional.com\/#\/schema\/logo\/image\/"}}]}},"_links":{"self":[{"href":"https:\/\/kzprofesional.com\/pt-pt\/wp-json\/wp\/v2\/product\/80159","targetHints":{"allow":["GET"]}}],"collection":[{"href":"https:\/\/kzprofesional.com\/pt-pt\/wp-json\/wp\/v2\/product"}],"about":[{"href":"https:\/\/kzprofesional.com\/pt-pt\/wp-json\/wp\/v2\/types\/product"}],"wp:featuredmedia":[{"embeddable":true,"href":"https:\/\/kzprofesional.com\/pt-pt\/wp-json\/wp\/v2\/media\/80160"}],"wp:attachment":[{"href":"https:\/\/kzprofesional.com\/pt-pt\/wp-json\/wp\/v2\/media?parent=80159"}],"wp:term":[{"taxonomy":"product_brand","embeddable":true,"href":"https:\/\/kzprofesional.com\/pt-pt\/wp-json\/wp\/v2\/product_brand?post=80159"},{"taxonomy":"product_cat","embeddable":true,"href":"https:\/\/kzprofesional.com\/pt-pt\/wp-json\/wp\/v2\/product_cat?post=80159"},{"taxonomy":"product_tag","embeddable":true,"href":"https:\/\/kzprofesional.com\/pt-pt\/wp-json\/wp\/v2\/product_tag?post=80159"}],"curies":[{"name":"wp","href":"https:\/\/api.w.org\/{rel}","templated":true}]}}