

{"id":80209,"date":"2026-03-27T12:06:35","date_gmt":"2026-03-27T11:06:35","guid":{"rendered":"https:\/\/kzprofesional.com\/clipper-gtx-blessed\/"},"modified":"2026-03-27T12:06:35","modified_gmt":"2026-03-27T11:06:35","slug":"clipper-gtx-blessed","status":"publish","type":"product","link":"https:\/\/kzprofesional.com\/pt-pt\/produto\/clipper-gtx-blessed\/","title":{"rendered":"Clipper GTX &#8211; BLESSED"},"content":{"rendered":"<p><strong>Clipper GTX &#8211; BLESSED<\/strong><\/p>\n<p>M\u00e1quina de corte de gama alta concebida para un desempenho uniforme e preciso en qualquer tipo de cabelo natural.<\/p>\n<p>Equipada con motor vectorial de alta eficiencia y bateria de longa dura\u00e7\u00e3o, permite funcionar com ou sem cabo.<\/p>\n<p>Las l\u00e2minas est\u00e1n fabricadas en a\u00e7o japon\u00eas de alta qualidade, garantizando durabilidade, corte uniforme e precis\u00e3o.<\/p>\n<p><strong>CARACTER\u00cdSTICAS<\/strong><br \/>\nMotor vector<br \/>\n13000 RPM<br \/>\nFunciona com e sem cabo<br \/>\nBater\u00eda li-ion 3200 mAh<br \/>\nAutonomia da bateria: 200 min<br \/>\nTempo de carregamento: 120 min<br \/>\nTamanho: 187 x 42 x 34 mm<br \/>\nPeso: 300 g<\/p>\n<p><strong>COMPONENTES E ACESS\u00d3RIOS<\/strong><br \/>\nL\u00e2minas em a\u00e7o japon\u00eas<br \/>\nL\u00e2mina fixa de 45 mm<br \/>\n6 peines (1,5 \/ 3 \/ 4,5 \/ 6 \/ 10 \/ 13 mm)<br \/>\nCepillo de limpieza, bote de \u00f3leo lubrificante<\/p>\n","protected":false},"excerpt":{"rendered":"<p>Personalize o seu equipamento com as nossas m\u00e1quinas das marcas l\u00edderes no setor de barbearia e cabeleireiro!<br \/>\nPrazo de entrega entre 1 e 15 dias.<br \/>\nGarantia de 1 ano para profissionais e empresas. 3 anos para consumidores particulares.<\/p>\n","protected":false},"featured_media":80210,"template":"","meta":{"_acf_changed":false,"_jet_sm_ready_style":"","_jet_sm_style":"","_jet_sm_controls_values":"","_jet_sm_fonts_collection":"","_jet_sm_fonts_links":""},"product_brand":[],"product_cat":[769,818],"product_tag":[],"class_list":{"0":"post-80209","1":"product","2":"type-product","3":"status-publish","4":"has-post-thumbnail","6":"product_cat-clippers-sem-fios","7":"product_cat-novidades","8":"sales-flash-overlay","9":"woocommerce-text-align-center","10":"woocommerce-image-align-center","11":"do-quantity-buttons","13":"first","14":"instock","15":"taxable","16":"shipping-taxable","17":"purchasable","18":"product-type-simple"},"bundled_by":[],"bundle_stock_status":"instock","bundle_stock_quantity":8,"bundle_virtual":false,"bundle_layout":"","bundle_add_to_cart_form_location":"","bundle_editable_in_cart":false,"bundle_sold_individually_context":"","bundle_item_grouping":"","bundle_min_size":"","bundle_max_size":"","bundle_price":[],"bundled_items":[],"bundle_sell_ids":[],"acf":[],"yoast_head":"<!-- This site is optimized with the Yoast SEO Premium plugin v25.9 (Yoast SEO v27.4) - https:\/\/yoast.com\/product\/yoast-seo-premium-wordpress\/ -->\n<title>Clipper GTX - BLESSED - KZ Profesional<\/title>\n<meta name=\"description\" content=\"M\u00e1quina de corte de gama alta concebida para um desempenho uniforme e preciso em qualquer tipo de cabelo natural. Equipada com motor vector de alta efici\u00eancia e bateria de longa dura\u00e7\u00e3o, permite funcionar com ou sem cabo. As l\u00e2minas s\u00e3o fabricadas em a\u00e7o japon\u00eas de alta qualidade, garantindo durabilidade, corte uniforme e precis\u00e3o.\" \/>\n<meta name=\"robots\" content=\"index, follow, max-snippet:-1, max-image-preview:large, max-video-preview:-1\" \/>\n<link rel=\"canonical\" href=\"https:\/\/kzprofesional.com\/producto\/maquina-clipper-gtx-blessed\/\" \/>\n<meta property=\"og:locale\" content=\"pt_PT\" \/>\n<meta property=\"og:type\" content=\"article\" \/>\n<meta property=\"og:title\" content=\"Clipper GTX - BLESSED\" \/>\n<meta property=\"og:description\" content=\"M\u00e1quina de corte de gama alta concebida para um desempenho uniforme e preciso em qualquer tipo de cabelo natural. Equipada com motor vector de alta efici\u00eancia e bateria de longa dura\u00e7\u00e3o, permite funcionar com ou sem cabo. As l\u00e2minas s\u00e3o fabricadas em a\u00e7o japon\u00eas de alta qualidade, garantindo durabilidade, corte uniforme e precis\u00e3o.\" \/>\n<meta property=\"og:url\" content=\"https:\/\/kzprofesional.com\/producto\/maquina-clipper-gtx-blessed\/\" \/>\n<meta property=\"og:site_name\" content=\"KZ Profesional\" \/>\n<meta property=\"og:image\" content=\"https:\/\/kzprofesional.com\/wp-content\/uploads\/Captura-de-pantalla-2026-03-26-174516.png\" \/>\n\t<meta property=\"og:image:width\" content=\"802\" \/>\n\t<meta property=\"og:image:height\" content=\"815\" \/>\n\t<meta property=\"og:image:type\" content=\"image\/png\" \/>\n<meta name=\"twitter:card\" content=\"summary_large_image\" \/>\n<script type=\"application\/ld+json\" class=\"yoast-schema-graph\">{\"@context\":\"https:\\\/\\\/schema.org\",\"@graph\":[{\"@type\":\"WebPage\",\"@id\":\"https:\\\/\\\/kzprofesional.com\\\/producto\\\/maquina-clipper-gtx-blessed\\\/\",\"url\":\"https:\\\/\\\/kzprofesional.com\\\/producto\\\/maquina-clipper-gtx-blessed\\\/\",\"name\":\"Clipper GTX - BLESSED - KZ Profesional\",\"isPartOf\":{\"@id\":\"https:\\\/\\\/kzprofesional.com\\\/#website\"},\"primaryImageOfPage\":{\"@id\":\"https:\\\/\\\/kzprofesional.com\\\/producto\\\/maquina-clipper-gtx-blessed\\\/#primaryimage\"},\"image\":{\"@id\":\"https:\\\/\\\/kzprofesional.com\\\/producto\\\/maquina-clipper-gtx-blessed\\\/#primaryimage\"},\"thumbnailUrl\":\"https:\\\/\\\/kzprofesional.com\\\/wp-content\\\/uploads\\\/Captura-de-pantalla-2026-03-26-174516.png\",\"datePublished\":\"2026-03-27T11:06:35+00:00\",\"description\":\"M\u00e1quina de corte de gama alta concebida para um desempenho uniforme e preciso em qualquer tipo de cabelo natural. Equipada com motor vector de alta efici\u00eancia e bateria de longa dura\u00e7\u00e3o, permite funcionar com ou sem cabo. As l\u00e2minas s\u00e3o fabricadas em a\u00e7o japon\u00eas de alta qualidade, garantindo durabilidade, corte uniforme e precis\u00e3o.\",\"breadcrumb\":{\"@id\":\"https:\\\/\\\/kzprofesional.com\\\/producto\\\/maquina-clipper-gtx-blessed\\\/#breadcrumb\"},\"inLanguage\":\"pt-PT\",\"potentialAction\":[{\"@type\":\"ReadAction\",\"target\":[\"https:\\\/\\\/kzprofesional.com\\\/producto\\\/maquina-clipper-gtx-blessed\\\/\"]}]},{\"@type\":\"ImageObject\",\"inLanguage\":\"pt-PT\",\"@id\":\"https:\\\/\\\/kzprofesional.com\\\/producto\\\/maquina-clipper-gtx-blessed\\\/#primaryimage\",\"url\":\"https:\\\/\\\/kzprofesional.com\\\/wp-content\\\/uploads\\\/Captura-de-pantalla-2026-03-26-174516.png\",\"contentUrl\":\"https:\\\/\\\/kzprofesional.com\\\/wp-content\\\/uploads\\\/Captura-de-pantalla-2026-03-26-174516.png\",\"width\":802,\"height\":815},{\"@type\":\"BreadcrumbList\",\"@id\":\"https:\\\/\\\/kzprofesional.com\\\/producto\\\/maquina-clipper-gtx-blessed\\\/#breadcrumb\",\"itemListElement\":[{\"@type\":\"ListItem\",\"position\":1,\"name\":\"Portada\",\"item\":\"https:\\\/\\\/kzprofesional.com\\\/\"},{\"@type\":\"ListItem\",\"position\":2,\"name\":\"Loja\",\"item\":\"https:\\\/\\\/kzprofesional.com\\\/pt-pt\\\/loja\\\/\"},{\"@type\":\"ListItem\",\"position\":3,\"name\":\"Clipper GTX &#8211; BLESSED\"}]},{\"@type\":\"WebSite\",\"@id\":\"https:\\\/\\\/kzprofesional.com\\\/#website\",\"url\":\"https:\\\/\\\/kzprofesional.com\\\/\",\"name\":\"KZ Profesional\",\"description\":\"\",\"publisher\":{\"@id\":\"https:\\\/\\\/kzprofesional.com\\\/#organization\"},\"potentialAction\":[{\"@type\":\"SearchAction\",\"target\":{\"@type\":\"EntryPoint\",\"urlTemplate\":\"https:\\\/\\\/kzprofesional.com\\\/?s={search_term_string}\"},\"query-input\":{\"@type\":\"PropertyValueSpecification\",\"valueRequired\":true,\"valueName\":\"search_term_string\"}}],\"inLanguage\":\"pt-PT\"},{\"@type\":\"Organization\",\"@id\":\"https:\\\/\\\/kzprofesional.com\\\/#organization\",\"name\":\"Imperio Barber Shop\",\"url\":\"https:\\\/\\\/kzprofesional.com\\\/\",\"logo\":{\"@type\":\"ImageObject\",\"inLanguage\":\"pt-PT\",\"@id\":\"https:\\\/\\\/kzprofesional.com\\\/#\\\/schema\\\/logo\\\/image\\\/\",\"url\":\"https:\\\/\\\/kzprofesional.com\\\/wp-content\\\/uploads\\\/2021\\\/09\\\/Logo-Imperio-Barber-Shop.png\",\"contentUrl\":\"https:\\\/\\\/kzprofesional.com\\\/wp-content\\\/uploads\\\/2021\\\/09\\\/Logo-Imperio-Barber-Shop.png\",\"width\":128,\"height\":128,\"caption\":\"Imperio Barber Shop\"},\"image\":{\"@id\":\"https:\\\/\\\/kzprofesional.com\\\/#\\\/schema\\\/logo\\\/image\\\/\"}}]}<\/script>\n<!-- \/ Yoast SEO Premium plugin. -->","yoast_head_json":{"title":"Clipper GTX - BLESSED - KZ Profesional","description":"M\u00e1quina de corte de gama alta concebida para um desempenho uniforme e preciso em qualquer tipo de cabelo natural. Equipada com motor vector de alta efici\u00eancia e bateria de longa dura\u00e7\u00e3o, permite funcionar com ou sem cabo. As l\u00e2minas s\u00e3o fabricadas em a\u00e7o japon\u00eas de alta qualidade, garantindo durabilidade, corte uniforme e precis\u00e3o.","robots":{"index":"index","follow":"follow","max-snippet":"max-snippet:-1","max-image-preview":"max-image-preview:large","max-video-preview":"max-video-preview:-1"},"canonical":"https:\/\/kzprofesional.com\/producto\/maquina-clipper-gtx-blessed\/","og_locale":"pt_PT","og_type":"article","og_title":"Clipper GTX - BLESSED","og_description":"M\u00e1quina de corte de gama alta concebida para um desempenho uniforme e preciso em qualquer tipo de cabelo natural. Equipada com motor vector de alta efici\u00eancia e bateria de longa dura\u00e7\u00e3o, permite funcionar com ou sem cabo. As l\u00e2minas s\u00e3o fabricadas em a\u00e7o japon\u00eas de alta qualidade, garantindo durabilidade, corte uniforme e precis\u00e3o.","og_url":"https:\/\/kzprofesional.com\/producto\/maquina-clipper-gtx-blessed\/","og_site_name":"KZ Profesional","og_image":[{"width":802,"height":815,"url":"https:\/\/kzprofesional.com\/wp-content\/uploads\/Captura-de-pantalla-2026-03-26-174516.png","type":"image\/png"}],"twitter_card":"summary_large_image","schema":{"@context":"https:\/\/schema.org","@graph":[{"@type":"WebPage","@id":"https:\/\/kzprofesional.com\/producto\/maquina-clipper-gtx-blessed\/","url":"https:\/\/kzprofesional.com\/producto\/maquina-clipper-gtx-blessed\/","name":"Clipper GTX - BLESSED - KZ Profesional","isPartOf":{"@id":"https:\/\/kzprofesional.com\/#website"},"primaryImageOfPage":{"@id":"https:\/\/kzprofesional.com\/producto\/maquina-clipper-gtx-blessed\/#primaryimage"},"image":{"@id":"https:\/\/kzprofesional.com\/producto\/maquina-clipper-gtx-blessed\/#primaryimage"},"thumbnailUrl":"https:\/\/kzprofesional.com\/wp-content\/uploads\/Captura-de-pantalla-2026-03-26-174516.png","datePublished":"2026-03-27T11:06:35+00:00","description":"M\u00e1quina de corte de gama alta concebida para um desempenho uniforme e preciso em qualquer tipo de cabelo natural. Equipada com motor vector de alta efici\u00eancia e bateria de longa dura\u00e7\u00e3o, permite funcionar com ou sem cabo. As l\u00e2minas s\u00e3o fabricadas em a\u00e7o japon\u00eas de alta qualidade, garantindo durabilidade, corte uniforme e precis\u00e3o.","breadcrumb":{"@id":"https:\/\/kzprofesional.com\/producto\/maquina-clipper-gtx-blessed\/#breadcrumb"},"inLanguage":"pt-PT","potentialAction":[{"@type":"ReadAction","target":["https:\/\/kzprofesional.com\/producto\/maquina-clipper-gtx-blessed\/"]}]},{"@type":"ImageObject","inLanguage":"pt-PT","@id":"https:\/\/kzprofesional.com\/producto\/maquina-clipper-gtx-blessed\/#primaryimage","url":"https:\/\/kzprofesional.com\/wp-content\/uploads\/Captura-de-pantalla-2026-03-26-174516.png","contentUrl":"https:\/\/kzprofesional.com\/wp-content\/uploads\/Captura-de-pantalla-2026-03-26-174516.png","width":802,"height":815},{"@type":"BreadcrumbList","@id":"https:\/\/kzprofesional.com\/producto\/maquina-clipper-gtx-blessed\/#breadcrumb","itemListElement":[{"@type":"ListItem","position":1,"name":"Portada","item":"https:\/\/kzprofesional.com\/"},{"@type":"ListItem","position":2,"name":"Loja","item":"https:\/\/kzprofesional.com\/pt-pt\/loja\/"},{"@type":"ListItem","position":3,"name":"Clipper GTX &#8211; BLESSED"}]},{"@type":"WebSite","@id":"https:\/\/kzprofesional.com\/#website","url":"https:\/\/kzprofesional.com\/","name":"KZ Profesional","description":"","publisher":{"@id":"https:\/\/kzprofesional.com\/#organization"},"potentialAction":[{"@type":"SearchAction","target":{"@type":"EntryPoint","urlTemplate":"https:\/\/kzprofesional.com\/?s={search_term_string}"},"query-input":{"@type":"PropertyValueSpecification","valueRequired":true,"valueName":"search_term_string"}}],"inLanguage":"pt-PT"},{"@type":"Organization","@id":"https:\/\/kzprofesional.com\/#organization","name":"Imperio Barber Shop","url":"https:\/\/kzprofesional.com\/","logo":{"@type":"ImageObject","inLanguage":"pt-PT","@id":"https:\/\/kzprofesional.com\/#\/schema\/logo\/image\/","url":"https:\/\/kzprofesional.com\/wp-content\/uploads\/2021\/09\/Logo-Imperio-Barber-Shop.png","contentUrl":"https:\/\/kzprofesional.com\/wp-content\/uploads\/2021\/09\/Logo-Imperio-Barber-Shop.png","width":128,"height":128,"caption":"Imperio Barber Shop"},"image":{"@id":"https:\/\/kzprofesional.com\/#\/schema\/logo\/image\/"}}]}},"_links":{"self":[{"href":"https:\/\/kzprofesional.com\/pt-pt\/wp-json\/wp\/v2\/product\/80209","targetHints":{"allow":["GET"]}}],"collection":[{"href":"https:\/\/kzprofesional.com\/pt-pt\/wp-json\/wp\/v2\/product"}],"about":[{"href":"https:\/\/kzprofesional.com\/pt-pt\/wp-json\/wp\/v2\/types\/product"}],"wp:featuredmedia":[{"embeddable":true,"href":"https:\/\/kzprofesional.com\/pt-pt\/wp-json\/wp\/v2\/media\/80210"}],"wp:attachment":[{"href":"https:\/\/kzprofesional.com\/pt-pt\/wp-json\/wp\/v2\/media?parent=80209"}],"wp:term":[{"taxonomy":"product_brand","embeddable":true,"href":"https:\/\/kzprofesional.com\/pt-pt\/wp-json\/wp\/v2\/product_brand?post=80209"},{"taxonomy":"product_cat","embeddable":true,"href":"https:\/\/kzprofesional.com\/pt-pt\/wp-json\/wp\/v2\/product_cat?post=80209"},{"taxonomy":"product_tag","embeddable":true,"href":"https:\/\/kzprofesional.com\/pt-pt\/wp-json\/wp\/v2\/product_tag?post=80209"}],"curies":[{"name":"wp","href":"https:\/\/api.w.org\/{rel}","templated":true}]}}