

{"id":80259,"date":"2026-03-31T14:34:26","date_gmt":"2026-03-31T12:34:26","guid":{"rendered":"https:\/\/kzprofesional.com\/creme-de-coloracao-permanente-igora-6-77-louro-escuro-acobreado-intenso-60-ml-schwarzkopf\/"},"modified":"2026-03-31T14:34:26","modified_gmt":"2026-03-31T12:34:26","slug":"creme-de-coloracao-permanente-igora-6-77-louro-escuro-acobreado-intenso-60-ml-schwarzkopf","status":"publish","type":"product","link":"https:\/\/kzprofesional.com\/pt-pt\/produto\/creme-de-coloracao-permanente-igora-6-77-louro-escuro-acobreado-intenso-60-ml-schwarzkopf\/","title":{"rendered":"Creme de colora\u00e7\u00e3o permanente Igora 6-77 louro escuro acobreado intenso 60 ml &#8211; SCHWARZKOPF"},"content":{"rendered":"<div id=\"title-b2f3a5f885\" class=\"heliux-text__wrapper inpagenavigation__item limited-container skip-margins customizations__title \" data-type=\"h4\">\n<p class=\"heading4 apply-margins apply-font-style title__heading\">Colora\u00e7\u00e3o permanente em creme IGORA ROYAL 6-77 louro escuro acobreado intenso que cobre at\u00e9 el 70% de las cabelos brancos. O creme pode ser utilizado em todas as t\u00e9cnicas de colora\u00e7\u00e3o. Proporciona uma dire\u00e7\u00e3o tonal acobreada. La Tecnologia de Alta Defini\u00e7\u00e3o de IGORA ROYAL contiene una matriz de pigmentos de alta defini\u00e7\u00e3o que proporciona una direcci\u00f3n de color a\u00fan m\u00e1s n\u00edtida, unos resultados melhorados e fi\u00e9is \u00e0 carta de cores, una maior intensidade y una cobertura m\u00e1xima.<\/p>\n<\/div>\n","protected":false},"excerpt":{"rendered":"<p>Colora\u00e7\u00e3o permanente em creme IGORA ROYAL 6-77 louro escuro acobreado intenso que cobre at\u00e9 el 70% de las cabelos brancos. O creme pode ser utilizado em todas as t\u00e9cnicas de colora\u00e7\u00e3o. Proporciona uma dire\u00e7\u00e3o tonal acobreada. La Tecnologia de Alta Defini\u00e7\u00e3o de IGORA ROYAL contiene una matriz de pigmentos de alta defini\u00e7\u00e3o que proporciona una &#8230; <a title=\"Creme de colora\u00e7\u00e3o permanente Igora 6-77 louro escuro acobreado intenso 60 ml &#8211; SCHWARZKOPF\" class=\"read-more\" href=\"https:\/\/kzprofesional.com\/pt-pt\/produto\/creme-de-coloracao-permanente-igora-6-77-louro-escuro-acobreado-intenso-60-ml-schwarzkopf\/\" aria-label=\"Leia mais sobre Creme de colora\u00e7\u00e3o permanente Igora 6-77 louro escuro acobreado intenso 60 ml &#8211; SCHWARZKOPF\">Ler mais<\/a><\/p>\n","protected":false},"featured_media":80260,"template":"","meta":{"_acf_changed":false,"_jet_sm_ready_style":"","_jet_sm_style":"","_jet_sm_controls_values":"","_jet_sm_fonts_collection":"","_jet_sm_fonts_links":""},"product_brand":[],"product_cat":[799,940],"product_tag":[],"class_list":{"0":"post-80259","1":"product","2":"type-product","3":"status-publish","4":"has-post-thumbnail","6":"product_cat-descoloracao","7":"product_cat-outras-coloracoes-semipermanentes","8":"sales-flash-overlay","9":"woocommerce-text-align-center","10":"woocommerce-image-align-center","11":"do-quantity-buttons","13":"first","14":"instock","15":"taxable","16":"shipping-taxable","17":"purchasable","18":"product-type-simple"},"bundled_by":[],"bundle_stock_status":"instock","bundle_stock_quantity":14,"bundle_virtual":false,"bundle_layout":"","bundle_add_to_cart_form_location":"","bundle_editable_in_cart":false,"bundle_sold_individually_context":"","bundle_item_grouping":"","bundle_min_size":"","bundle_max_size":"","bundle_price":[],"bundled_items":[],"bundle_sell_ids":[],"acf":[],"yoast_head":"<!-- This site is optimized with the Yoast SEO Premium plugin v25.9 (Yoast SEO v27.4) - https:\/\/yoast.com\/product\/yoast-seo-premium-wordpress\/ -->\n<title>Creme de colora\u00e7\u00e3o permanente Igora 6-77 louro escuro acobreado intenso 60 ml - SCHWARZKOPF - KZ Profesional<\/title>\n<meta name=\"robots\" content=\"index, follow, max-snippet:-1, max-image-preview:large, max-video-preview:-1\" \/>\n<link rel=\"canonical\" href=\"https:\/\/kzprofesional.com\/producto\/crema-de-coloracion-permanente-igora-6-77-rubio-oscuro-cobrizo-intenso-60-ml-schwarzkopf\/\" \/>\n<meta property=\"og:locale\" content=\"pt_PT\" \/>\n<meta property=\"og:type\" content=\"article\" \/>\n<meta property=\"og:title\" content=\"Creme de colora\u00e7\u00e3o permanente Igora 6-77 louro escuro acobreado intenso 60 ml - SCHWARZKOPF\" \/>\n<meta property=\"og:description\" content=\"Colora\u00e7\u00e3o permanente em creme IGORA ROYAL 6-77 louro escuro acobreado intenso que cobre at\u00e9 el 70% de las cabelos brancos. O creme pode ser utilizado em todas as t\u00e9cnicas de colora\u00e7\u00e3o. Proporciona uma dire\u00e7\u00e3o tonal acobreada. La Tecnologia de Alta Defini\u00e7\u00e3o de IGORA ROYAL contiene una matriz de pigmentos de alta defini\u00e7\u00e3o que proporciona una ... Ler mais\" \/>\n<meta property=\"og:url\" content=\"https:\/\/kzprofesional.com\/producto\/crema-de-coloracion-permanente-igora-6-77-rubio-oscuro-cobrizo-intenso-60-ml-schwarzkopf\/\" \/>\n<meta property=\"og:site_name\" content=\"KZ Profesional\" \/>\n<meta property=\"og:image\" content=\"https:\/\/kzprofesional.com\/wp-content\/uploads\/Crema-de-Coloracion-Permanente-Igora-6-77-Rubio-Oscuro-Cobrizo-Intenso-60-ml-SCHWARZKOPF.png\" \/>\n\t<meta property=\"og:image:width\" content=\"1500\" \/>\n\t<meta property=\"og:image:height\" content=\"1500\" \/>\n\t<meta property=\"og:image:type\" content=\"image\/png\" \/>\n<meta name=\"twitter:card\" content=\"summary_large_image\" \/>\n<script type=\"application\/ld+json\" class=\"yoast-schema-graph\">{\"@context\":\"https:\\\/\\\/schema.org\",\"@graph\":[{\"@type\":\"WebPage\",\"@id\":\"https:\\\/\\\/kzprofesional.com\\\/producto\\\/crema-de-coloracion-permanente-igora-6-77-rubio-oscuro-cobrizo-intenso-60-ml-schwarzkopf\\\/\",\"url\":\"https:\\\/\\\/kzprofesional.com\\\/producto\\\/crema-de-coloracion-permanente-igora-6-77-rubio-oscuro-cobrizo-intenso-60-ml-schwarzkopf\\\/\",\"name\":\"Creme de colora\u00e7\u00e3o permanente Igora 6-77 louro escuro acobreado intenso 60 ml - SCHWARZKOPF - KZ Profesional\",\"isPartOf\":{\"@id\":\"https:\\\/\\\/kzprofesional.com\\\/#website\"},\"primaryImageOfPage\":{\"@id\":\"https:\\\/\\\/kzprofesional.com\\\/producto\\\/crema-de-coloracion-permanente-igora-6-77-rubio-oscuro-cobrizo-intenso-60-ml-schwarzkopf\\\/#primaryimage\"},\"image\":{\"@id\":\"https:\\\/\\\/kzprofesional.com\\\/producto\\\/crema-de-coloracion-permanente-igora-6-77-rubio-oscuro-cobrizo-intenso-60-ml-schwarzkopf\\\/#primaryimage\"},\"thumbnailUrl\":\"https:\\\/\\\/kzprofesional.com\\\/wp-content\\\/uploads\\\/Crema-de-Coloracion-Permanente-Igora-6-77-Rubio-Oscuro-Cobrizo-Intenso-60-ml-SCHWARZKOPF.png\",\"datePublished\":\"2026-03-31T12:34:26+00:00\",\"breadcrumb\":{\"@id\":\"https:\\\/\\\/kzprofesional.com\\\/producto\\\/crema-de-coloracion-permanente-igora-6-77-rubio-oscuro-cobrizo-intenso-60-ml-schwarzkopf\\\/#breadcrumb\"},\"inLanguage\":\"pt-PT\",\"potentialAction\":[{\"@type\":\"ReadAction\",\"target\":[\"https:\\\/\\\/kzprofesional.com\\\/producto\\\/crema-de-coloracion-permanente-igora-6-77-rubio-oscuro-cobrizo-intenso-60-ml-schwarzkopf\\\/\"]}]},{\"@type\":\"ImageObject\",\"inLanguage\":\"pt-PT\",\"@id\":\"https:\\\/\\\/kzprofesional.com\\\/producto\\\/crema-de-coloracion-permanente-igora-6-77-rubio-oscuro-cobrizo-intenso-60-ml-schwarzkopf\\\/#primaryimage\",\"url\":\"https:\\\/\\\/kzprofesional.com\\\/wp-content\\\/uploads\\\/Crema-de-Coloracion-Permanente-Igora-6-77-Rubio-Oscuro-Cobrizo-Intenso-60-ml-SCHWARZKOPF.png\",\"contentUrl\":\"https:\\\/\\\/kzprofesional.com\\\/wp-content\\\/uploads\\\/Crema-de-Coloracion-Permanente-Igora-6-77-Rubio-Oscuro-Cobrizo-Intenso-60-ml-SCHWARZKOPF.png\",\"width\":1500,\"height\":1500},{\"@type\":\"BreadcrumbList\",\"@id\":\"https:\\\/\\\/kzprofesional.com\\\/producto\\\/crema-de-coloracion-permanente-igora-6-77-rubio-oscuro-cobrizo-intenso-60-ml-schwarzkopf\\\/#breadcrumb\",\"itemListElement\":[{\"@type\":\"ListItem\",\"position\":1,\"name\":\"Portada\",\"item\":\"https:\\\/\\\/kzprofesional.com\\\/\"},{\"@type\":\"ListItem\",\"position\":2,\"name\":\"Loja\",\"item\":\"https:\\\/\\\/kzprofesional.com\\\/pt-pt\\\/loja\\\/\"},{\"@type\":\"ListItem\",\"position\":3,\"name\":\"Creme de colora\u00e7\u00e3o permanente Igora 6-77 louro escuro acobreado intenso 60 ml &#8211; SCHWARZKOPF\"}]},{\"@type\":\"WebSite\",\"@id\":\"https:\\\/\\\/kzprofesional.com\\\/#website\",\"url\":\"https:\\\/\\\/kzprofesional.com\\\/\",\"name\":\"KZ Profesional\",\"description\":\"\",\"publisher\":{\"@id\":\"https:\\\/\\\/kzprofesional.com\\\/#organization\"},\"potentialAction\":[{\"@type\":\"SearchAction\",\"target\":{\"@type\":\"EntryPoint\",\"urlTemplate\":\"https:\\\/\\\/kzprofesional.com\\\/?s={search_term_string}\"},\"query-input\":{\"@type\":\"PropertyValueSpecification\",\"valueRequired\":true,\"valueName\":\"search_term_string\"}}],\"inLanguage\":\"pt-PT\"},{\"@type\":\"Organization\",\"@id\":\"https:\\\/\\\/kzprofesional.com\\\/#organization\",\"name\":\"Imperio Barber Shop\",\"url\":\"https:\\\/\\\/kzprofesional.com\\\/\",\"logo\":{\"@type\":\"ImageObject\",\"inLanguage\":\"pt-PT\",\"@id\":\"https:\\\/\\\/kzprofesional.com\\\/#\\\/schema\\\/logo\\\/image\\\/\",\"url\":\"https:\\\/\\\/kzprofesional.com\\\/wp-content\\\/uploads\\\/2021\\\/09\\\/Logo-Imperio-Barber-Shop.png\",\"contentUrl\":\"https:\\\/\\\/kzprofesional.com\\\/wp-content\\\/uploads\\\/2021\\\/09\\\/Logo-Imperio-Barber-Shop.png\",\"width\":128,\"height\":128,\"caption\":\"Imperio Barber Shop\"},\"image\":{\"@id\":\"https:\\\/\\\/kzprofesional.com\\\/#\\\/schema\\\/logo\\\/image\\\/\"}}]}<\/script>\n<!-- \/ Yoast SEO Premium plugin. -->","yoast_head_json":{"title":"Creme de colora\u00e7\u00e3o permanente Igora 6-77 louro escuro acobreado intenso 60 ml - SCHWARZKOPF - KZ Profesional","robots":{"index":"index","follow":"follow","max-snippet":"max-snippet:-1","max-image-preview":"max-image-preview:large","max-video-preview":"max-video-preview:-1"},"canonical":"https:\/\/kzprofesional.com\/producto\/crema-de-coloracion-permanente-igora-6-77-rubio-oscuro-cobrizo-intenso-60-ml-schwarzkopf\/","og_locale":"pt_PT","og_type":"article","og_title":"Creme de colora\u00e7\u00e3o permanente Igora 6-77 louro escuro acobreado intenso 60 ml - SCHWARZKOPF","og_description":"Colora\u00e7\u00e3o permanente em creme IGORA ROYAL 6-77 louro escuro acobreado intenso que cobre at\u00e9 el 70% de las cabelos brancos. O creme pode ser utilizado em todas as t\u00e9cnicas de colora\u00e7\u00e3o. Proporciona uma dire\u00e7\u00e3o tonal acobreada. La Tecnologia de Alta Defini\u00e7\u00e3o de IGORA ROYAL contiene una matriz de pigmentos de alta defini\u00e7\u00e3o que proporciona una ... Ler mais","og_url":"https:\/\/kzprofesional.com\/producto\/crema-de-coloracion-permanente-igora-6-77-rubio-oscuro-cobrizo-intenso-60-ml-schwarzkopf\/","og_site_name":"KZ Profesional","og_image":[{"width":1500,"height":1500,"url":"https:\/\/kzprofesional.com\/wp-content\/uploads\/Crema-de-Coloracion-Permanente-Igora-6-77-Rubio-Oscuro-Cobrizo-Intenso-60-ml-SCHWARZKOPF.png","type":"image\/png"}],"twitter_card":"summary_large_image","schema":{"@context":"https:\/\/schema.org","@graph":[{"@type":"WebPage","@id":"https:\/\/kzprofesional.com\/producto\/crema-de-coloracion-permanente-igora-6-77-rubio-oscuro-cobrizo-intenso-60-ml-schwarzkopf\/","url":"https:\/\/kzprofesional.com\/producto\/crema-de-coloracion-permanente-igora-6-77-rubio-oscuro-cobrizo-intenso-60-ml-schwarzkopf\/","name":"Creme de colora\u00e7\u00e3o permanente Igora 6-77 louro escuro acobreado intenso 60 ml - SCHWARZKOPF - KZ Profesional","isPartOf":{"@id":"https:\/\/kzprofesional.com\/#website"},"primaryImageOfPage":{"@id":"https:\/\/kzprofesional.com\/producto\/crema-de-coloracion-permanente-igora-6-77-rubio-oscuro-cobrizo-intenso-60-ml-schwarzkopf\/#primaryimage"},"image":{"@id":"https:\/\/kzprofesional.com\/producto\/crema-de-coloracion-permanente-igora-6-77-rubio-oscuro-cobrizo-intenso-60-ml-schwarzkopf\/#primaryimage"},"thumbnailUrl":"https:\/\/kzprofesional.com\/wp-content\/uploads\/Crema-de-Coloracion-Permanente-Igora-6-77-Rubio-Oscuro-Cobrizo-Intenso-60-ml-SCHWARZKOPF.png","datePublished":"2026-03-31T12:34:26+00:00","breadcrumb":{"@id":"https:\/\/kzprofesional.com\/producto\/crema-de-coloracion-permanente-igora-6-77-rubio-oscuro-cobrizo-intenso-60-ml-schwarzkopf\/#breadcrumb"},"inLanguage":"pt-PT","potentialAction":[{"@type":"ReadAction","target":["https:\/\/kzprofesional.com\/producto\/crema-de-coloracion-permanente-igora-6-77-rubio-oscuro-cobrizo-intenso-60-ml-schwarzkopf\/"]}]},{"@type":"ImageObject","inLanguage":"pt-PT","@id":"https:\/\/kzprofesional.com\/producto\/crema-de-coloracion-permanente-igora-6-77-rubio-oscuro-cobrizo-intenso-60-ml-schwarzkopf\/#primaryimage","url":"https:\/\/kzprofesional.com\/wp-content\/uploads\/Crema-de-Coloracion-Permanente-Igora-6-77-Rubio-Oscuro-Cobrizo-Intenso-60-ml-SCHWARZKOPF.png","contentUrl":"https:\/\/kzprofesional.com\/wp-content\/uploads\/Crema-de-Coloracion-Permanente-Igora-6-77-Rubio-Oscuro-Cobrizo-Intenso-60-ml-SCHWARZKOPF.png","width":1500,"height":1500},{"@type":"BreadcrumbList","@id":"https:\/\/kzprofesional.com\/producto\/crema-de-coloracion-permanente-igora-6-77-rubio-oscuro-cobrizo-intenso-60-ml-schwarzkopf\/#breadcrumb","itemListElement":[{"@type":"ListItem","position":1,"name":"Portada","item":"https:\/\/kzprofesional.com\/"},{"@type":"ListItem","position":2,"name":"Loja","item":"https:\/\/kzprofesional.com\/pt-pt\/loja\/"},{"@type":"ListItem","position":3,"name":"Creme de colora\u00e7\u00e3o permanente Igora 6-77 louro escuro acobreado intenso 60 ml &#8211; SCHWARZKOPF"}]},{"@type":"WebSite","@id":"https:\/\/kzprofesional.com\/#website","url":"https:\/\/kzprofesional.com\/","name":"KZ Profesional","description":"","publisher":{"@id":"https:\/\/kzprofesional.com\/#organization"},"potentialAction":[{"@type":"SearchAction","target":{"@type":"EntryPoint","urlTemplate":"https:\/\/kzprofesional.com\/?s={search_term_string}"},"query-input":{"@type":"PropertyValueSpecification","valueRequired":true,"valueName":"search_term_string"}}],"inLanguage":"pt-PT"},{"@type":"Organization","@id":"https:\/\/kzprofesional.com\/#organization","name":"Imperio Barber Shop","url":"https:\/\/kzprofesional.com\/","logo":{"@type":"ImageObject","inLanguage":"pt-PT","@id":"https:\/\/kzprofesional.com\/#\/schema\/logo\/image\/","url":"https:\/\/kzprofesional.com\/wp-content\/uploads\/2021\/09\/Logo-Imperio-Barber-Shop.png","contentUrl":"https:\/\/kzprofesional.com\/wp-content\/uploads\/2021\/09\/Logo-Imperio-Barber-Shop.png","width":128,"height":128,"caption":"Imperio Barber Shop"},"image":{"@id":"https:\/\/kzprofesional.com\/#\/schema\/logo\/image\/"}}]}},"_links":{"self":[{"href":"https:\/\/kzprofesional.com\/pt-pt\/wp-json\/wp\/v2\/product\/80259","targetHints":{"allow":["GET"]}}],"collection":[{"href":"https:\/\/kzprofesional.com\/pt-pt\/wp-json\/wp\/v2\/product"}],"about":[{"href":"https:\/\/kzprofesional.com\/pt-pt\/wp-json\/wp\/v2\/types\/product"}],"wp:featuredmedia":[{"embeddable":true,"href":"https:\/\/kzprofesional.com\/pt-pt\/wp-json\/wp\/v2\/media\/80260"}],"wp:attachment":[{"href":"https:\/\/kzprofesional.com\/pt-pt\/wp-json\/wp\/v2\/media?parent=80259"}],"wp:term":[{"taxonomy":"product_brand","embeddable":true,"href":"https:\/\/kzprofesional.com\/pt-pt\/wp-json\/wp\/v2\/product_brand?post=80259"},{"taxonomy":"product_cat","embeddable":true,"href":"https:\/\/kzprofesional.com\/pt-pt\/wp-json\/wp\/v2\/product_cat?post=80259"},{"taxonomy":"product_tag","embeddable":true,"href":"https:\/\/kzprofesional.com\/pt-pt\/wp-json\/wp\/v2\/product_tag?post=80259"}],"curies":[{"name":"wp","href":"https:\/\/api.w.org\/{rel}","templated":true}]}}