

{"id":80975,"date":"2021-11-17T02:13:10","date_gmt":"2021-11-17T01:13:10","guid":{"rendered":"https:\/\/kzprofesional.com\/oleo-lubrificante-1183-ml-wahl\/"},"modified":"2026-04-28T13:46:13","modified_gmt":"2026-04-28T11:46:13","slug":"oleo-lubrificante-1183-ml-wahl","status":"publish","type":"product","link":"https:\/\/kzprofesional.com\/pt-pt\/produto\/oleo-lubrificante-1183-ml-wahl\/","title":{"rendered":"\u00d3LEO LUBRIFICANTE 118,3 ML &#8211; WAHL"},"content":{"rendered":"<p>O \u00f3leo lubrificante Wahl foi formulado para proteger a vida \u00fatil das l\u00e2minas, evitando sobreaquecimentos e fric\u00e7\u00e3o. Bastam algumas gotas de \u00f3leo lubrificante Wahl por cada corte.<\/p>\n","protected":false},"excerpt":{"rendered":"<p>O \u00f3leo lubrificante Wahl foi formulado para proteger a vida \u00fatil das l\u00e2minas, evitando sobreaquecimentos e fric\u00e7\u00e3o. Bastam algumas gotas de \u00f3leo lubrificante Wahl por cada corte.<\/p>\n","protected":false},"featured_media":65901,"template":"","meta":{"_acf_changed":false,"_jet_sm_ready_style":"","_jet_sm_style":"","_jet_sm_controls_values":"","_jet_sm_fonts_collection":"","_jet_sm_fonts_links":""},"product_brand":[],"product_cat":[774],"product_tag":[],"class_list":{"0":"post-80975","1":"product","2":"type-product","3":"status-publish","4":"has-post-thumbnail","6":"product_cat-acessorios","7":"sales-flash-overlay","8":"woocommerce-text-align-center","9":"woocommerce-image-align-center","10":"do-quantity-buttons","12":"first","13":"instock","14":"taxable","15":"shipping-taxable","16":"purchasable","17":"product-type-simple"},"bundled_by":[],"bundle_stock_status":"instock","bundle_stock_quantity":5,"bundle_virtual":false,"bundle_layout":"","bundle_add_to_cart_form_location":"","bundle_editable_in_cart":false,"bundle_sold_individually_context":"","bundle_item_grouping":"","bundle_min_size":"","bundle_max_size":"","bundle_price":[],"bundled_items":[],"bundle_sell_ids":[],"acf":[],"yoast_head":"<!-- This site is optimized with the Yoast SEO Premium plugin v25.9 (Yoast SEO v27.5) - https:\/\/yoast.com\/product\/yoast-seo-premium-wordpress\/ -->\n<title>\u00d3LEO LUBRIFICANTE 118,3 ML - WAHL - KZ Profesional<\/title>\n<meta name=\"description\" content=\"Formulado para proteger a vida \u00fatil das l\u00e2minas, evitando sobreaquecimentos e fric\u00e7\u00e3o. Bastam algumas gotas de \u00f3leo por cada corte.\" \/>\n<meta name=\"robots\" content=\"index, follow, max-snippet:-1, max-image-preview:large, max-video-preview:-1\" \/>\n<link rel=\"canonical\" href=\"https:\/\/kzprofesional.com\/producto\/aceite-lubricante-1183-ml\/\" \/>\n<meta property=\"og:locale\" content=\"pt_PT\" \/>\n<meta property=\"og:type\" content=\"article\" \/>\n<meta property=\"og:title\" content=\"\u00d3LEO LUBRIFICANTE 118,3 ML - WAHL\" \/>\n<meta property=\"og:description\" content=\"Formulado para proteger a vida \u00fatil das l\u00e2minas, evitando sobreaquecimentos e fric\u00e7\u00e3o. Bastam algumas gotas de \u00f3leo por cada corte.\" \/>\n<meta property=\"og:url\" content=\"https:\/\/kzprofesional.com\/producto\/aceite-lubricante-1183-ml\/\" \/>\n<meta property=\"og:site_name\" content=\"KZ Profesional\" \/>\n<meta property=\"article:modified_time\" content=\"2026-04-28T11:46:13+00:00\" \/>\n<meta property=\"og:image\" content=\"https:\/\/kzprofesional.com\/wp-content\/uploads\/15-1.png\" \/>\n\t<meta property=\"og:image:width\" content=\"2000\" \/>\n\t<meta property=\"og:image:height\" content=\"2000\" \/>\n\t<meta property=\"og:image:type\" content=\"image\/png\" \/>\n<meta name=\"twitter:card\" content=\"summary_large_image\" \/>\n<script type=\"application\/ld+json\" class=\"yoast-schema-graph\">{\"@context\":\"https:\\\/\\\/schema.org\",\"@graph\":[{\"@type\":\"WebPage\",\"@id\":\"https:\\\/\\\/kzprofesional.com\\\/producto\\\/aceite-lubricante-1183-ml\\\/\",\"url\":\"https:\\\/\\\/kzprofesional.com\\\/producto\\\/aceite-lubricante-1183-ml\\\/\",\"name\":\"\u00d3LEO LUBRIFICANTE 118,3 ML - WAHL - KZ Profesional\",\"isPartOf\":{\"@id\":\"https:\\\/\\\/kzprofesional.com\\\/#website\"},\"primaryImageOfPage\":{\"@id\":\"https:\\\/\\\/kzprofesional.com\\\/producto\\\/aceite-lubricante-1183-ml\\\/#primaryimage\"},\"image\":{\"@id\":\"https:\\\/\\\/kzprofesional.com\\\/producto\\\/aceite-lubricante-1183-ml\\\/#primaryimage\"},\"thumbnailUrl\":\"https:\\\/\\\/kzprofesional.com\\\/wp-content\\\/uploads\\\/15-1.png\",\"datePublished\":\"2021-11-17T01:13:10+00:00\",\"dateModified\":\"2026-04-28T11:46:13+00:00\",\"description\":\"Formulado para proteger a vida \u00fatil das l\u00e2minas, evitando sobreaquecimentos e fric\u00e7\u00e3o. Bastam algumas gotas de \u00f3leo por cada corte.\",\"breadcrumb\":{\"@id\":\"https:\\\/\\\/kzprofesional.com\\\/producto\\\/aceite-lubricante-1183-ml\\\/#breadcrumb\"},\"inLanguage\":\"pt-PT\",\"potentialAction\":[{\"@type\":\"ReadAction\",\"target\":[\"https:\\\/\\\/kzprofesional.com\\\/producto\\\/aceite-lubricante-1183-ml\\\/\"]}]},{\"@type\":\"ImageObject\",\"inLanguage\":\"pt-PT\",\"@id\":\"https:\\\/\\\/kzprofesional.com\\\/producto\\\/aceite-lubricante-1183-ml\\\/#primaryimage\",\"url\":\"https:\\\/\\\/kzprofesional.com\\\/wp-content\\\/uploads\\\/15-1.png\",\"contentUrl\":\"https:\\\/\\\/kzprofesional.com\\\/wp-content\\\/uploads\\\/15-1.png\",\"width\":2000,\"height\":2000},{\"@type\":\"BreadcrumbList\",\"@id\":\"https:\\\/\\\/kzprofesional.com\\\/producto\\\/aceite-lubricante-1183-ml\\\/#breadcrumb\",\"itemListElement\":[{\"@type\":\"ListItem\",\"position\":1,\"name\":\"P\u00e1gina inicial\",\"item\":\"https:\\\/\\\/kzprofesional.com\\\/\"},{\"@type\":\"ListItem\",\"position\":2,\"name\":\"Loja\",\"item\":\"https:\\\/\\\/kzprofesional.com\\\/pt-pt\\\/loja\\\/\"},{\"@type\":\"ListItem\",\"position\":3,\"name\":\"\u00d3LEO LUBRIFICANTE 118,3 ML &#8211; WAHL\"}]},{\"@type\":\"WebSite\",\"@id\":\"https:\\\/\\\/kzprofesional.com\\\/#website\",\"url\":\"https:\\\/\\\/kzprofesional.com\\\/\",\"name\":\"KZ Profesional\",\"description\":\"\",\"publisher\":{\"@id\":\"https:\\\/\\\/kzprofesional.com\\\/#organization\"},\"potentialAction\":[{\"@type\":\"SearchAction\",\"target\":{\"@type\":\"EntryPoint\",\"urlTemplate\":\"https:\\\/\\\/kzprofesional.com\\\/?s={search_term_string}\"},\"query-input\":{\"@type\":\"PropertyValueSpecification\",\"valueRequired\":true,\"valueName\":\"search_term_string\"}}],\"inLanguage\":\"pt-PT\"},{\"@type\":\"Organization\",\"@id\":\"https:\\\/\\\/kzprofesional.com\\\/#organization\",\"name\":\"Imperio Barber Shop\",\"url\":\"https:\\\/\\\/kzprofesional.com\\\/\",\"logo\":{\"@type\":\"ImageObject\",\"inLanguage\":\"pt-PT\",\"@id\":\"https:\\\/\\\/kzprofesional.com\\\/#\\\/schema\\\/logo\\\/image\\\/\",\"url\":\"https:\\\/\\\/kzprofesional.com\\\/wp-content\\\/uploads\\\/2021\\\/09\\\/Logo-Imperio-Barber-Shop.png\",\"contentUrl\":\"https:\\\/\\\/kzprofesional.com\\\/wp-content\\\/uploads\\\/2021\\\/09\\\/Logo-Imperio-Barber-Shop.png\",\"width\":128,\"height\":128,\"caption\":\"Imperio Barber Shop\"},\"image\":{\"@id\":\"https:\\\/\\\/kzprofesional.com\\\/#\\\/schema\\\/logo\\\/image\\\/\"}}]}<\/script>\n<!-- \/ Yoast SEO Premium plugin. -->","yoast_head_json":{"title":"\u00d3LEO LUBRIFICANTE 118,3 ML - WAHL - KZ Profesional","description":"Formulado para proteger a vida \u00fatil das l\u00e2minas, evitando sobreaquecimentos e fric\u00e7\u00e3o. Bastam algumas gotas de \u00f3leo por cada corte.","robots":{"index":"index","follow":"follow","max-snippet":"max-snippet:-1","max-image-preview":"max-image-preview:large","max-video-preview":"max-video-preview:-1"},"canonical":"https:\/\/kzprofesional.com\/producto\/aceite-lubricante-1183-ml\/","og_locale":"pt_PT","og_type":"article","og_title":"\u00d3LEO LUBRIFICANTE 118,3 ML - WAHL","og_description":"Formulado para proteger a vida \u00fatil das l\u00e2minas, evitando sobreaquecimentos e fric\u00e7\u00e3o. Bastam algumas gotas de \u00f3leo por cada corte.","og_url":"https:\/\/kzprofesional.com\/producto\/aceite-lubricante-1183-ml\/","og_site_name":"KZ Profesional","article_modified_time":"2026-04-28T11:46:13+00:00","og_image":[{"width":2000,"height":2000,"url":"https:\/\/kzprofesional.com\/wp-content\/uploads\/15-1.png","type":"image\/png"}],"twitter_card":"summary_large_image","schema":{"@context":"https:\/\/schema.org","@graph":[{"@type":"WebPage","@id":"https:\/\/kzprofesional.com\/producto\/aceite-lubricante-1183-ml\/","url":"https:\/\/kzprofesional.com\/producto\/aceite-lubricante-1183-ml\/","name":"\u00d3LEO LUBRIFICANTE 118,3 ML - WAHL - KZ Profesional","isPartOf":{"@id":"https:\/\/kzprofesional.com\/#website"},"primaryImageOfPage":{"@id":"https:\/\/kzprofesional.com\/producto\/aceite-lubricante-1183-ml\/#primaryimage"},"image":{"@id":"https:\/\/kzprofesional.com\/producto\/aceite-lubricante-1183-ml\/#primaryimage"},"thumbnailUrl":"https:\/\/kzprofesional.com\/wp-content\/uploads\/15-1.png","datePublished":"2021-11-17T01:13:10+00:00","dateModified":"2026-04-28T11:46:13+00:00","description":"Formulado para proteger a vida \u00fatil das l\u00e2minas, evitando sobreaquecimentos e fric\u00e7\u00e3o. Bastam algumas gotas de \u00f3leo por cada corte.","breadcrumb":{"@id":"https:\/\/kzprofesional.com\/producto\/aceite-lubricante-1183-ml\/#breadcrumb"},"inLanguage":"pt-PT","potentialAction":[{"@type":"ReadAction","target":["https:\/\/kzprofesional.com\/producto\/aceite-lubricante-1183-ml\/"]}]},{"@type":"ImageObject","inLanguage":"pt-PT","@id":"https:\/\/kzprofesional.com\/producto\/aceite-lubricante-1183-ml\/#primaryimage","url":"https:\/\/kzprofesional.com\/wp-content\/uploads\/15-1.png","contentUrl":"https:\/\/kzprofesional.com\/wp-content\/uploads\/15-1.png","width":2000,"height":2000},{"@type":"BreadcrumbList","@id":"https:\/\/kzprofesional.com\/producto\/aceite-lubricante-1183-ml\/#breadcrumb","itemListElement":[{"@type":"ListItem","position":1,"name":"P\u00e1gina inicial","item":"https:\/\/kzprofesional.com\/"},{"@type":"ListItem","position":2,"name":"Loja","item":"https:\/\/kzprofesional.com\/pt-pt\/loja\/"},{"@type":"ListItem","position":3,"name":"\u00d3LEO LUBRIFICANTE 118,3 ML &#8211; WAHL"}]},{"@type":"WebSite","@id":"https:\/\/kzprofesional.com\/#website","url":"https:\/\/kzprofesional.com\/","name":"KZ Profesional","description":"","publisher":{"@id":"https:\/\/kzprofesional.com\/#organization"},"potentialAction":[{"@type":"SearchAction","target":{"@type":"EntryPoint","urlTemplate":"https:\/\/kzprofesional.com\/?s={search_term_string}"},"query-input":{"@type":"PropertyValueSpecification","valueRequired":true,"valueName":"search_term_string"}}],"inLanguage":"pt-PT"},{"@type":"Organization","@id":"https:\/\/kzprofesional.com\/#organization","name":"Imperio Barber Shop","url":"https:\/\/kzprofesional.com\/","logo":{"@type":"ImageObject","inLanguage":"pt-PT","@id":"https:\/\/kzprofesional.com\/#\/schema\/logo\/image\/","url":"https:\/\/kzprofesional.com\/wp-content\/uploads\/2021\/09\/Logo-Imperio-Barber-Shop.png","contentUrl":"https:\/\/kzprofesional.com\/wp-content\/uploads\/2021\/09\/Logo-Imperio-Barber-Shop.png","width":128,"height":128,"caption":"Imperio Barber Shop"},"image":{"@id":"https:\/\/kzprofesional.com\/#\/schema\/logo\/image\/"}}]}},"_links":{"self":[{"href":"https:\/\/kzprofesional.com\/pt-pt\/wp-json\/wp\/v2\/product\/80975","targetHints":{"allow":["GET"]}}],"collection":[{"href":"https:\/\/kzprofesional.com\/pt-pt\/wp-json\/wp\/v2\/product"}],"about":[{"href":"https:\/\/kzprofesional.com\/pt-pt\/wp-json\/wp\/v2\/types\/product"}],"wp:featuredmedia":[{"embeddable":true,"href":"https:\/\/kzprofesional.com\/pt-pt\/wp-json\/wp\/v2\/media\/65901"}],"wp:attachment":[{"href":"https:\/\/kzprofesional.com\/pt-pt\/wp-json\/wp\/v2\/media?parent=80975"}],"wp:term":[{"taxonomy":"product_brand","embeddable":true,"href":"https:\/\/kzprofesional.com\/pt-pt\/wp-json\/wp\/v2\/product_brand?post=80975"},{"taxonomy":"product_cat","embeddable":true,"href":"https:\/\/kzprofesional.com\/pt-pt\/wp-json\/wp\/v2\/product_cat?post=80975"},{"taxonomy":"product_tag","embeddable":true,"href":"https:\/\/kzprofesional.com\/pt-pt\/wp-json\/wp\/v2\/product_tag?post=80975"}],"curies":[{"name":"wp","href":"https:\/\/api.w.org\/{rel}","templated":true}]}}