

{"id":81275,"date":"2021-11-17T02:13:38","date_gmt":"2021-11-17T01:13:38","guid":{"rendered":"https:\/\/kzprofesional.com\/body-shaper-cool-150ml-lakme\/"},"modified":"2026-04-28T15:05:30","modified_gmt":"2026-04-28T13:05:30","slug":"body-shaper-cool-150ml-lakme","status":"publish","type":"product","link":"https:\/\/kzprofesional.com\/pt-pt\/body-shaper-cool-150ml-lakme\/","title":{"rendered":"Body Shaper Cool 150ml &#8211; LAKME"},"content":{"rendered":"<p>Quando quiser obter volume leve e solto, aplique uma pequena quantidade no cabelo h\u00famido. Tamb\u00e9m ideal para cabelo fino encaracolado.<\/p>\n<p><strong>BENEF\u00cdCIOS DO PRODUTO<\/strong><\/p>\n<p>Hidrata\u00e7\u00e3o e efeito sedoso.<br \/>\nDensidade capilar.<br \/>\nVolume e brilho natural.<br \/>\nResist\u00eancia \u00e0 quebra.<br \/>\nElimina o frizz.<br \/>\nProte\u00e7\u00e3o t\u00e9rmica.<\/p>\n<p><b>\u00cdNDICE DE FIXA\u00c7\u00c3O<br \/>\n<\/b><\/p>\n<p><strong>2<\/strong><\/p>\n<p><b>Jojoba Oil complex:<br \/>\n<\/b>Emoliente natural premium, derivado do \u00f3leo de jojoba, concentrado e rico em antioxidantes. Obtido por m\u00e9todos sustent\u00e1veis.<\/p>\n<p><b>Microprote\u00ednas veganas de soja e arroz biol\u00f3gicos:<br \/>\n<\/b>Reconstr\u00f3i a fibra capilar a partir do interior com efeito duradouro. Efeito recarga.<\/p>\n<p><b>Panthenol:<br \/>\n<\/b>Atua como humectante e hidratante e melhora a resist\u00eancia ao stress mec\u00e2nico da secagem.<\/p>\n<p><strong>APLICA\u00c7\u00c3O<br \/>\n<\/strong>Pulverizar sobre o cabelo h\u00famido, da raiz \u00e0s pontas. Pentear e secar.<\/p>\n<p><strong>FRAGR\u00c2NCIA<br \/>\n<\/strong>Fragr\u00e2ncia verde amadeirada com notas subtis de alm\u00edscar.<\/p>\n<p><strong>INGREDIENTES<br \/>\n<\/strong><small>AQUA (WATER); VP \/ VA COPOLYMER; ALCOHOL DENAT.; PEG-40 HYDROGENATED CASTOR OIL; HYDROXYPROPYLTRIMONIUM HYDROLYZED WHEAT PROTEIN; FRAGRANCE (PARFUM); PHENOXYETHANOL; PANTHENOL; HYDROLYZED VEGETABLE PROTEIN; CHLORPHENESIN; PEG-7 GLYCERYL COCOATE; GLYCERETH-7; JOJOBA ESTERS; JOJOBA ALCOHOL; SODIUM BENZOATE; GLYCERIN; PROPANEDIOL; TOCOPHEROL<\/small><\/p>\n","protected":false},"excerpt":{"rendered":"<p>Quando quiser obter volume leve e solto, aplique uma pequena quantidade no cabelo h\u00famido. Tamb\u00e9m ideal para cabelo fino encaracolado. BENEF\u00cdCIOS DO PRODUTO Hidrata\u00e7\u00e3o e efeito sedoso. Densidade capilar. Volume e brilho natural. Resist\u00eancia \u00e0 quebra. Elimina o frizz. Prote\u00e7\u00e3o t\u00e9rmica. \u00cdNDICE DE FIXA\u00c7\u00c3O 2 Jojoba Oil complex: Emoliente natural premium, derivado do \u00f3leo de &#8230; <a title=\"Body Shaper Cool 150ml &#8211; LAKME\" class=\"read-more\" href=\"https:\/\/kzprofesional.com\/pt-pt\/body-shaper-cool-150ml-lakme\/\" aria-label=\"Leia mais sobre Body Shaper Cool 150ml &#8211; LAKME\">Ler mais<\/a><\/p>\n","protected":false},"featured_media":81276,"template":"","meta":{"_acf_changed":false,"_jet_sm_ready_style":"","_jet_sm_style":"","_jet_sm_controls_values":"","_jet_sm_fonts_collection":"","_jet_sm_fonts_links":""},"product_brand":[],"product_cat":[764],"product_tag":[],"class_list":{"0":"post-81275","1":"product","2":"type-product","3":"status-publish","4":"has-post-thumbnail","6":"product_cat-produtos-de-acabamento","7":"sales-flash-overlay","8":"woocommerce-text-align-center","9":"woocommerce-image-align-center","10":"do-quantity-buttons","12":"first","13":"instock","14":"taxable","15":"shipping-taxable","16":"purchasable","17":"product-type-simple"},"bundled_by":[],"bundle_stock_status":"instock","bundle_stock_quantity":30,"bundle_virtual":false,"bundle_layout":"","bundle_add_to_cart_form_location":"","bundle_editable_in_cart":false,"bundle_sold_individually_context":"","bundle_item_grouping":"","bundle_min_size":"","bundle_max_size":"","bundle_price":[],"bundled_items":[],"bundle_sell_ids":[],"acf":[],"yoast_head":"<!-- This site is optimized with the Yoast SEO Premium plugin v25.9 (Yoast SEO v27.5) - https:\/\/yoast.com\/product\/yoast-seo-premium-wordpress\/ -->\n<title>Body Shaper Cool 150ml - LAKME - KZ Profesional<\/title>\n<meta name=\"description\" content=\"Quando quiser obter volume leve e solto, aplique uma pequena quantidade no cabelo h\u00famido. Tamb\u00e9m ideal para cabelo fino encaracolado.\" \/>\n<meta name=\"robots\" content=\"index, follow, max-snippet:-1, max-image-preview:large, max-video-preview:-1\" \/>\n<link rel=\"canonical\" href=\"https:\/\/kzprofesional.com\/pt-pt\/body-shaper-cool-150ml-lakme\/\" \/>\n<meta property=\"og:locale\" content=\"pt_PT\" \/>\n<meta property=\"og:type\" content=\"article\" \/>\n<meta property=\"og:title\" content=\"Body Shaper Cool 150ml - LAKME\" \/>\n<meta property=\"og:description\" content=\"Quando quiser obter volume leve e solto, aplique uma pequena quantidade no cabelo h\u00famido. Tamb\u00e9m ideal para cabelo fino encaracolado.\" \/>\n<meta property=\"og:url\" content=\"https:\/\/kzprofesional.com\/pt-pt\/body-shaper-cool-150ml-lakme\/\" \/>\n<meta property=\"og:site_name\" content=\"KZ Profesional\" \/>\n<meta property=\"article:modified_time\" content=\"2026-04-28T13:05:30+00:00\" \/>\n<meta property=\"og:image\" content=\"https:\/\/kzprofesional.com\/wp-content\/uploads\/BODY-SHAPER-COOL-250ML-LAKME.jpg\" \/>\n\t<meta property=\"og:image:width\" content=\"1500\" \/>\n\t<meta property=\"og:image:height\" content=\"1500\" \/>\n\t<meta property=\"og:image:type\" content=\"image\/jpeg\" \/>\n<meta name=\"twitter:card\" content=\"summary_large_image\" \/>\n<script type=\"application\/ld+json\" class=\"yoast-schema-graph\">{\"@context\":\"https:\\\/\\\/schema.org\",\"@graph\":[{\"@type\":\"WebPage\",\"@id\":\"https:\\\/\\\/kzprofesional.com\\\/pt-pt\\\/body-shaper-cool-150ml-lakme\\\/\",\"url\":\"https:\\\/\\\/kzprofesional.com\\\/pt-pt\\\/body-shaper-cool-150ml-lakme\\\/\",\"name\":\"Body Shaper Cool 150ml - LAKME - KZ Profesional\",\"isPartOf\":{\"@id\":\"https:\\\/\\\/kzprofesional.com\\\/#website\"},\"primaryImageOfPage\":{\"@id\":\"https:\\\/\\\/kzprofesional.com\\\/pt-pt\\\/body-shaper-cool-150ml-lakme\\\/#primaryimage\"},\"image\":{\"@id\":\"https:\\\/\\\/kzprofesional.com\\\/pt-pt\\\/body-shaper-cool-150ml-lakme\\\/#primaryimage\"},\"thumbnailUrl\":\"https:\\\/\\\/kzprofesional.com\\\/wp-content\\\/uploads\\\/BODY-SHAPER-COOL-250ML-LAKME.jpg\",\"datePublished\":\"2021-11-17T01:13:38+00:00\",\"dateModified\":\"2026-04-28T13:05:30+00:00\",\"description\":\"Quando quiser obter volume leve e solto, aplique uma pequena quantidade no cabelo h\u00famido. Tamb\u00e9m ideal para cabelo fino encaracolado.\",\"breadcrumb\":{\"@id\":\"https:\\\/\\\/kzprofesional.com\\\/pt-pt\\\/body-shaper-cool-150ml-lakme\\\/#breadcrumb\"},\"inLanguage\":\"pt-PT\",\"potentialAction\":[{\"@type\":\"ReadAction\",\"target\":[\"https:\\\/\\\/kzprofesional.com\\\/pt-pt\\\/body-shaper-cool-150ml-lakme\\\/\"]}]},{\"@type\":\"ImageObject\",\"inLanguage\":\"pt-PT\",\"@id\":\"https:\\\/\\\/kzprofesional.com\\\/pt-pt\\\/body-shaper-cool-150ml-lakme\\\/#primaryimage\",\"url\":\"https:\\\/\\\/kzprofesional.com\\\/wp-content\\\/uploads\\\/BODY-SHAPER-COOL-250ML-LAKME.jpg\",\"contentUrl\":\"https:\\\/\\\/kzprofesional.com\\\/wp-content\\\/uploads\\\/BODY-SHAPER-COOL-250ML-LAKME.jpg\",\"width\":1500,\"height\":1500},{\"@type\":\"BreadcrumbList\",\"@id\":\"https:\\\/\\\/kzprofesional.com\\\/pt-pt\\\/body-shaper-cool-150ml-lakme\\\/#breadcrumb\",\"itemListElement\":[{\"@type\":\"ListItem\",\"position\":1,\"name\":\"P\u00e1gina inicial\",\"item\":\"https:\\\/\\\/kzprofesional.com\\\/pt-pt\\\/\"},{\"@type\":\"ListItem\",\"position\":2,\"name\":\"Loja\",\"item\":\"https:\\\/\\\/kzprofesional.com\\\/pt-pt\\\/loja\\\/\"},{\"@type\":\"ListItem\",\"position\":3,\"name\":\"Body Shaper Cool 150ml &#8211; LAKME\"}]},{\"@type\":\"WebSite\",\"@id\":\"https:\\\/\\\/kzprofesional.com\\\/#website\",\"url\":\"https:\\\/\\\/kzprofesional.com\\\/\",\"name\":\"KZ Profesional\",\"description\":\"\",\"publisher\":{\"@id\":\"https:\\\/\\\/kzprofesional.com\\\/#organization\"},\"potentialAction\":[{\"@type\":\"SearchAction\",\"target\":{\"@type\":\"EntryPoint\",\"urlTemplate\":\"https:\\\/\\\/kzprofesional.com\\\/?s={search_term_string}\"},\"query-input\":{\"@type\":\"PropertyValueSpecification\",\"valueRequired\":true,\"valueName\":\"search_term_string\"}}],\"inLanguage\":\"pt-PT\"},{\"@type\":\"Organization\",\"@id\":\"https:\\\/\\\/kzprofesional.com\\\/#organization\",\"name\":\"Imperio Barber Shop\",\"url\":\"https:\\\/\\\/kzprofesional.com\\\/\",\"logo\":{\"@type\":\"ImageObject\",\"inLanguage\":\"pt-PT\",\"@id\":\"https:\\\/\\\/kzprofesional.com\\\/#\\\/schema\\\/logo\\\/image\\\/\",\"url\":\"https:\\\/\\\/kzprofesional.com\\\/wp-content\\\/uploads\\\/2021\\\/09\\\/Logo-Imperio-Barber-Shop.png\",\"contentUrl\":\"https:\\\/\\\/kzprofesional.com\\\/wp-content\\\/uploads\\\/2021\\\/09\\\/Logo-Imperio-Barber-Shop.png\",\"width\":128,\"height\":128,\"caption\":\"Imperio Barber Shop\"},\"image\":{\"@id\":\"https:\\\/\\\/kzprofesional.com\\\/#\\\/schema\\\/logo\\\/image\\\/\"}}]}<\/script>\n<!-- \/ Yoast SEO Premium plugin. -->","yoast_head_json":{"title":"Body Shaper Cool 150ml - LAKME - KZ Profesional","description":"Quando quiser obter volume leve e solto, aplique uma pequena quantidade no cabelo h\u00famido. Tamb\u00e9m ideal para cabelo fino encaracolado.","robots":{"index":"index","follow":"follow","max-snippet":"max-snippet:-1","max-image-preview":"max-image-preview:large","max-video-preview":"max-video-preview:-1"},"canonical":"https:\/\/kzprofesional.com\/pt-pt\/body-shaper-cool-150ml-lakme\/","og_locale":"pt_PT","og_type":"article","og_title":"Body Shaper Cool 150ml - LAKME","og_description":"Quando quiser obter volume leve e solto, aplique uma pequena quantidade no cabelo h\u00famido. Tamb\u00e9m ideal para cabelo fino encaracolado.","og_url":"https:\/\/kzprofesional.com\/pt-pt\/body-shaper-cool-150ml-lakme\/","og_site_name":"KZ Profesional","article_modified_time":"2026-04-28T13:05:30+00:00","og_image":[{"width":1500,"height":1500,"url":"https:\/\/kzprofesional.com\/wp-content\/uploads\/BODY-SHAPER-COOL-250ML-LAKME.jpg","type":"image\/jpeg"}],"twitter_card":"summary_large_image","schema":{"@context":"https:\/\/schema.org","@graph":[{"@type":"WebPage","@id":"https:\/\/kzprofesional.com\/pt-pt\/body-shaper-cool-150ml-lakme\/","url":"https:\/\/kzprofesional.com\/pt-pt\/body-shaper-cool-150ml-lakme\/","name":"Body Shaper Cool 150ml - LAKME - KZ Profesional","isPartOf":{"@id":"https:\/\/kzprofesional.com\/#website"},"primaryImageOfPage":{"@id":"https:\/\/kzprofesional.com\/pt-pt\/body-shaper-cool-150ml-lakme\/#primaryimage"},"image":{"@id":"https:\/\/kzprofesional.com\/pt-pt\/body-shaper-cool-150ml-lakme\/#primaryimage"},"thumbnailUrl":"https:\/\/kzprofesional.com\/wp-content\/uploads\/BODY-SHAPER-COOL-250ML-LAKME.jpg","datePublished":"2021-11-17T01:13:38+00:00","dateModified":"2026-04-28T13:05:30+00:00","description":"Quando quiser obter volume leve e solto, aplique uma pequena quantidade no cabelo h\u00famido. Tamb\u00e9m ideal para cabelo fino encaracolado.","breadcrumb":{"@id":"https:\/\/kzprofesional.com\/pt-pt\/body-shaper-cool-150ml-lakme\/#breadcrumb"},"inLanguage":"pt-PT","potentialAction":[{"@type":"ReadAction","target":["https:\/\/kzprofesional.com\/pt-pt\/body-shaper-cool-150ml-lakme\/"]}]},{"@type":"ImageObject","inLanguage":"pt-PT","@id":"https:\/\/kzprofesional.com\/pt-pt\/body-shaper-cool-150ml-lakme\/#primaryimage","url":"https:\/\/kzprofesional.com\/wp-content\/uploads\/BODY-SHAPER-COOL-250ML-LAKME.jpg","contentUrl":"https:\/\/kzprofesional.com\/wp-content\/uploads\/BODY-SHAPER-COOL-250ML-LAKME.jpg","width":1500,"height":1500},{"@type":"BreadcrumbList","@id":"https:\/\/kzprofesional.com\/pt-pt\/body-shaper-cool-150ml-lakme\/#breadcrumb","itemListElement":[{"@type":"ListItem","position":1,"name":"P\u00e1gina inicial","item":"https:\/\/kzprofesional.com\/pt-pt\/"},{"@type":"ListItem","position":2,"name":"Loja","item":"https:\/\/kzprofesional.com\/pt-pt\/loja\/"},{"@type":"ListItem","position":3,"name":"Body Shaper Cool 150ml &#8211; LAKME"}]},{"@type":"WebSite","@id":"https:\/\/kzprofesional.com\/#website","url":"https:\/\/kzprofesional.com\/","name":"KZ Profesional","description":"","publisher":{"@id":"https:\/\/kzprofesional.com\/#organization"},"potentialAction":[{"@type":"SearchAction","target":{"@type":"EntryPoint","urlTemplate":"https:\/\/kzprofesional.com\/?s={search_term_string}"},"query-input":{"@type":"PropertyValueSpecification","valueRequired":true,"valueName":"search_term_string"}}],"inLanguage":"pt-PT"},{"@type":"Organization","@id":"https:\/\/kzprofesional.com\/#organization","name":"Imperio Barber Shop","url":"https:\/\/kzprofesional.com\/","logo":{"@type":"ImageObject","inLanguage":"pt-PT","@id":"https:\/\/kzprofesional.com\/#\/schema\/logo\/image\/","url":"https:\/\/kzprofesional.com\/wp-content\/uploads\/2021\/09\/Logo-Imperio-Barber-Shop.png","contentUrl":"https:\/\/kzprofesional.com\/wp-content\/uploads\/2021\/09\/Logo-Imperio-Barber-Shop.png","width":128,"height":128,"caption":"Imperio Barber Shop"},"image":{"@id":"https:\/\/kzprofesional.com\/#\/schema\/logo\/image\/"}}]}},"_links":{"self":[{"href":"https:\/\/kzprofesional.com\/pt-pt\/wp-json\/wp\/v2\/product\/81275","targetHints":{"allow":["GET"]}}],"collection":[{"href":"https:\/\/kzprofesional.com\/pt-pt\/wp-json\/wp\/v2\/product"}],"about":[{"href":"https:\/\/kzprofesional.com\/pt-pt\/wp-json\/wp\/v2\/types\/product"}],"wp:featuredmedia":[{"embeddable":true,"href":"https:\/\/kzprofesional.com\/pt-pt\/wp-json\/wp\/v2\/media\/81276"}],"wp:attachment":[{"href":"https:\/\/kzprofesional.com\/pt-pt\/wp-json\/wp\/v2\/media?parent=81275"}],"wp:term":[{"taxonomy":"product_brand","embeddable":true,"href":"https:\/\/kzprofesional.com\/pt-pt\/wp-json\/wp\/v2\/product_brand?post=81275"},{"taxonomy":"product_cat","embeddable":true,"href":"https:\/\/kzprofesional.com\/pt-pt\/wp-json\/wp\/v2\/product_cat?post=81275"},{"taxonomy":"product_tag","embeddable":true,"href":"https:\/\/kzprofesional.com\/pt-pt\/wp-json\/wp\/v2\/product_tag?post=81275"}],"curies":[{"name":"wp","href":"https:\/\/api.w.org\/{rel}","templated":true}]}}