

{"id":81406,"date":"2021-11-17T02:13:52","date_gmt":"2021-11-17T01:13:52","guid":{"rendered":"https:\/\/kzprofesional.com\/carril-metalico-super-taper\/"},"modified":"2026-04-28T16:57:36","modified_gmt":"2026-04-28T14:57:36","slug":"carril-metalico-super-taper","status":"publish","type":"product","link":"https:\/\/kzprofesional.com\/pt-pt\/produto\/carril-metalico-super-taper\/","title":{"rendered":"Carril met\u00e1lico SUPER TAPER &#8211;"},"content":{"rendered":"<p>Ponte met\u00e1lico de substitui\u00e7\u00e3o para m\u00e1quinas Wahl. Pe\u00e7a de substitui\u00e7\u00e3o do ponte met\u00e1lico onde ficam presas as l\u00e2minas das m\u00e1quinas Wahl com cabo ou bateria, como Legend, Super Taper e Magic Clip.<\/p>\n","protected":false},"excerpt":{"rendered":"<p>Ponte met\u00e1lico de substitui\u00e7\u00e3o para m\u00e1quinas Wahl. Pe\u00e7a de substitui\u00e7\u00e3o do ponte met\u00e1lico onde ficam presas as l\u00e2minas das m\u00e1quinas Wahl com cabo ou bateria, como Legend, Super Taper e Magic Clip.<\/p>\n","protected":false},"featured_media":65436,"template":"","meta":{"_acf_changed":false,"_jet_sm_ready_style":"","_jet_sm_style":"","_jet_sm_controls_values":"","_jet_sm_fonts_collection":"","_jet_sm_fonts_links":""},"product_brand":[],"product_cat":[774],"product_tag":[],"class_list":{"0":"post-81406","1":"product","2":"type-product","3":"status-publish","4":"has-post-thumbnail","6":"product_cat-acessorios","7":"sales-flash-overlay","8":"woocommerce-text-align-center","9":"woocommerce-image-align-center","10":"do-quantity-buttons","12":"first","13":"outofstock","14":"taxable","15":"shipping-taxable","16":"purchasable","17":"product-type-simple"},"bundled_by":[],"bundle_stock_status":"outofstock","bundle_stock_quantity":0,"bundle_virtual":false,"bundle_layout":"","bundle_add_to_cart_form_location":"","bundle_editable_in_cart":false,"bundle_sold_individually_context":"","bundle_item_grouping":"","bundle_min_size":"","bundle_max_size":"","bundle_price":[],"bundled_items":[],"bundle_sell_ids":[],"acf":[],"yoast_head":"<!-- This site is optimized with the Yoast SEO Premium plugin v25.9 (Yoast SEO v27.5) - https:\/\/yoast.com\/product\/yoast-seo-premium-wordpress\/ -->\n<title>Carril met\u00e1lico SUPER TAPER - KZ Profesional<\/title>\n<meta name=\"robots\" content=\"index, follow, max-snippet:-1, max-image-preview:large, max-video-preview:-1\" \/>\n<link rel=\"canonical\" href=\"https:\/\/kzprofesional.com\/pt-pt\/produto\/carril-metalico-super-taper\/\" \/>\n<meta property=\"og:locale\" content=\"pt_PT\" \/>\n<meta property=\"og:type\" content=\"article\" \/>\n<meta property=\"og:title\" content=\"Carril met\u00e1lico SUPER TAPER -\" \/>\n<meta property=\"og:description\" content=\"Ponte met\u00e1lico de substitui\u00e7\u00e3o para m\u00e1quinas Wahl. Pe\u00e7a de substitui\u00e7\u00e3o do ponte met\u00e1lico onde ficam presas as l\u00e2minas das m\u00e1quinas Wahl com cabo ou bateria, como Legend, Super Taper e Magic Clip.\" \/>\n<meta property=\"og:url\" content=\"https:\/\/kzprofesional.com\/pt-pt\/produto\/carril-metalico-super-taper\/\" \/>\n<meta property=\"og:site_name\" content=\"KZ Profesional\" \/>\n<meta property=\"article:modified_time\" content=\"2026-04-28T14:57:36+00:00\" \/>\n<meta property=\"og:image\" content=\"https:\/\/kzprofesional.com\/wp-content\/uploads\/CARRIL-DE-METAL-SUPER-TAPER.png\" \/>\n\t<meta property=\"og:image:width\" content=\"1024\" \/>\n\t<meta property=\"og:image:height\" content=\"1024\" \/>\n\t<meta property=\"og:image:type\" content=\"image\/png\" \/>\n<meta name=\"twitter:card\" content=\"summary_large_image\" \/>\n<script type=\"application\/ld+json\" class=\"yoast-schema-graph\">{\"@context\":\"https:\\\/\\\/schema.org\",\"@graph\":[{\"@type\":\"WebPage\",\"@id\":\"https:\\\/\\\/kzprofesional.com\\\/pt-pt\\\/produto\\\/carril-metalico-super-taper\\\/\",\"url\":\"https:\\\/\\\/kzprofesional.com\\\/pt-pt\\\/produto\\\/carril-metalico-super-taper\\\/\",\"name\":\"Carril met\u00e1lico SUPER TAPER - KZ Profesional\",\"isPartOf\":{\"@id\":\"https:\\\/\\\/kzprofesional.com\\\/#website\"},\"primaryImageOfPage\":{\"@id\":\"https:\\\/\\\/kzprofesional.com\\\/pt-pt\\\/produto\\\/carril-metalico-super-taper\\\/#primaryimage\"},\"image\":{\"@id\":\"https:\\\/\\\/kzprofesional.com\\\/pt-pt\\\/produto\\\/carril-metalico-super-taper\\\/#primaryimage\"},\"thumbnailUrl\":\"https:\\\/\\\/kzprofesional.com\\\/wp-content\\\/uploads\\\/CARRIL-DE-METAL-SUPER-TAPER.png\",\"datePublished\":\"2021-11-17T01:13:52+00:00\",\"dateModified\":\"2026-04-28T14:57:36+00:00\",\"breadcrumb\":{\"@id\":\"https:\\\/\\\/kzprofesional.com\\\/pt-pt\\\/produto\\\/carril-metalico-super-taper\\\/#breadcrumb\"},\"inLanguage\":\"pt-PT\",\"potentialAction\":[{\"@type\":\"ReadAction\",\"target\":[\"https:\\\/\\\/kzprofesional.com\\\/pt-pt\\\/produto\\\/carril-metalico-super-taper\\\/\"]}]},{\"@type\":\"ImageObject\",\"inLanguage\":\"pt-PT\",\"@id\":\"https:\\\/\\\/kzprofesional.com\\\/pt-pt\\\/produto\\\/carril-metalico-super-taper\\\/#primaryimage\",\"url\":\"https:\\\/\\\/kzprofesional.com\\\/wp-content\\\/uploads\\\/CARRIL-DE-METAL-SUPER-TAPER.png\",\"contentUrl\":\"https:\\\/\\\/kzprofesional.com\\\/wp-content\\\/uploads\\\/CARRIL-DE-METAL-SUPER-TAPER.png\",\"width\":1024,\"height\":1024,\"caption\":\"CARRIL DE METAL S\u00daPER TAPER\"},{\"@type\":\"BreadcrumbList\",\"@id\":\"https:\\\/\\\/kzprofesional.com\\\/pt-pt\\\/produto\\\/carril-metalico-super-taper\\\/#breadcrumb\",\"itemListElement\":[{\"@type\":\"ListItem\",\"position\":1,\"name\":\"P\u00e1gina inicial\",\"item\":\"https:\\\/\\\/kzprofesional.com\\\/\"},{\"@type\":\"ListItem\",\"position\":2,\"name\":\"Loja\",\"item\":\"https:\\\/\\\/kzprofesional.com\\\/pt-pt\\\/loja\\\/\"},{\"@type\":\"ListItem\",\"position\":3,\"name\":\"Carril met\u00e1lico SUPER TAPER &#8211;\"}]},{\"@type\":\"WebSite\",\"@id\":\"https:\\\/\\\/kzprofesional.com\\\/#website\",\"url\":\"https:\\\/\\\/kzprofesional.com\\\/\",\"name\":\"KZ Profesional\",\"description\":\"\",\"publisher\":{\"@id\":\"https:\\\/\\\/kzprofesional.com\\\/#organization\"},\"potentialAction\":[{\"@type\":\"SearchAction\",\"target\":{\"@type\":\"EntryPoint\",\"urlTemplate\":\"https:\\\/\\\/kzprofesional.com\\\/?s={search_term_string}\"},\"query-input\":{\"@type\":\"PropertyValueSpecification\",\"valueRequired\":true,\"valueName\":\"search_term_string\"}}],\"inLanguage\":\"pt-PT\"},{\"@type\":\"Organization\",\"@id\":\"https:\\\/\\\/kzprofesional.com\\\/#organization\",\"name\":\"Imperio Barber Shop\",\"url\":\"https:\\\/\\\/kzprofesional.com\\\/\",\"logo\":{\"@type\":\"ImageObject\",\"inLanguage\":\"pt-PT\",\"@id\":\"https:\\\/\\\/kzprofesional.com\\\/#\\\/schema\\\/logo\\\/image\\\/\",\"url\":\"https:\\\/\\\/kzprofesional.com\\\/wp-content\\\/uploads\\\/2021\\\/09\\\/Logo-Imperio-Barber-Shop.png\",\"contentUrl\":\"https:\\\/\\\/kzprofesional.com\\\/wp-content\\\/uploads\\\/2021\\\/09\\\/Logo-Imperio-Barber-Shop.png\",\"width\":128,\"height\":128,\"caption\":\"Imperio Barber Shop\"},\"image\":{\"@id\":\"https:\\\/\\\/kzprofesional.com\\\/#\\\/schema\\\/logo\\\/image\\\/\"}}]}<\/script>\n<!-- \/ Yoast SEO Premium plugin. -->","yoast_head_json":{"title":"Carril met\u00e1lico SUPER TAPER - KZ Profesional","robots":{"index":"index","follow":"follow","max-snippet":"max-snippet:-1","max-image-preview":"max-image-preview:large","max-video-preview":"max-video-preview:-1"},"canonical":"https:\/\/kzprofesional.com\/pt-pt\/produto\/carril-metalico-super-taper\/","og_locale":"pt_PT","og_type":"article","og_title":"Carril met\u00e1lico SUPER TAPER -","og_description":"Ponte met\u00e1lico de substitui\u00e7\u00e3o para m\u00e1quinas Wahl. Pe\u00e7a de substitui\u00e7\u00e3o do ponte met\u00e1lico onde ficam presas as l\u00e2minas das m\u00e1quinas Wahl com cabo ou bateria, como Legend, Super Taper e Magic Clip.","og_url":"https:\/\/kzprofesional.com\/pt-pt\/produto\/carril-metalico-super-taper\/","og_site_name":"KZ Profesional","article_modified_time":"2026-04-28T14:57:36+00:00","og_image":[{"width":1024,"height":1024,"url":"https:\/\/kzprofesional.com\/wp-content\/uploads\/CARRIL-DE-METAL-SUPER-TAPER.png","type":"image\/png"}],"twitter_card":"summary_large_image","schema":{"@context":"https:\/\/schema.org","@graph":[{"@type":"WebPage","@id":"https:\/\/kzprofesional.com\/pt-pt\/produto\/carril-metalico-super-taper\/","url":"https:\/\/kzprofesional.com\/pt-pt\/produto\/carril-metalico-super-taper\/","name":"Carril met\u00e1lico SUPER TAPER - KZ Profesional","isPartOf":{"@id":"https:\/\/kzprofesional.com\/#website"},"primaryImageOfPage":{"@id":"https:\/\/kzprofesional.com\/pt-pt\/produto\/carril-metalico-super-taper\/#primaryimage"},"image":{"@id":"https:\/\/kzprofesional.com\/pt-pt\/produto\/carril-metalico-super-taper\/#primaryimage"},"thumbnailUrl":"https:\/\/kzprofesional.com\/wp-content\/uploads\/CARRIL-DE-METAL-SUPER-TAPER.png","datePublished":"2021-11-17T01:13:52+00:00","dateModified":"2026-04-28T14:57:36+00:00","breadcrumb":{"@id":"https:\/\/kzprofesional.com\/pt-pt\/produto\/carril-metalico-super-taper\/#breadcrumb"},"inLanguage":"pt-PT","potentialAction":[{"@type":"ReadAction","target":["https:\/\/kzprofesional.com\/pt-pt\/produto\/carril-metalico-super-taper\/"]}]},{"@type":"ImageObject","inLanguage":"pt-PT","@id":"https:\/\/kzprofesional.com\/pt-pt\/produto\/carril-metalico-super-taper\/#primaryimage","url":"https:\/\/kzprofesional.com\/wp-content\/uploads\/CARRIL-DE-METAL-SUPER-TAPER.png","contentUrl":"https:\/\/kzprofesional.com\/wp-content\/uploads\/CARRIL-DE-METAL-SUPER-TAPER.png","width":1024,"height":1024,"caption":"CARRIL DE METAL S\u00daPER TAPER"},{"@type":"BreadcrumbList","@id":"https:\/\/kzprofesional.com\/pt-pt\/produto\/carril-metalico-super-taper\/#breadcrumb","itemListElement":[{"@type":"ListItem","position":1,"name":"P\u00e1gina inicial","item":"https:\/\/kzprofesional.com\/"},{"@type":"ListItem","position":2,"name":"Loja","item":"https:\/\/kzprofesional.com\/pt-pt\/loja\/"},{"@type":"ListItem","position":3,"name":"Carril met\u00e1lico SUPER TAPER &#8211;"}]},{"@type":"WebSite","@id":"https:\/\/kzprofesional.com\/#website","url":"https:\/\/kzprofesional.com\/","name":"KZ Profesional","description":"","publisher":{"@id":"https:\/\/kzprofesional.com\/#organization"},"potentialAction":[{"@type":"SearchAction","target":{"@type":"EntryPoint","urlTemplate":"https:\/\/kzprofesional.com\/?s={search_term_string}"},"query-input":{"@type":"PropertyValueSpecification","valueRequired":true,"valueName":"search_term_string"}}],"inLanguage":"pt-PT"},{"@type":"Organization","@id":"https:\/\/kzprofesional.com\/#organization","name":"Imperio Barber Shop","url":"https:\/\/kzprofesional.com\/","logo":{"@type":"ImageObject","inLanguage":"pt-PT","@id":"https:\/\/kzprofesional.com\/#\/schema\/logo\/image\/","url":"https:\/\/kzprofesional.com\/wp-content\/uploads\/2021\/09\/Logo-Imperio-Barber-Shop.png","contentUrl":"https:\/\/kzprofesional.com\/wp-content\/uploads\/2021\/09\/Logo-Imperio-Barber-Shop.png","width":128,"height":128,"caption":"Imperio Barber Shop"},"image":{"@id":"https:\/\/kzprofesional.com\/#\/schema\/logo\/image\/"}}]}},"_links":{"self":[{"href":"https:\/\/kzprofesional.com\/pt-pt\/wp-json\/wp\/v2\/product\/81406","targetHints":{"allow":["GET"]}}],"collection":[{"href":"https:\/\/kzprofesional.com\/pt-pt\/wp-json\/wp\/v2\/product"}],"about":[{"href":"https:\/\/kzprofesional.com\/pt-pt\/wp-json\/wp\/v2\/types\/product"}],"wp:featuredmedia":[{"embeddable":true,"href":"https:\/\/kzprofesional.com\/pt-pt\/wp-json\/wp\/v2\/media\/65436"}],"wp:attachment":[{"href":"https:\/\/kzprofesional.com\/pt-pt\/wp-json\/wp\/v2\/media?parent=81406"}],"wp:term":[{"taxonomy":"product_brand","embeddable":true,"href":"https:\/\/kzprofesional.com\/pt-pt\/wp-json\/wp\/v2\/product_brand?post=81406"},{"taxonomy":"product_cat","embeddable":true,"href":"https:\/\/kzprofesional.com\/pt-pt\/wp-json\/wp\/v2\/product_cat?post=81406"},{"taxonomy":"product_tag","embeddable":true,"href":"https:\/\/kzprofesional.com\/pt-pt\/wp-json\/wp\/v2\/product_tag?post=81406"}],"curies":[{"name":"wp","href":"https:\/\/api.w.org\/{rel}","templated":true}]}}