

{"id":81893,"date":"2021-11-17T02:14:35","date_gmt":"2021-11-17T01:14:35","guid":{"rendered":"https:\/\/kzprofesional.com\/laminas-silvermax-100-unidades-partidas-verti\/"},"modified":"2026-04-28T21:04:27","modified_gmt":"2026-04-28T19:04:27","slug":"laminas-silvermax-100-unidades-partidas-verti","status":"publish","type":"product","link":"https:\/\/kzprofesional.com\/pt-pt\/produto\/laminas-silvermax-100-unidades-partidas-verti\/","title":{"rendered":"L\u00e2minas Silvermax 100 unidades partidas &#8211; VERTI"},"content":{"rendered":"<p>As l\u00e2minas de barbear Vertice Silvermax Platinum Coated t\u00eam duplo fio. Fabricadas em a\u00e7o sueco, t\u00eam as extremidades revestidas a pol\u00edmero.<\/p>\n","protected":false},"excerpt":{"rendered":"<p>As l\u00e2minas de barbear Vertice Silvermax Platinum Coated t\u00eam duplo fio. Fabricadas em a\u00e7o sueco, t\u00eam as extremidades revestidas a pol\u00edmero.<\/p>\n","protected":false},"featured_media":75386,"template":"","meta":{"_acf_changed":false,"_jet_sm_ready_style":"","_jet_sm_style":"","_jet_sm_controls_values":"","_jet_sm_fonts_collection":"","_jet_sm_fonts_links":""},"product_brand":[],"product_cat":[975],"product_tag":[],"class_list":{"0":"post-81893","1":"product","2":"type-product","3":"status-publish","4":"has-post-thumbnail","6":"product_cat-consumiveis","7":"sales-flash-overlay","8":"woocommerce-text-align-center","9":"woocommerce-image-align-center","10":"do-quantity-buttons","11":"wc-has-gallery","13":"first","14":"outofstock","15":"taxable","16":"shipping-taxable","17":"purchasable","18":"product-type-simple"},"bundled_by":[],"bundle_stock_status":"outofstock","bundle_stock_quantity":-2,"bundle_virtual":false,"bundle_layout":"","bundle_add_to_cart_form_location":"","bundle_editable_in_cart":false,"bundle_sold_individually_context":"","bundle_item_grouping":"","bundle_min_size":"","bundle_max_size":"","bundle_price":[],"bundled_items":[],"bundle_sell_ids":[],"acf":[],"yoast_head":"<!-- This site is optimized with the Yoast SEO Premium plugin v25.9 (Yoast SEO v27.5) - https:\/\/yoast.com\/product\/yoast-seo-premium-wordpress\/ -->\n<title>L\u00e2minas Silvermax 100 unidades partidas - VERTI - KZ Profesional<\/title>\n<meta name=\"description\" content=\"As l\u00e2minas de barbear Vertice Silvermax Platinum Coated t\u00eam duplo fio. Fabricadas em a\u00e7o sueco, t\u00eam as extremidades revestidas a pol\u00edmero.\" \/>\n<meta name=\"robots\" content=\"index, follow, max-snippet:-1, max-image-preview:large, max-video-preview:-1\" \/>\n<link rel=\"canonical\" href=\"https:\/\/kzprofesional.com\/producto\/cuchillas-silvermax-100-unidades-partidas\/\" \/>\n<meta property=\"og:locale\" content=\"pt_PT\" \/>\n<meta property=\"og:type\" content=\"article\" \/>\n<meta property=\"og:title\" content=\"L\u00e2minas Silvermax 100 unidades partidas - VERTI\" \/>\n<meta property=\"og:description\" content=\"As l\u00e2minas de barbear Vertice Silvermax Platinum Coated t\u00eam duplo fio. Fabricadas em a\u00e7o sueco, t\u00eam as extremidades revestidas a pol\u00edmero.\" \/>\n<meta property=\"og:url\" content=\"https:\/\/kzprofesional.com\/producto\/cuchillas-silvermax-100-unidades-partidas\/\" \/>\n<meta property=\"og:site_name\" content=\"KZ Profesional\" \/>\n<meta property=\"article:modified_time\" content=\"2026-04-28T19:04:27+00:00\" \/>\n<meta property=\"og:image\" content=\"https:\/\/kzprofesional.com\/wp-content\/uploads\/7CC3A808-2702-4D2E-A65F-2170C32E576B.jpeg\" \/>\n\t<meta property=\"og:image:width\" content=\"796\" \/>\n\t<meta property=\"og:image:height\" content=\"809\" \/>\n\t<meta property=\"og:image:type\" content=\"image\/jpeg\" \/>\n<meta name=\"twitter:card\" content=\"summary_large_image\" \/>\n<script type=\"application\/ld+json\" class=\"yoast-schema-graph\">{\"@context\":\"https:\\\/\\\/schema.org\",\"@graph\":[{\"@type\":\"WebPage\",\"@id\":\"https:\\\/\\\/kzprofesional.com\\\/producto\\\/cuchillas-silvermax-100-unidades-partidas\\\/\",\"url\":\"https:\\\/\\\/kzprofesional.com\\\/producto\\\/cuchillas-silvermax-100-unidades-partidas\\\/\",\"name\":\"L\u00e2minas Silvermax 100 unidades partidas - VERTI - KZ Profesional\",\"isPartOf\":{\"@id\":\"https:\\\/\\\/kzprofesional.com\\\/#website\"},\"primaryImageOfPage\":{\"@id\":\"https:\\\/\\\/kzprofesional.com\\\/producto\\\/cuchillas-silvermax-100-unidades-partidas\\\/#primaryimage\"},\"image\":{\"@id\":\"https:\\\/\\\/kzprofesional.com\\\/producto\\\/cuchillas-silvermax-100-unidades-partidas\\\/#primaryimage\"},\"thumbnailUrl\":\"https:\\\/\\\/kzprofesional.com\\\/wp-content\\\/uploads\\\/7CC3A808-2702-4D2E-A65F-2170C32E576B.jpeg\",\"datePublished\":\"2021-11-17T01:14:35+00:00\",\"dateModified\":\"2026-04-28T19:04:27+00:00\",\"description\":\"As l\u00e2minas de barbear Vertice Silvermax Platinum Coated t\u00eam duplo fio. Fabricadas em a\u00e7o sueco, t\u00eam as extremidades revestidas a pol\u00edmero.\",\"breadcrumb\":{\"@id\":\"https:\\\/\\\/kzprofesional.com\\\/producto\\\/cuchillas-silvermax-100-unidades-partidas\\\/#breadcrumb\"},\"inLanguage\":\"pt-PT\",\"potentialAction\":[{\"@type\":\"ReadAction\",\"target\":[\"https:\\\/\\\/kzprofesional.com\\\/producto\\\/cuchillas-silvermax-100-unidades-partidas\\\/\"]}]},{\"@type\":\"ImageObject\",\"inLanguage\":\"pt-PT\",\"@id\":\"https:\\\/\\\/kzprofesional.com\\\/producto\\\/cuchillas-silvermax-100-unidades-partidas\\\/#primaryimage\",\"url\":\"https:\\\/\\\/kzprofesional.com\\\/wp-content\\\/uploads\\\/7CC3A808-2702-4D2E-A65F-2170C32E576B.jpeg\",\"contentUrl\":\"https:\\\/\\\/kzprofesional.com\\\/wp-content\\\/uploads\\\/7CC3A808-2702-4D2E-A65F-2170C32E576B.jpeg\",\"width\":796,\"height\":809},{\"@type\":\"BreadcrumbList\",\"@id\":\"https:\\\/\\\/kzprofesional.com\\\/producto\\\/cuchillas-silvermax-100-unidades-partidas\\\/#breadcrumb\",\"itemListElement\":[{\"@type\":\"ListItem\",\"position\":1,\"name\":\"P\u00e1gina inicial\",\"item\":\"https:\\\/\\\/kzprofesional.com\\\/\"},{\"@type\":\"ListItem\",\"position\":2,\"name\":\"Loja\",\"item\":\"https:\\\/\\\/kzprofesional.com\\\/pt-pt\\\/loja\\\/\"},{\"@type\":\"ListItem\",\"position\":3,\"name\":\"L\u00e2minas Silvermax 100 unidades partidas &#8211; VERTI\"}]},{\"@type\":\"WebSite\",\"@id\":\"https:\\\/\\\/kzprofesional.com\\\/#website\",\"url\":\"https:\\\/\\\/kzprofesional.com\\\/\",\"name\":\"KZ Profesional\",\"description\":\"\",\"publisher\":{\"@id\":\"https:\\\/\\\/kzprofesional.com\\\/#organization\"},\"potentialAction\":[{\"@type\":\"SearchAction\",\"target\":{\"@type\":\"EntryPoint\",\"urlTemplate\":\"https:\\\/\\\/kzprofesional.com\\\/?s={search_term_string}\"},\"query-input\":{\"@type\":\"PropertyValueSpecification\",\"valueRequired\":true,\"valueName\":\"search_term_string\"}}],\"inLanguage\":\"pt-PT\"},{\"@type\":\"Organization\",\"@id\":\"https:\\\/\\\/kzprofesional.com\\\/#organization\",\"name\":\"Imperio Barber Shop\",\"url\":\"https:\\\/\\\/kzprofesional.com\\\/\",\"logo\":{\"@type\":\"ImageObject\",\"inLanguage\":\"pt-PT\",\"@id\":\"https:\\\/\\\/kzprofesional.com\\\/#\\\/schema\\\/logo\\\/image\\\/\",\"url\":\"https:\\\/\\\/kzprofesional.com\\\/wp-content\\\/uploads\\\/2021\\\/09\\\/Logo-Imperio-Barber-Shop.png\",\"contentUrl\":\"https:\\\/\\\/kzprofesional.com\\\/wp-content\\\/uploads\\\/2021\\\/09\\\/Logo-Imperio-Barber-Shop.png\",\"width\":128,\"height\":128,\"caption\":\"Imperio Barber Shop\"},\"image\":{\"@id\":\"https:\\\/\\\/kzprofesional.com\\\/#\\\/schema\\\/logo\\\/image\\\/\"}}]}<\/script>\n<!-- \/ Yoast SEO Premium plugin. -->","yoast_head_json":{"title":"L\u00e2minas Silvermax 100 unidades partidas - VERTI - KZ Profesional","description":"As l\u00e2minas de barbear Vertice Silvermax Platinum Coated t\u00eam duplo fio. Fabricadas em a\u00e7o sueco, t\u00eam as extremidades revestidas a pol\u00edmero.","robots":{"index":"index","follow":"follow","max-snippet":"max-snippet:-1","max-image-preview":"max-image-preview:large","max-video-preview":"max-video-preview:-1"},"canonical":"https:\/\/kzprofesional.com\/producto\/cuchillas-silvermax-100-unidades-partidas\/","og_locale":"pt_PT","og_type":"article","og_title":"L\u00e2minas Silvermax 100 unidades partidas - VERTI","og_description":"As l\u00e2minas de barbear Vertice Silvermax Platinum Coated t\u00eam duplo fio. Fabricadas em a\u00e7o sueco, t\u00eam as extremidades revestidas a pol\u00edmero.","og_url":"https:\/\/kzprofesional.com\/producto\/cuchillas-silvermax-100-unidades-partidas\/","og_site_name":"KZ Profesional","article_modified_time":"2026-04-28T19:04:27+00:00","og_image":[{"width":796,"height":809,"url":"https:\/\/kzprofesional.com\/wp-content\/uploads\/7CC3A808-2702-4D2E-A65F-2170C32E576B.jpeg","type":"image\/jpeg"}],"twitter_card":"summary_large_image","schema":{"@context":"https:\/\/schema.org","@graph":[{"@type":"WebPage","@id":"https:\/\/kzprofesional.com\/producto\/cuchillas-silvermax-100-unidades-partidas\/","url":"https:\/\/kzprofesional.com\/producto\/cuchillas-silvermax-100-unidades-partidas\/","name":"L\u00e2minas Silvermax 100 unidades partidas - VERTI - KZ Profesional","isPartOf":{"@id":"https:\/\/kzprofesional.com\/#website"},"primaryImageOfPage":{"@id":"https:\/\/kzprofesional.com\/producto\/cuchillas-silvermax-100-unidades-partidas\/#primaryimage"},"image":{"@id":"https:\/\/kzprofesional.com\/producto\/cuchillas-silvermax-100-unidades-partidas\/#primaryimage"},"thumbnailUrl":"https:\/\/kzprofesional.com\/wp-content\/uploads\/7CC3A808-2702-4D2E-A65F-2170C32E576B.jpeg","datePublished":"2021-11-17T01:14:35+00:00","dateModified":"2026-04-28T19:04:27+00:00","description":"As l\u00e2minas de barbear Vertice Silvermax Platinum Coated t\u00eam duplo fio. Fabricadas em a\u00e7o sueco, t\u00eam as extremidades revestidas a pol\u00edmero.","breadcrumb":{"@id":"https:\/\/kzprofesional.com\/producto\/cuchillas-silvermax-100-unidades-partidas\/#breadcrumb"},"inLanguage":"pt-PT","potentialAction":[{"@type":"ReadAction","target":["https:\/\/kzprofesional.com\/producto\/cuchillas-silvermax-100-unidades-partidas\/"]}]},{"@type":"ImageObject","inLanguage":"pt-PT","@id":"https:\/\/kzprofesional.com\/producto\/cuchillas-silvermax-100-unidades-partidas\/#primaryimage","url":"https:\/\/kzprofesional.com\/wp-content\/uploads\/7CC3A808-2702-4D2E-A65F-2170C32E576B.jpeg","contentUrl":"https:\/\/kzprofesional.com\/wp-content\/uploads\/7CC3A808-2702-4D2E-A65F-2170C32E576B.jpeg","width":796,"height":809},{"@type":"BreadcrumbList","@id":"https:\/\/kzprofesional.com\/producto\/cuchillas-silvermax-100-unidades-partidas\/#breadcrumb","itemListElement":[{"@type":"ListItem","position":1,"name":"P\u00e1gina inicial","item":"https:\/\/kzprofesional.com\/"},{"@type":"ListItem","position":2,"name":"Loja","item":"https:\/\/kzprofesional.com\/pt-pt\/loja\/"},{"@type":"ListItem","position":3,"name":"L\u00e2minas Silvermax 100 unidades partidas &#8211; VERTI"}]},{"@type":"WebSite","@id":"https:\/\/kzprofesional.com\/#website","url":"https:\/\/kzprofesional.com\/","name":"KZ Profesional","description":"","publisher":{"@id":"https:\/\/kzprofesional.com\/#organization"},"potentialAction":[{"@type":"SearchAction","target":{"@type":"EntryPoint","urlTemplate":"https:\/\/kzprofesional.com\/?s={search_term_string}"},"query-input":{"@type":"PropertyValueSpecification","valueRequired":true,"valueName":"search_term_string"}}],"inLanguage":"pt-PT"},{"@type":"Organization","@id":"https:\/\/kzprofesional.com\/#organization","name":"Imperio Barber Shop","url":"https:\/\/kzprofesional.com\/","logo":{"@type":"ImageObject","inLanguage":"pt-PT","@id":"https:\/\/kzprofesional.com\/#\/schema\/logo\/image\/","url":"https:\/\/kzprofesional.com\/wp-content\/uploads\/2021\/09\/Logo-Imperio-Barber-Shop.png","contentUrl":"https:\/\/kzprofesional.com\/wp-content\/uploads\/2021\/09\/Logo-Imperio-Barber-Shop.png","width":128,"height":128,"caption":"Imperio Barber Shop"},"image":{"@id":"https:\/\/kzprofesional.com\/#\/schema\/logo\/image\/"}}]}},"_links":{"self":[{"href":"https:\/\/kzprofesional.com\/pt-pt\/wp-json\/wp\/v2\/product\/81893","targetHints":{"allow":["GET"]}}],"collection":[{"href":"https:\/\/kzprofesional.com\/pt-pt\/wp-json\/wp\/v2\/product"}],"about":[{"href":"https:\/\/kzprofesional.com\/pt-pt\/wp-json\/wp\/v2\/types\/product"}],"wp:featuredmedia":[{"embeddable":true,"href":"https:\/\/kzprofesional.com\/pt-pt\/wp-json\/wp\/v2\/media\/75386"}],"wp:attachment":[{"href":"https:\/\/kzprofesional.com\/pt-pt\/wp-json\/wp\/v2\/media?parent=81893"}],"wp:term":[{"taxonomy":"product_brand","embeddable":true,"href":"https:\/\/kzprofesional.com\/pt-pt\/wp-json\/wp\/v2\/product_brand?post=81893"},{"taxonomy":"product_cat","embeddable":true,"href":"https:\/\/kzprofesional.com\/pt-pt\/wp-json\/wp\/v2\/product_cat?post=81893"},{"taxonomy":"product_tag","embeddable":true,"href":"https:\/\/kzprofesional.com\/pt-pt\/wp-json\/wp\/v2\/product_tag?post=81893"}],"curies":[{"name":"wp","href":"https:\/\/api.w.org\/{rel}","templated":true}]}}