

{"id":81928,"date":"2021-11-17T02:14:36","date_gmt":"2021-11-17T01:14:36","guid":{"rendered":"https:\/\/kzprofesional.com\/laminas-premium-partidas-100-unidades-derby\/"},"modified":"2026-04-28T22:50:43","modified_gmt":"2026-04-28T20:50:43","slug":"laminas-premium-partidas-100-unidades-derby","status":"publish","type":"product","link":"https:\/\/kzprofesional.com\/pt-pt\/produto\/laminas-premium-partidas-100-unidades-derby\/","title":{"rendered":"L\u00e2minas Premium partidas 100 unidades &#8211; DERBY"},"content":{"rendered":"<p><strong>L\u00e2minas de barbear Derby Premium partidas em meias l\u00e2minas. <\/strong><\/p>\n<p>Nova l\u00e2mina melhorada Derby Professional que facilita o trabalho dos barbeiros, pois vem j\u00e1 cortada e pronta a inserir diretamente na sua navalha de barbear, sem necessidade de partir cada l\u00e2mina.<\/p>\n<p><em>Caracter\u00edsticas:<\/em><\/p>\n<ul>\n<li>As l\u00e2minas de barbear s\u00e3o perfuradas, endurecidas e afiadas com recurso ao equipamento mais avan\u00e7ado.<\/li>\n<li>A Derby fabrica as suas l\u00e2minas de barbear com cr\u00f3mio-cer\u00e2mica-tungst\u00e9nio, platina e agora com fio de pol\u00edmero, conferindo for\u00e7a e robustez \u00e0 l\u00e2mina e prolongando assim a sua vida \u00fatil.<\/li>\n<\/ul>\n","protected":false},"excerpt":{"rendered":"<p>Os seus fios s\u00e3o especialmente revestidos com cr\u00f3mio, cer\u00e2mica, platina, tungst\u00e9nio e pol\u00edmero.<\/p>\n","protected":false},"featured_media":65081,"template":"","meta":{"_acf_changed":false,"_jet_sm_ready_style":"","_jet_sm_style":"","_jet_sm_controls_values":"","_jet_sm_fonts_collection":"","_jet_sm_fonts_links":""},"product_brand":[],"product_cat":[975],"product_tag":[],"class_list":{"0":"post-81928","1":"product","2":"type-product","3":"status-publish","4":"has-post-thumbnail","6":"product_cat-consumiveis","7":"sales-flash-overlay","8":"woocommerce-text-align-center","9":"woocommerce-image-align-center","10":"do-quantity-buttons","12":"first","13":"outofstock","14":"taxable","15":"shipping-taxable","16":"purchasable","17":"product-type-simple"},"bundled_by":[],"bundle_stock_status":"outofstock","bundle_stock_quantity":-5,"bundle_virtual":false,"bundle_layout":"","bundle_add_to_cart_form_location":"","bundle_editable_in_cart":false,"bundle_sold_individually_context":"","bundle_item_grouping":"","bundle_min_size":"","bundle_max_size":"","bundle_price":[],"bundled_items":[],"bundle_sell_ids":[],"acf":[],"yoast_head":"<!-- This site is optimized with the Yoast SEO Premium plugin v25.9 (Yoast SEO v27.5) - https:\/\/yoast.com\/product\/yoast-seo-premium-wordpress\/ -->\n<title>L\u00e2minas Premium partidas 100 unidades - DERBY - KZ Profesional<\/title>\n<meta name=\"description\" content=\"As l\u00e2minas Derby v\u00eam j\u00e1 cortadas e prontas a inserir diretamente na sua navalha de barbear, sem necessidade de partir cada l\u00e2mina.\" \/>\n<meta name=\"robots\" content=\"index, follow, max-snippet:-1, max-image-preview:large, max-video-preview:-1\" \/>\n<link rel=\"canonical\" href=\"https:\/\/kzprofesional.com\/producto\/cuchillas-premium-partidas-100-unidades\/\" \/>\n<meta property=\"og:locale\" content=\"pt_PT\" \/>\n<meta property=\"og:type\" content=\"article\" \/>\n<meta property=\"og:title\" content=\"L\u00e2minas Premium partidas 100 unidades - DERBY\" \/>\n<meta property=\"og:description\" content=\"As l\u00e2minas Derby v\u00eam j\u00e1 cortadas e prontas a inserir diretamente na sua navalha de barbear, sem necessidade de partir cada l\u00e2mina.\" \/>\n<meta property=\"og:url\" content=\"https:\/\/kzprofesional.com\/producto\/cuchillas-premium-partidas-100-unidades\/\" \/>\n<meta property=\"og:site_name\" content=\"KZ Profesional\" \/>\n<meta property=\"article:modified_time\" content=\"2026-04-28T20:50:43+00:00\" \/>\n<meta property=\"og:image\" content=\"https:\/\/kzprofesional.com\/wp-content\/uploads\/DERBY-CUCHILLAS-PREMIUM-PARTIDAS-100-UNIDADES-1.png\" \/>\n\t<meta property=\"og:image:width\" content=\"1024\" \/>\n\t<meta property=\"og:image:height\" content=\"1024\" \/>\n\t<meta property=\"og:image:type\" content=\"image\/png\" \/>\n<meta name=\"twitter:card\" content=\"summary_large_image\" \/>\n<script type=\"application\/ld+json\" class=\"yoast-schema-graph\">{\"@context\":\"https:\\\/\\\/schema.org\",\"@graph\":[{\"@type\":\"WebPage\",\"@id\":\"https:\\\/\\\/kzprofesional.com\\\/producto\\\/cuchillas-premium-partidas-100-unidades\\\/\",\"url\":\"https:\\\/\\\/kzprofesional.com\\\/producto\\\/cuchillas-premium-partidas-100-unidades\\\/\",\"name\":\"L\u00e2minas Premium partidas 100 unidades - DERBY - KZ Profesional\",\"isPartOf\":{\"@id\":\"https:\\\/\\\/kzprofesional.com\\\/#website\"},\"primaryImageOfPage\":{\"@id\":\"https:\\\/\\\/kzprofesional.com\\\/producto\\\/cuchillas-premium-partidas-100-unidades\\\/#primaryimage\"},\"image\":{\"@id\":\"https:\\\/\\\/kzprofesional.com\\\/producto\\\/cuchillas-premium-partidas-100-unidades\\\/#primaryimage\"},\"thumbnailUrl\":\"https:\\\/\\\/kzprofesional.com\\\/wp-content\\\/uploads\\\/DERBY-CUCHILLAS-PREMIUM-PARTIDAS-100-UNIDADES-1.png\",\"datePublished\":\"2021-11-17T01:14:36+00:00\",\"dateModified\":\"2026-04-28T20:50:43+00:00\",\"description\":\"As l\u00e2minas Derby v\u00eam j\u00e1 cortadas e prontas a inserir diretamente na sua navalha de barbear, sem necessidade de partir cada l\u00e2mina.\",\"breadcrumb\":{\"@id\":\"https:\\\/\\\/kzprofesional.com\\\/producto\\\/cuchillas-premium-partidas-100-unidades\\\/#breadcrumb\"},\"inLanguage\":\"pt-PT\",\"potentialAction\":[{\"@type\":\"ReadAction\",\"target\":[\"https:\\\/\\\/kzprofesional.com\\\/producto\\\/cuchillas-premium-partidas-100-unidades\\\/\"]}]},{\"@type\":\"ImageObject\",\"inLanguage\":\"pt-PT\",\"@id\":\"https:\\\/\\\/kzprofesional.com\\\/producto\\\/cuchillas-premium-partidas-100-unidades\\\/#primaryimage\",\"url\":\"https:\\\/\\\/kzprofesional.com\\\/wp-content\\\/uploads\\\/DERBY-CUCHILLAS-PREMIUM-PARTIDAS-100-UNIDADES-1.png\",\"contentUrl\":\"https:\\\/\\\/kzprofesional.com\\\/wp-content\\\/uploads\\\/DERBY-CUCHILLAS-PREMIUM-PARTIDAS-100-UNIDADES-1.png\",\"width\":1024,\"height\":1024,\"caption\":\"[DERBY] CUCHILLAS PREMIUM PARTIDAS 100 UNIDADES (1)\"},{\"@type\":\"BreadcrumbList\",\"@id\":\"https:\\\/\\\/kzprofesional.com\\\/producto\\\/cuchillas-premium-partidas-100-unidades\\\/#breadcrumb\",\"itemListElement\":[{\"@type\":\"ListItem\",\"position\":1,\"name\":\"P\u00e1gina inicial\",\"item\":\"https:\\\/\\\/kzprofesional.com\\\/\"},{\"@type\":\"ListItem\",\"position\":2,\"name\":\"Loja\",\"item\":\"https:\\\/\\\/kzprofesional.com\\\/pt-pt\\\/loja\\\/\"},{\"@type\":\"ListItem\",\"position\":3,\"name\":\"L\u00e2minas Premium partidas 100 unidades &#8211; DERBY\"}]},{\"@type\":\"WebSite\",\"@id\":\"https:\\\/\\\/kzprofesional.com\\\/#website\",\"url\":\"https:\\\/\\\/kzprofesional.com\\\/\",\"name\":\"KZ Profesional\",\"description\":\"\",\"publisher\":{\"@id\":\"https:\\\/\\\/kzprofesional.com\\\/#organization\"},\"potentialAction\":[{\"@type\":\"SearchAction\",\"target\":{\"@type\":\"EntryPoint\",\"urlTemplate\":\"https:\\\/\\\/kzprofesional.com\\\/?s={search_term_string}\"},\"query-input\":{\"@type\":\"PropertyValueSpecification\",\"valueRequired\":true,\"valueName\":\"search_term_string\"}}],\"inLanguage\":\"pt-PT\"},{\"@type\":\"Organization\",\"@id\":\"https:\\\/\\\/kzprofesional.com\\\/#organization\",\"name\":\"Imperio Barber Shop\",\"url\":\"https:\\\/\\\/kzprofesional.com\\\/\",\"logo\":{\"@type\":\"ImageObject\",\"inLanguage\":\"pt-PT\",\"@id\":\"https:\\\/\\\/kzprofesional.com\\\/#\\\/schema\\\/logo\\\/image\\\/\",\"url\":\"https:\\\/\\\/kzprofesional.com\\\/wp-content\\\/uploads\\\/2021\\\/09\\\/Logo-Imperio-Barber-Shop.png\",\"contentUrl\":\"https:\\\/\\\/kzprofesional.com\\\/wp-content\\\/uploads\\\/2021\\\/09\\\/Logo-Imperio-Barber-Shop.png\",\"width\":128,\"height\":128,\"caption\":\"Imperio Barber Shop\"},\"image\":{\"@id\":\"https:\\\/\\\/kzprofesional.com\\\/#\\\/schema\\\/logo\\\/image\\\/\"}}]}<\/script>\n<!-- \/ Yoast SEO Premium plugin. -->","yoast_head_json":{"title":"L\u00e2minas Premium partidas 100 unidades - DERBY - KZ Profesional","description":"As l\u00e2minas Derby v\u00eam j\u00e1 cortadas e prontas a inserir diretamente na sua navalha de barbear, sem necessidade de partir cada l\u00e2mina.","robots":{"index":"index","follow":"follow","max-snippet":"max-snippet:-1","max-image-preview":"max-image-preview:large","max-video-preview":"max-video-preview:-1"},"canonical":"https:\/\/kzprofesional.com\/producto\/cuchillas-premium-partidas-100-unidades\/","og_locale":"pt_PT","og_type":"article","og_title":"L\u00e2minas Premium partidas 100 unidades - DERBY","og_description":"As l\u00e2minas Derby v\u00eam j\u00e1 cortadas e prontas a inserir diretamente na sua navalha de barbear, sem necessidade de partir cada l\u00e2mina.","og_url":"https:\/\/kzprofesional.com\/producto\/cuchillas-premium-partidas-100-unidades\/","og_site_name":"KZ Profesional","article_modified_time":"2026-04-28T20:50:43+00:00","og_image":[{"width":1024,"height":1024,"url":"https:\/\/kzprofesional.com\/wp-content\/uploads\/DERBY-CUCHILLAS-PREMIUM-PARTIDAS-100-UNIDADES-1.png","type":"image\/png"}],"twitter_card":"summary_large_image","schema":{"@context":"https:\/\/schema.org","@graph":[{"@type":"WebPage","@id":"https:\/\/kzprofesional.com\/producto\/cuchillas-premium-partidas-100-unidades\/","url":"https:\/\/kzprofesional.com\/producto\/cuchillas-premium-partidas-100-unidades\/","name":"L\u00e2minas Premium partidas 100 unidades - DERBY - KZ Profesional","isPartOf":{"@id":"https:\/\/kzprofesional.com\/#website"},"primaryImageOfPage":{"@id":"https:\/\/kzprofesional.com\/producto\/cuchillas-premium-partidas-100-unidades\/#primaryimage"},"image":{"@id":"https:\/\/kzprofesional.com\/producto\/cuchillas-premium-partidas-100-unidades\/#primaryimage"},"thumbnailUrl":"https:\/\/kzprofesional.com\/wp-content\/uploads\/DERBY-CUCHILLAS-PREMIUM-PARTIDAS-100-UNIDADES-1.png","datePublished":"2021-11-17T01:14:36+00:00","dateModified":"2026-04-28T20:50:43+00:00","description":"As l\u00e2minas Derby v\u00eam j\u00e1 cortadas e prontas a inserir diretamente na sua navalha de barbear, sem necessidade de partir cada l\u00e2mina.","breadcrumb":{"@id":"https:\/\/kzprofesional.com\/producto\/cuchillas-premium-partidas-100-unidades\/#breadcrumb"},"inLanguage":"pt-PT","potentialAction":[{"@type":"ReadAction","target":["https:\/\/kzprofesional.com\/producto\/cuchillas-premium-partidas-100-unidades\/"]}]},{"@type":"ImageObject","inLanguage":"pt-PT","@id":"https:\/\/kzprofesional.com\/producto\/cuchillas-premium-partidas-100-unidades\/#primaryimage","url":"https:\/\/kzprofesional.com\/wp-content\/uploads\/DERBY-CUCHILLAS-PREMIUM-PARTIDAS-100-UNIDADES-1.png","contentUrl":"https:\/\/kzprofesional.com\/wp-content\/uploads\/DERBY-CUCHILLAS-PREMIUM-PARTIDAS-100-UNIDADES-1.png","width":1024,"height":1024,"caption":"[DERBY] CUCHILLAS PREMIUM PARTIDAS 100 UNIDADES (1)"},{"@type":"BreadcrumbList","@id":"https:\/\/kzprofesional.com\/producto\/cuchillas-premium-partidas-100-unidades\/#breadcrumb","itemListElement":[{"@type":"ListItem","position":1,"name":"P\u00e1gina inicial","item":"https:\/\/kzprofesional.com\/"},{"@type":"ListItem","position":2,"name":"Loja","item":"https:\/\/kzprofesional.com\/pt-pt\/loja\/"},{"@type":"ListItem","position":3,"name":"L\u00e2minas Premium partidas 100 unidades &#8211; DERBY"}]},{"@type":"WebSite","@id":"https:\/\/kzprofesional.com\/#website","url":"https:\/\/kzprofesional.com\/","name":"KZ Profesional","description":"","publisher":{"@id":"https:\/\/kzprofesional.com\/#organization"},"potentialAction":[{"@type":"SearchAction","target":{"@type":"EntryPoint","urlTemplate":"https:\/\/kzprofesional.com\/?s={search_term_string}"},"query-input":{"@type":"PropertyValueSpecification","valueRequired":true,"valueName":"search_term_string"}}],"inLanguage":"pt-PT"},{"@type":"Organization","@id":"https:\/\/kzprofesional.com\/#organization","name":"Imperio Barber Shop","url":"https:\/\/kzprofesional.com\/","logo":{"@type":"ImageObject","inLanguage":"pt-PT","@id":"https:\/\/kzprofesional.com\/#\/schema\/logo\/image\/","url":"https:\/\/kzprofesional.com\/wp-content\/uploads\/2021\/09\/Logo-Imperio-Barber-Shop.png","contentUrl":"https:\/\/kzprofesional.com\/wp-content\/uploads\/2021\/09\/Logo-Imperio-Barber-Shop.png","width":128,"height":128,"caption":"Imperio Barber Shop"},"image":{"@id":"https:\/\/kzprofesional.com\/#\/schema\/logo\/image\/"}}]}},"_links":{"self":[{"href":"https:\/\/kzprofesional.com\/pt-pt\/wp-json\/wp\/v2\/product\/81928","targetHints":{"allow":["GET"]}}],"collection":[{"href":"https:\/\/kzprofesional.com\/pt-pt\/wp-json\/wp\/v2\/product"}],"about":[{"href":"https:\/\/kzprofesional.com\/pt-pt\/wp-json\/wp\/v2\/types\/product"}],"wp:featuredmedia":[{"embeddable":true,"href":"https:\/\/kzprofesional.com\/pt-pt\/wp-json\/wp\/v2\/media\/65081"}],"wp:attachment":[{"href":"https:\/\/kzprofesional.com\/pt-pt\/wp-json\/wp\/v2\/media?parent=81928"}],"wp:term":[{"taxonomy":"product_brand","embeddable":true,"href":"https:\/\/kzprofesional.com\/pt-pt\/wp-json\/wp\/v2\/product_brand?post=81928"},{"taxonomy":"product_cat","embeddable":true,"href":"https:\/\/kzprofesional.com\/pt-pt\/wp-json\/wp\/v2\/product_cat?post=81928"},{"taxonomy":"product_tag","embeddable":true,"href":"https:\/\/kzprofesional.com\/pt-pt\/wp-json\/wp\/v2\/product_tag?post=81928"}],"curies":[{"name":"wp","href":"https:\/\/api.w.org\/{rel}","templated":true}]}}