

{"id":82551,"date":"2026-03-12T09:16:19","date_gmt":"2026-03-12T08:16:19","guid":{"rendered":"https:\/\/kzprofesional.com\/champo-para-caracois-500-ml-black-crows\/"},"modified":"2026-04-30T00:32:49","modified_gmt":"2026-04-29T22:32:49","slug":"champo-para-caracois-500-ml-black-crows","status":"publish","type":"product","link":"https:\/\/kzprofesional.com\/pt-pt\/champo-para-caracois-500-ml-black-crows\/","title":{"rendered":"Champ\u00f4 para carac\u00f3is 500 ml &#8211; BLACK CROWS"},"content":{"rendered":"<p><strong>Champ\u00f4 para carac\u00f3is 500 ml &#8211; BLACK CROWS<\/strong><\/p>\n<p>Champ\u00f4 especialmente formulado para cabellos rizados, enriquecido con <strong>VEGEQUAT<\/strong>, un activo vegetal que nutre en profundidad y ayuda a recuperar la forma natural del rizo.<\/p>\n<p>Limpia suavemente mientras aporta hidrataci\u00f3n, elasticidad y definici\u00f3n, dejando los rizos suaves, controlados y con movimiento.<\/p>\n<p><strong>Modo de utiliza\u00e7\u00e3o:<\/strong> Aplicar no cabelo h\u00famido, masajear suavemente el cuero cabelludo y el cabello.<\/p>\n<p>Enxaguar abundantemente com \u00e1gua.<\/p>\n","protected":false},"excerpt":{"rendered":"<p>Champ\u00f4 para carac\u00f3is 500 ml &#8211; BLACK CROWS Champ\u00f4 especialmente formulado para cabellos rizados, enriquecido con VEGEQUAT, un activo vegetal que nutre en profundidad y ayuda a recuperar la forma natural del rizo. Limpia suavemente mientras aporta hidrataci\u00f3n, elasticidad y definici\u00f3n, dejando los rizos suaves, controlados y con movimiento. Modo de utiliza\u00e7\u00e3o: Aplicar no cabelo &#8230; <a title=\"Champ\u00f4 para carac\u00f3is 500 ml &#8211; BLACK CROWS\" class=\"read-more\" href=\"https:\/\/kzprofesional.com\/pt-pt\/champo-para-caracois-500-ml-black-crows\/\" aria-label=\"Leia mais sobre Champ\u00f4 para carac\u00f3is 500 ml &#8211; BLACK CROWS\">Ler mais<\/a><\/p>\n","protected":false},"featured_media":82552,"template":"","meta":{"_acf_changed":false,"_jet_sm_ready_style":"","_jet_sm_style":"","_jet_sm_controls_values":"","_jet_sm_fonts_collection":"","_jet_sm_fonts_links":""},"product_brand":[],"product_cat":[1119,1010,794,818],"product_tag":[],"class_list":{"0":"post-82551","1":"product","2":"type-product","3":"status-publish","4":"has-post-thumbnail","6":"product_cat-barbearia","7":"product_cat-higiene","8":"product_cat-higiene-e-tratamentos","9":"product_cat-novidades","10":"sales-flash-overlay","11":"woocommerce-text-align-center","12":"woocommerce-image-align-center","13":"do-quantity-buttons","15":"first","16":"instock","17":"taxable","18":"shipping-taxable","19":"purchasable","20":"product-type-simple"},"bundled_by":[],"bundle_stock_status":"instock","bundle_stock_quantity":4,"bundle_virtual":false,"bundle_layout":"","bundle_add_to_cart_form_location":"","bundle_editable_in_cart":false,"bundle_sold_individually_context":"","bundle_item_grouping":"","bundle_min_size":"","bundle_max_size":"","bundle_price":[],"bundled_items":[],"bundle_sell_ids":[],"acf":[],"yoast_head":"<!-- This site is optimized with the Yoast SEO Premium plugin v25.9 (Yoast SEO v27.5) - https:\/\/yoast.com\/product\/yoast-seo-premium-wordpress\/ -->\n<title>Champ\u00f4 para carac\u00f3is 500 ml - BLACK CROWS - KZ Profesional<\/title>\n<meta name=\"description\" content=\"Champ\u00f4 especialmente formulado para cabellos rizados, enriquecido con VEGEQUAT, un activo vegetal que nutre en profundidad y ayuda a recuperar la forma natural del rizo.\" \/>\n<meta name=\"robots\" content=\"index, follow, max-snippet:-1, max-image-preview:large, max-video-preview:-1\" \/>\n<link rel=\"canonical\" href=\"https:\/\/kzprofesional.com\/champu-para-rizos-500-ml-black-crows\/\" \/>\n<meta property=\"og:locale\" content=\"pt_PT\" \/>\n<meta property=\"og:type\" content=\"article\" \/>\n<meta property=\"og:title\" content=\"Champ\u00f4 para carac\u00f3is 500 ml - BLACK CROWS\" \/>\n<meta property=\"og:description\" content=\"Champ\u00f4 especialmente formulado para cabellos rizados, enriquecido con VEGEQUAT, un activo vegetal que nutre en profundidad y ayuda a recuperar la forma natural del rizo.\" \/>\n<meta property=\"og:url\" content=\"https:\/\/kzprofesional.com\/champu-para-rizos-500-ml-black-crows\/\" \/>\n<meta property=\"og:site_name\" content=\"KZ Profesional\" \/>\n<meta property=\"article:modified_time\" content=\"2026-04-29T22:32:49+00:00\" \/>\n<meta property=\"og:image\" content=\"https:\/\/kzprofesional.com\/wp-content\/uploads\/CHAMPU-RIZOS-BBLACK-CROWS.png\" \/>\n\t<meta property=\"og:image:width\" content=\"594\" \/>\n\t<meta property=\"og:image:height\" content=\"658\" \/>\n\t<meta property=\"og:image:type\" content=\"image\/png\" \/>\n<meta name=\"twitter:card\" content=\"summary_large_image\" \/>\n<script type=\"application\/ld+json\" class=\"yoast-schema-graph\">{\"@context\":\"https:\\\/\\\/schema.org\",\"@graph\":[{\"@type\":\"WebPage\",\"@id\":\"https:\\\/\\\/kzprofesional.com\\\/champu-para-rizos-500-ml-black-crows\\\/\",\"url\":\"https:\\\/\\\/kzprofesional.com\\\/champu-para-rizos-500-ml-black-crows\\\/\",\"name\":\"Champ\u00f4 para carac\u00f3is 500 ml - BLACK CROWS - KZ Profesional\",\"isPartOf\":{\"@id\":\"https:\\\/\\\/kzprofesional.com\\\/#website\"},\"primaryImageOfPage\":{\"@id\":\"https:\\\/\\\/kzprofesional.com\\\/champu-para-rizos-500-ml-black-crows\\\/#primaryimage\"},\"image\":{\"@id\":\"https:\\\/\\\/kzprofesional.com\\\/champu-para-rizos-500-ml-black-crows\\\/#primaryimage\"},\"thumbnailUrl\":\"https:\\\/\\\/kzprofesional.com\\\/wp-content\\\/uploads\\\/CHAMPU-RIZOS-BBLACK-CROWS.png\",\"datePublished\":\"2026-03-12T08:16:19+00:00\",\"dateModified\":\"2026-04-29T22:32:49+00:00\",\"description\":\"Champ\u00f4 especialmente formulado para cabellos rizados, enriquecido con VEGEQUAT, un activo vegetal que nutre en profundidad y ayuda a recuperar la forma natural del rizo.\",\"breadcrumb\":{\"@id\":\"https:\\\/\\\/kzprofesional.com\\\/champu-para-rizos-500-ml-black-crows\\\/#breadcrumb\"},\"inLanguage\":\"pt-PT\",\"potentialAction\":[{\"@type\":\"ReadAction\",\"target\":[\"https:\\\/\\\/kzprofesional.com\\\/champu-para-rizos-500-ml-black-crows\\\/\"]}]},{\"@type\":\"ImageObject\",\"inLanguage\":\"pt-PT\",\"@id\":\"https:\\\/\\\/kzprofesional.com\\\/champu-para-rizos-500-ml-black-crows\\\/#primaryimage\",\"url\":\"https:\\\/\\\/kzprofesional.com\\\/wp-content\\\/uploads\\\/CHAMPU-RIZOS-BBLACK-CROWS.png\",\"contentUrl\":\"https:\\\/\\\/kzprofesional.com\\\/wp-content\\\/uploads\\\/CHAMPU-RIZOS-BBLACK-CROWS.png\",\"width\":594,\"height\":658},{\"@type\":\"BreadcrumbList\",\"@id\":\"https:\\\/\\\/kzprofesional.com\\\/champu-para-rizos-500-ml-black-crows\\\/#breadcrumb\",\"itemListElement\":[{\"@type\":\"ListItem\",\"position\":1,\"name\":\"P\u00e1gina inicial\",\"item\":\"https:\\\/\\\/kzprofesional.com\\\/pt-pt\\\/\"},{\"@type\":\"ListItem\",\"position\":2,\"name\":\"Loja\",\"item\":\"https:\\\/\\\/kzprofesional.com\\\/pt-pt\\\/loja\\\/\"},{\"@type\":\"ListItem\",\"position\":3,\"name\":\"Champ\u00f4 para carac\u00f3is 500 ml &#8211; BLACK CROWS\"}]},{\"@type\":\"WebSite\",\"@id\":\"https:\\\/\\\/kzprofesional.com\\\/#website\",\"url\":\"https:\\\/\\\/kzprofesional.com\\\/\",\"name\":\"KZ Profesional\",\"description\":\"\",\"publisher\":{\"@id\":\"https:\\\/\\\/kzprofesional.com\\\/#organization\"},\"potentialAction\":[{\"@type\":\"SearchAction\",\"target\":{\"@type\":\"EntryPoint\",\"urlTemplate\":\"https:\\\/\\\/kzprofesional.com\\\/?s={search_term_string}\"},\"query-input\":{\"@type\":\"PropertyValueSpecification\",\"valueRequired\":true,\"valueName\":\"search_term_string\"}}],\"inLanguage\":\"pt-PT\"},{\"@type\":\"Organization\",\"@id\":\"https:\\\/\\\/kzprofesional.com\\\/#organization\",\"name\":\"Imperio Barber Shop\",\"url\":\"https:\\\/\\\/kzprofesional.com\\\/\",\"logo\":{\"@type\":\"ImageObject\",\"inLanguage\":\"pt-PT\",\"@id\":\"https:\\\/\\\/kzprofesional.com\\\/#\\\/schema\\\/logo\\\/image\\\/\",\"url\":\"https:\\\/\\\/kzprofesional.com\\\/wp-content\\\/uploads\\\/2021\\\/09\\\/Logo-Imperio-Barber-Shop.png\",\"contentUrl\":\"https:\\\/\\\/kzprofesional.com\\\/wp-content\\\/uploads\\\/2021\\\/09\\\/Logo-Imperio-Barber-Shop.png\",\"width\":128,\"height\":128,\"caption\":\"Imperio Barber Shop\"},\"image\":{\"@id\":\"https:\\\/\\\/kzprofesional.com\\\/#\\\/schema\\\/logo\\\/image\\\/\"}}]}<\/script>\n<!-- \/ Yoast SEO Premium plugin. -->","yoast_head_json":{"title":"Champ\u00f4 para carac\u00f3is 500 ml - BLACK CROWS - KZ Profesional","description":"Champ\u00f4 especialmente formulado para cabellos rizados, enriquecido con VEGEQUAT, un activo vegetal que nutre en profundidad y ayuda a recuperar la forma natural del rizo.","robots":{"index":"index","follow":"follow","max-snippet":"max-snippet:-1","max-image-preview":"max-image-preview:large","max-video-preview":"max-video-preview:-1"},"canonical":"https:\/\/kzprofesional.com\/champu-para-rizos-500-ml-black-crows\/","og_locale":"pt_PT","og_type":"article","og_title":"Champ\u00f4 para carac\u00f3is 500 ml - BLACK CROWS","og_description":"Champ\u00f4 especialmente formulado para cabellos rizados, enriquecido con VEGEQUAT, un activo vegetal que nutre en profundidad y ayuda a recuperar la forma natural del rizo.","og_url":"https:\/\/kzprofesional.com\/champu-para-rizos-500-ml-black-crows\/","og_site_name":"KZ Profesional","article_modified_time":"2026-04-29T22:32:49+00:00","og_image":[{"width":594,"height":658,"url":"https:\/\/kzprofesional.com\/wp-content\/uploads\/CHAMPU-RIZOS-BBLACK-CROWS.png","type":"image\/png"}],"twitter_card":"summary_large_image","schema":{"@context":"https:\/\/schema.org","@graph":[{"@type":"WebPage","@id":"https:\/\/kzprofesional.com\/champu-para-rizos-500-ml-black-crows\/","url":"https:\/\/kzprofesional.com\/champu-para-rizos-500-ml-black-crows\/","name":"Champ\u00f4 para carac\u00f3is 500 ml - BLACK CROWS - KZ Profesional","isPartOf":{"@id":"https:\/\/kzprofesional.com\/#website"},"primaryImageOfPage":{"@id":"https:\/\/kzprofesional.com\/champu-para-rizos-500-ml-black-crows\/#primaryimage"},"image":{"@id":"https:\/\/kzprofesional.com\/champu-para-rizos-500-ml-black-crows\/#primaryimage"},"thumbnailUrl":"https:\/\/kzprofesional.com\/wp-content\/uploads\/CHAMPU-RIZOS-BBLACK-CROWS.png","datePublished":"2026-03-12T08:16:19+00:00","dateModified":"2026-04-29T22:32:49+00:00","description":"Champ\u00f4 especialmente formulado para cabellos rizados, enriquecido con VEGEQUAT, un activo vegetal que nutre en profundidad y ayuda a recuperar la forma natural del rizo.","breadcrumb":{"@id":"https:\/\/kzprofesional.com\/champu-para-rizos-500-ml-black-crows\/#breadcrumb"},"inLanguage":"pt-PT","potentialAction":[{"@type":"ReadAction","target":["https:\/\/kzprofesional.com\/champu-para-rizos-500-ml-black-crows\/"]}]},{"@type":"ImageObject","inLanguage":"pt-PT","@id":"https:\/\/kzprofesional.com\/champu-para-rizos-500-ml-black-crows\/#primaryimage","url":"https:\/\/kzprofesional.com\/wp-content\/uploads\/CHAMPU-RIZOS-BBLACK-CROWS.png","contentUrl":"https:\/\/kzprofesional.com\/wp-content\/uploads\/CHAMPU-RIZOS-BBLACK-CROWS.png","width":594,"height":658},{"@type":"BreadcrumbList","@id":"https:\/\/kzprofesional.com\/champu-para-rizos-500-ml-black-crows\/#breadcrumb","itemListElement":[{"@type":"ListItem","position":1,"name":"P\u00e1gina inicial","item":"https:\/\/kzprofesional.com\/pt-pt\/"},{"@type":"ListItem","position":2,"name":"Loja","item":"https:\/\/kzprofesional.com\/pt-pt\/loja\/"},{"@type":"ListItem","position":3,"name":"Champ\u00f4 para carac\u00f3is 500 ml &#8211; BLACK CROWS"}]},{"@type":"WebSite","@id":"https:\/\/kzprofesional.com\/#website","url":"https:\/\/kzprofesional.com\/","name":"KZ Profesional","description":"","publisher":{"@id":"https:\/\/kzprofesional.com\/#organization"},"potentialAction":[{"@type":"SearchAction","target":{"@type":"EntryPoint","urlTemplate":"https:\/\/kzprofesional.com\/?s={search_term_string}"},"query-input":{"@type":"PropertyValueSpecification","valueRequired":true,"valueName":"search_term_string"}}],"inLanguage":"pt-PT"},{"@type":"Organization","@id":"https:\/\/kzprofesional.com\/#organization","name":"Imperio Barber Shop","url":"https:\/\/kzprofesional.com\/","logo":{"@type":"ImageObject","inLanguage":"pt-PT","@id":"https:\/\/kzprofesional.com\/#\/schema\/logo\/image\/","url":"https:\/\/kzprofesional.com\/wp-content\/uploads\/2021\/09\/Logo-Imperio-Barber-Shop.png","contentUrl":"https:\/\/kzprofesional.com\/wp-content\/uploads\/2021\/09\/Logo-Imperio-Barber-Shop.png","width":128,"height":128,"caption":"Imperio Barber Shop"},"image":{"@id":"https:\/\/kzprofesional.com\/#\/schema\/logo\/image\/"}}]}},"_links":{"self":[{"href":"https:\/\/kzprofesional.com\/pt-pt\/wp-json\/wp\/v2\/product\/82551","targetHints":{"allow":["GET"]}}],"collection":[{"href":"https:\/\/kzprofesional.com\/pt-pt\/wp-json\/wp\/v2\/product"}],"about":[{"href":"https:\/\/kzprofesional.com\/pt-pt\/wp-json\/wp\/v2\/types\/product"}],"wp:featuredmedia":[{"embeddable":true,"href":"https:\/\/kzprofesional.com\/pt-pt\/wp-json\/wp\/v2\/media\/82552"}],"wp:attachment":[{"href":"https:\/\/kzprofesional.com\/pt-pt\/wp-json\/wp\/v2\/media?parent=82551"}],"wp:term":[{"taxonomy":"product_brand","embeddable":true,"href":"https:\/\/kzprofesional.com\/pt-pt\/wp-json\/wp\/v2\/product_brand?post=82551"},{"taxonomy":"product_cat","embeddable":true,"href":"https:\/\/kzprofesional.com\/pt-pt\/wp-json\/wp\/v2\/product_cat?post=82551"},{"taxonomy":"product_tag","embeddable":true,"href":"https:\/\/kzprofesional.com\/pt-pt\/wp-json\/wp\/v2\/product_tag?post=82551"}],"curies":[{"name":"wp","href":"https:\/\/api.w.org\/{rel}","templated":true}]}}