

{"id":82581,"date":"2026-03-12T09:02:44","date_gmt":"2026-03-12T08:02:44","guid":{"rendered":"https:\/\/kzprofesional.com\/beard-shampoo-champo-de-barba-150-ml-black-crows\/"},"modified":"2026-04-30T00:32:53","modified_gmt":"2026-04-29T22:32:53","slug":"beard-shampoo-champo-de-barba-150-ml-black-crows","status":"publish","type":"product","link":"https:\/\/kzprofesional.com\/pt-pt\/beard-shampoo-champo-de-barba-150-ml-black-crows\/","title":{"rendered":"Beard Shampoo \/ Champ\u00f4 de barba 150 ml \u2013 BLACK CROWS"},"content":{"rendered":"<p><strong>Beard Shampoo \/ Champ\u00f4 de barba 150 ml \u2013 BLACK CROWS<\/strong><\/p>\n<p>Champ\u00f4 para barba formulado con <strong>PROTE\u00cdNA DE TRIGO<\/strong> que hidrata y cuida tanto la barba como el bigote.<\/p>\n<p><strong>Modo de utiliza\u00e7\u00e3o: A<\/strong>plicar sobre barba y\/o bigote, masajeando ligeramente.<br \/>\nEnxaguar abundantemente com \u00e1gua.<\/p>\n","protected":false},"excerpt":{"rendered":"<p>Beard Shampoo \/ Champ\u00f4 de barba 150 ml \u2013 BLACK CROWS Champ\u00f4 para barba formulado con PROTE\u00cdNA DE TRIGO que hidrata y cuida tanto la barba como el bigote. Modo de utiliza\u00e7\u00e3o: Aplicar sobre barba y\/o bigote, masajeando ligeramente. Enxaguar abundantemente com \u00e1gua.<\/p>\n","protected":false},"featured_media":82582,"template":"","meta":{"_acf_changed":false,"_jet_sm_ready_style":"","_jet_sm_style":"","_jet_sm_controls_values":"","_jet_sm_fonts_collection":"","_jet_sm_fonts_links":""},"product_brand":[],"product_cat":[1119,965],"product_tag":[],"class_list":{"0":"post-82581","1":"product","2":"type-product","3":"status-publish","4":"has-post-thumbnail","6":"product_cat-barbearia","7":"product_cat-produtos-para-barba-e-bigode","8":"sales-flash-overlay","9":"woocommerce-text-align-center","10":"woocommerce-image-align-center","11":"do-quantity-buttons","13":"first","14":"instock","15":"taxable","16":"shipping-taxable","17":"purchasable","18":"product-type-simple"},"bundled_by":[],"bundle_stock_status":"instock","bundle_stock_quantity":7,"bundle_virtual":false,"bundle_layout":"","bundle_add_to_cart_form_location":"","bundle_editable_in_cart":false,"bundle_sold_individually_context":"","bundle_item_grouping":"","bundle_min_size":"","bundle_max_size":"","bundle_price":[],"bundled_items":[],"bundle_sell_ids":[],"acf":[],"yoast_head":"<!-- This site is optimized with the Yoast SEO Premium plugin v25.9 (Yoast SEO v27.5) - https:\/\/yoast.com\/product\/yoast-seo-premium-wordpress\/ -->\n<title>Beard Shampoo \/ Champ\u00f4 de barba 150 ml \u2013 BLACK CROWS - KZ Profesional<\/title>\n<meta name=\"description\" content=\"Champ\u00f4 para barba formulado con PROTE\u00cdNA DE TRIGO que hidrata y cuida tanto la barba como el bigote.\" \/>\n<meta name=\"robots\" content=\"index, follow, max-snippet:-1, max-image-preview:large, max-video-preview:-1\" \/>\n<link rel=\"canonical\" href=\"https:\/\/kzprofesional.com\/beard-shampoo-champu-de-barba-150-ml-black-crows\/\" \/>\n<meta property=\"og:locale\" content=\"pt_PT\" \/>\n<meta property=\"og:type\" content=\"article\" \/>\n<meta property=\"og:title\" content=\"Beard Shampoo \/ Champ\u00f4 de barba 150 ml \u2013 BLACK CROWS\" \/>\n<meta property=\"og:description\" content=\"Champ\u00f4 para barba formulado con PROTE\u00cdNA DE TRIGO que hidrata y cuida tanto la barba como el bigote.\" \/>\n<meta property=\"og:url\" content=\"https:\/\/kzprofesional.com\/beard-shampoo-champu-de-barba-150-ml-black-crows\/\" \/>\n<meta property=\"og:site_name\" content=\"KZ Profesional\" \/>\n<meta property=\"article:modified_time\" content=\"2026-04-29T22:32:53+00:00\" \/>\n<meta property=\"og:image\" content=\"https:\/\/kzprofesional.com\/wp-content\/uploads\/CHAMPU-BARBA-BLACK-CROWS.png\" \/>\n\t<meta property=\"og:image:width\" content=\"613\" \/>\n\t<meta property=\"og:image:height\" content=\"655\" \/>\n\t<meta property=\"og:image:type\" content=\"image\/png\" \/>\n<meta name=\"twitter:card\" content=\"summary_large_image\" \/>\n<script type=\"application\/ld+json\" class=\"yoast-schema-graph\">{\"@context\":\"https:\\\/\\\/schema.org\",\"@graph\":[{\"@type\":\"WebPage\",\"@id\":\"https:\\\/\\\/kzprofesional.com\\\/beard-shampoo-champu-de-barba-150-ml-black-crows\\\/\",\"url\":\"https:\\\/\\\/kzprofesional.com\\\/beard-shampoo-champu-de-barba-150-ml-black-crows\\\/\",\"name\":\"Beard Shampoo \\\/ Champ\u00f4 de barba 150 ml \u2013 BLACK CROWS - KZ Profesional\",\"isPartOf\":{\"@id\":\"https:\\\/\\\/kzprofesional.com\\\/#website\"},\"primaryImageOfPage\":{\"@id\":\"https:\\\/\\\/kzprofesional.com\\\/beard-shampoo-champu-de-barba-150-ml-black-crows\\\/#primaryimage\"},\"image\":{\"@id\":\"https:\\\/\\\/kzprofesional.com\\\/beard-shampoo-champu-de-barba-150-ml-black-crows\\\/#primaryimage\"},\"thumbnailUrl\":\"https:\\\/\\\/kzprofesional.com\\\/wp-content\\\/uploads\\\/CHAMPU-BARBA-BLACK-CROWS.png\",\"datePublished\":\"2026-03-12T08:02:44+00:00\",\"dateModified\":\"2026-04-29T22:32:53+00:00\",\"description\":\"Champ\u00f4 para barba formulado con PROTE\u00cdNA DE TRIGO que hidrata y cuida tanto la barba como el bigote.\",\"breadcrumb\":{\"@id\":\"https:\\\/\\\/kzprofesional.com\\\/beard-shampoo-champu-de-barba-150-ml-black-crows\\\/#breadcrumb\"},\"inLanguage\":\"pt-PT\",\"potentialAction\":[{\"@type\":\"ReadAction\",\"target\":[\"https:\\\/\\\/kzprofesional.com\\\/beard-shampoo-champu-de-barba-150-ml-black-crows\\\/\"]}]},{\"@type\":\"ImageObject\",\"inLanguage\":\"pt-PT\",\"@id\":\"https:\\\/\\\/kzprofesional.com\\\/beard-shampoo-champu-de-barba-150-ml-black-crows\\\/#primaryimage\",\"url\":\"https:\\\/\\\/kzprofesional.com\\\/wp-content\\\/uploads\\\/CHAMPU-BARBA-BLACK-CROWS.png\",\"contentUrl\":\"https:\\\/\\\/kzprofesional.com\\\/wp-content\\\/uploads\\\/CHAMPU-BARBA-BLACK-CROWS.png\",\"width\":613,\"height\":655},{\"@type\":\"BreadcrumbList\",\"@id\":\"https:\\\/\\\/kzprofesional.com\\\/beard-shampoo-champu-de-barba-150-ml-black-crows\\\/#breadcrumb\",\"itemListElement\":[{\"@type\":\"ListItem\",\"position\":1,\"name\":\"P\u00e1gina inicial\",\"item\":\"https:\\\/\\\/kzprofesional.com\\\/pt-pt\\\/\"},{\"@type\":\"ListItem\",\"position\":2,\"name\":\"Loja\",\"item\":\"https:\\\/\\\/kzprofesional.com\\\/pt-pt\\\/loja\\\/\"},{\"@type\":\"ListItem\",\"position\":3,\"name\":\"Beard Shampoo \\\/ Champ\u00f4 de barba 150 ml \u2013 BLACK CROWS\"}]},{\"@type\":\"WebSite\",\"@id\":\"https:\\\/\\\/kzprofesional.com\\\/#website\",\"url\":\"https:\\\/\\\/kzprofesional.com\\\/\",\"name\":\"KZ Profesional\",\"description\":\"\",\"publisher\":{\"@id\":\"https:\\\/\\\/kzprofesional.com\\\/#organization\"},\"potentialAction\":[{\"@type\":\"SearchAction\",\"target\":{\"@type\":\"EntryPoint\",\"urlTemplate\":\"https:\\\/\\\/kzprofesional.com\\\/?s={search_term_string}\"},\"query-input\":{\"@type\":\"PropertyValueSpecification\",\"valueRequired\":true,\"valueName\":\"search_term_string\"}}],\"inLanguage\":\"pt-PT\"},{\"@type\":\"Organization\",\"@id\":\"https:\\\/\\\/kzprofesional.com\\\/#organization\",\"name\":\"Imperio Barber Shop\",\"url\":\"https:\\\/\\\/kzprofesional.com\\\/\",\"logo\":{\"@type\":\"ImageObject\",\"inLanguage\":\"pt-PT\",\"@id\":\"https:\\\/\\\/kzprofesional.com\\\/#\\\/schema\\\/logo\\\/image\\\/\",\"url\":\"https:\\\/\\\/kzprofesional.com\\\/wp-content\\\/uploads\\\/2021\\\/09\\\/Logo-Imperio-Barber-Shop.png\",\"contentUrl\":\"https:\\\/\\\/kzprofesional.com\\\/wp-content\\\/uploads\\\/2021\\\/09\\\/Logo-Imperio-Barber-Shop.png\",\"width\":128,\"height\":128,\"caption\":\"Imperio Barber Shop\"},\"image\":{\"@id\":\"https:\\\/\\\/kzprofesional.com\\\/#\\\/schema\\\/logo\\\/image\\\/\"}}]}<\/script>\n<!-- \/ Yoast SEO Premium plugin. -->","yoast_head_json":{"title":"Beard Shampoo \/ Champ\u00f4 de barba 150 ml \u2013 BLACK CROWS - KZ Profesional","description":"Champ\u00f4 para barba formulado con PROTE\u00cdNA DE TRIGO que hidrata y cuida tanto la barba como el bigote.","robots":{"index":"index","follow":"follow","max-snippet":"max-snippet:-1","max-image-preview":"max-image-preview:large","max-video-preview":"max-video-preview:-1"},"canonical":"https:\/\/kzprofesional.com\/beard-shampoo-champu-de-barba-150-ml-black-crows\/","og_locale":"pt_PT","og_type":"article","og_title":"Beard Shampoo \/ Champ\u00f4 de barba 150 ml \u2013 BLACK CROWS","og_description":"Champ\u00f4 para barba formulado con PROTE\u00cdNA DE TRIGO que hidrata y cuida tanto la barba como el bigote.","og_url":"https:\/\/kzprofesional.com\/beard-shampoo-champu-de-barba-150-ml-black-crows\/","og_site_name":"KZ Profesional","article_modified_time":"2026-04-29T22:32:53+00:00","og_image":[{"width":613,"height":655,"url":"https:\/\/kzprofesional.com\/wp-content\/uploads\/CHAMPU-BARBA-BLACK-CROWS.png","type":"image\/png"}],"twitter_card":"summary_large_image","schema":{"@context":"https:\/\/schema.org","@graph":[{"@type":"WebPage","@id":"https:\/\/kzprofesional.com\/beard-shampoo-champu-de-barba-150-ml-black-crows\/","url":"https:\/\/kzprofesional.com\/beard-shampoo-champu-de-barba-150-ml-black-crows\/","name":"Beard Shampoo \/ Champ\u00f4 de barba 150 ml \u2013 BLACK CROWS - KZ Profesional","isPartOf":{"@id":"https:\/\/kzprofesional.com\/#website"},"primaryImageOfPage":{"@id":"https:\/\/kzprofesional.com\/beard-shampoo-champu-de-barba-150-ml-black-crows\/#primaryimage"},"image":{"@id":"https:\/\/kzprofesional.com\/beard-shampoo-champu-de-barba-150-ml-black-crows\/#primaryimage"},"thumbnailUrl":"https:\/\/kzprofesional.com\/wp-content\/uploads\/CHAMPU-BARBA-BLACK-CROWS.png","datePublished":"2026-03-12T08:02:44+00:00","dateModified":"2026-04-29T22:32:53+00:00","description":"Champ\u00f4 para barba formulado con PROTE\u00cdNA DE TRIGO que hidrata y cuida tanto la barba como el bigote.","breadcrumb":{"@id":"https:\/\/kzprofesional.com\/beard-shampoo-champu-de-barba-150-ml-black-crows\/#breadcrumb"},"inLanguage":"pt-PT","potentialAction":[{"@type":"ReadAction","target":["https:\/\/kzprofesional.com\/beard-shampoo-champu-de-barba-150-ml-black-crows\/"]}]},{"@type":"ImageObject","inLanguage":"pt-PT","@id":"https:\/\/kzprofesional.com\/beard-shampoo-champu-de-barba-150-ml-black-crows\/#primaryimage","url":"https:\/\/kzprofesional.com\/wp-content\/uploads\/CHAMPU-BARBA-BLACK-CROWS.png","contentUrl":"https:\/\/kzprofesional.com\/wp-content\/uploads\/CHAMPU-BARBA-BLACK-CROWS.png","width":613,"height":655},{"@type":"BreadcrumbList","@id":"https:\/\/kzprofesional.com\/beard-shampoo-champu-de-barba-150-ml-black-crows\/#breadcrumb","itemListElement":[{"@type":"ListItem","position":1,"name":"P\u00e1gina inicial","item":"https:\/\/kzprofesional.com\/pt-pt\/"},{"@type":"ListItem","position":2,"name":"Loja","item":"https:\/\/kzprofesional.com\/pt-pt\/loja\/"},{"@type":"ListItem","position":3,"name":"Beard Shampoo \/ Champ\u00f4 de barba 150 ml \u2013 BLACK CROWS"}]},{"@type":"WebSite","@id":"https:\/\/kzprofesional.com\/#website","url":"https:\/\/kzprofesional.com\/","name":"KZ Profesional","description":"","publisher":{"@id":"https:\/\/kzprofesional.com\/#organization"},"potentialAction":[{"@type":"SearchAction","target":{"@type":"EntryPoint","urlTemplate":"https:\/\/kzprofesional.com\/?s={search_term_string}"},"query-input":{"@type":"PropertyValueSpecification","valueRequired":true,"valueName":"search_term_string"}}],"inLanguage":"pt-PT"},{"@type":"Organization","@id":"https:\/\/kzprofesional.com\/#organization","name":"Imperio Barber Shop","url":"https:\/\/kzprofesional.com\/","logo":{"@type":"ImageObject","inLanguage":"pt-PT","@id":"https:\/\/kzprofesional.com\/#\/schema\/logo\/image\/","url":"https:\/\/kzprofesional.com\/wp-content\/uploads\/2021\/09\/Logo-Imperio-Barber-Shop.png","contentUrl":"https:\/\/kzprofesional.com\/wp-content\/uploads\/2021\/09\/Logo-Imperio-Barber-Shop.png","width":128,"height":128,"caption":"Imperio Barber Shop"},"image":{"@id":"https:\/\/kzprofesional.com\/#\/schema\/logo\/image\/"}}]}},"_links":{"self":[{"href":"https:\/\/kzprofesional.com\/pt-pt\/wp-json\/wp\/v2\/product\/82581","targetHints":{"allow":["GET"]}}],"collection":[{"href":"https:\/\/kzprofesional.com\/pt-pt\/wp-json\/wp\/v2\/product"}],"about":[{"href":"https:\/\/kzprofesional.com\/pt-pt\/wp-json\/wp\/v2\/types\/product"}],"wp:featuredmedia":[{"embeddable":true,"href":"https:\/\/kzprofesional.com\/pt-pt\/wp-json\/wp\/v2\/media\/82582"}],"wp:attachment":[{"href":"https:\/\/kzprofesional.com\/pt-pt\/wp-json\/wp\/v2\/media?parent=82581"}],"wp:term":[{"taxonomy":"product_brand","embeddable":true,"href":"https:\/\/kzprofesional.com\/pt-pt\/wp-json\/wp\/v2\/product_brand?post=82581"},{"taxonomy":"product_cat","embeddable":true,"href":"https:\/\/kzprofesional.com\/pt-pt\/wp-json\/wp\/v2\/product_cat?post=82581"},{"taxonomy":"product_tag","embeddable":true,"href":"https:\/\/kzprofesional.com\/pt-pt\/wp-json\/wp\/v2\/product_tag?post=82581"}],"curies":[{"name":"wp","href":"https:\/\/api.w.org\/{rel}","templated":true}]}}