

{"id":83130,"date":"2026-03-20T09:55:06","date_gmt":"2026-03-20T08:55:06","guid":{"rendered":"https:\/\/kzprofesional.com\/lamina-trimmer-x-pro-wide-gold-stylecraft\/"},"modified":"2026-04-30T04:41:13","modified_gmt":"2026-04-30T02:41:13","slug":"lamina-trimmer-x-pro-wide-gold-stylecraft","status":"publish","type":"product","link":"https:\/\/kzprofesional.com\/pt-pt\/lamina-trimmer-x-pro-wide-gold-stylecraft\/","title":{"rendered":"L\u00e2mina Trimmer X Pro Wide Gold &#8211; STYLECRAFT"},"content":{"rendered":"<p><strong>L\u00e2mina Trimmer X Pro Wide Gold &#8211; STYLECRAFT<\/strong><\/p>\n<p>L\u00e2mina de substitui\u00e7\u00e3o profissional compatible con todos los modelos de Trimmers Stylecraft y Gamma+.<\/p>\n<p><strong>Caracter\u00edsticas:<\/strong><\/p>\n<ul>\n<li>L\u00e2mina fixa de titanio dorado hipoalerg\u00e9nica, especialmente adecuada para pieles sensibles.<\/li>\n<li>L\u00e2mina m\u00f3vel Black Diamond.<\/li>\n<li>Materiales de qualidade profesional para un rendimiento m\u00e1ximo.<\/li>\n<li>Posibilidad de ajuste sin holgura.<\/li>\n<li>C\u00f3mo limpiar la cuchilla: Cepille suavemente con el cepillo del kit de mantenimiento para eliminar los residuos, roc\u00ede las cuchillas con desinfectante, l\u00edmpielas con un pa\u00f1o seco y guarde la funda.<\/li>\n<li>Cu\u00e1ndo cambiar la cuchilla: Recomendamos, seg\u00fan el uso diario, cada 1 a 4 meses para un rendimiento m\u00e1ximo.<\/li>\n<li>MENOS CAMBIOS DE HOJA cuando se mantiene y limpia adecuadamente.<\/li>\n<li>ORO TITANIO HIPOALERG\u00c9NICO para pieles sensibles.<\/li>\n<li>HOJA CERO ESPACIO para el corte y acabado m\u00e1s al ras.<\/li>\n<li>Materiales de CALIDAD PROFESIONAL para un m\u00e1ximo rendimiento.<\/li>\n<li>SE ADAPTA A TODOS los modelos STYLECRAFT y GAMMA+<\/li>\n<li>DISE\u00d1ADO Y DISE\u00d1ADO en EE. UU.<\/li>\n<li>Ref: ALATRSCSEXP_WID<\/li>\n<\/ul>\n","protected":false},"excerpt":{"rendered":"<p>L\u00e2mina Trimmer X Pro Wide Gold &#8211; STYLECRAFT L\u00e2mina de substitui\u00e7\u00e3o profissional compatible con todos los modelos de Trimmers Stylecraft y Gamma+. Caracter\u00edsticas: L\u00e2mina fixa de titanio dorado hipoalerg\u00e9nica, especialmente adecuada para pieles sensibles. L\u00e2mina m\u00f3vel Black Diamond. Materiales de qualidade profesional para un rendimiento m\u00e1ximo. Posibilidad de ajuste sin holgura. C\u00f3mo limpiar la cuchilla: &#8230; <a title=\"L\u00e2mina Trimmer X Pro Wide Gold &#8211; STYLECRAFT\" class=\"read-more\" href=\"https:\/\/kzprofesional.com\/pt-pt\/lamina-trimmer-x-pro-wide-gold-stylecraft\/\" aria-label=\"Leia mais sobre L\u00e2mina Trimmer X Pro Wide Gold &#8211; STYLECRAFT\">Ler mais<\/a><\/p>\n","protected":false},"featured_media":83131,"template":"","meta":{"_acf_changed":false,"_jet_sm_ready_style":"","_jet_sm_style":"","_jet_sm_controls_values":"","_jet_sm_fonts_collection":"","_jet_sm_fonts_links":""},"product_brand":[],"product_cat":[818,970],"product_tag":[],"class_list":{"0":"post-83130","1":"product","2":"type-product","3":"status-publish","4":"has-post-thumbnail","6":"product_cat-novidades","7":"product_cat-pecas-de-substituicao","8":"sales-flash-overlay","9":"woocommerce-text-align-center","10":"woocommerce-image-align-center","11":"do-quantity-buttons","13":"first","14":"outofstock","15":"sale","16":"taxable","17":"shipping-taxable","18":"purchasable","19":"product-type-simple"},"bundled_by":[],"bundle_stock_status":"outofstock","bundle_stock_quantity":-1,"bundle_virtual":false,"bundle_layout":"","bundle_add_to_cart_form_location":"","bundle_editable_in_cart":false,"bundle_sold_individually_context":"","bundle_item_grouping":"","bundle_min_size":"","bundle_max_size":"","bundle_price":[],"bundled_items":[],"bundle_sell_ids":[],"acf":[],"yoast_head":"<!-- This site is optimized with the Yoast SEO Premium plugin v25.9 (Yoast SEO v27.5) - https:\/\/yoast.com\/product\/yoast-seo-premium-wordpress\/ -->\n<title>L\u00e2mina Trimmer X Pro Wide Gold - STYLECRAFT - KZ Profesional<\/title>\n<meta name=\"description\" content=\"L\u00e2mina de substitui\u00e7\u00e3o profissional compatible con todos los modelos de Trimmers Stylecraft y Gamma+.\" \/>\n<meta name=\"robots\" content=\"index, follow, max-snippet:-1, max-image-preview:large, max-video-preview:-1\" \/>\n<link rel=\"canonical\" href=\"https:\/\/kzprofesional.com\/cuchilla-trimmer-x-pro-wide-gold-stylecraft\/\" \/>\n<meta property=\"og:locale\" content=\"pt_PT\" \/>\n<meta property=\"og:type\" content=\"article\" \/>\n<meta property=\"og:title\" content=\"L\u00e2mina Trimmer X Pro Wide Gold - STYLECRAFT\" \/>\n<meta property=\"og:description\" content=\"L\u00e2mina de substitui\u00e7\u00e3o profissional compatible con todos los modelos de Trimmers Stylecraft y Gamma+.\" \/>\n<meta property=\"og:url\" content=\"https:\/\/kzprofesional.com\/cuchilla-trimmer-x-pro-wide-gold-stylecraft\/\" \/>\n<meta property=\"og:site_name\" content=\"KZ Profesional\" \/>\n<meta property=\"article:modified_time\" content=\"2026-04-30T02:41:13+00:00\" \/>\n<meta property=\"og:image\" content=\"https:\/\/kzprofesional.com\/wp-content\/uploads\/cuchilla-xpro.png\" \/>\n\t<meta property=\"og:image:width\" content=\"553\" \/>\n\t<meta property=\"og:image:height\" content=\"672\" \/>\n\t<meta property=\"og:image:type\" content=\"image\/png\" \/>\n<meta name=\"twitter:card\" content=\"summary_large_image\" \/>\n<script type=\"application\/ld+json\" class=\"yoast-schema-graph\">{\"@context\":\"https:\\\/\\\/schema.org\",\"@graph\":[{\"@type\":\"WebPage\",\"@id\":\"https:\\\/\\\/kzprofesional.com\\\/cuchilla-trimmer-x-pro-wide-gold-stylecraft\\\/\",\"url\":\"https:\\\/\\\/kzprofesional.com\\\/cuchilla-trimmer-x-pro-wide-gold-stylecraft\\\/\",\"name\":\"L\u00e2mina Trimmer X Pro Wide Gold - STYLECRAFT - KZ Profesional\",\"isPartOf\":{\"@id\":\"https:\\\/\\\/kzprofesional.com\\\/#website\"},\"primaryImageOfPage\":{\"@id\":\"https:\\\/\\\/kzprofesional.com\\\/cuchilla-trimmer-x-pro-wide-gold-stylecraft\\\/#primaryimage\"},\"image\":{\"@id\":\"https:\\\/\\\/kzprofesional.com\\\/cuchilla-trimmer-x-pro-wide-gold-stylecraft\\\/#primaryimage\"},\"thumbnailUrl\":\"https:\\\/\\\/kzprofesional.com\\\/wp-content\\\/uploads\\\/cuchilla-xpro.png\",\"datePublished\":\"2026-03-20T08:55:06+00:00\",\"dateModified\":\"2026-04-30T02:41:13+00:00\",\"description\":\"L\u00e2mina de substitui\u00e7\u00e3o profissional compatible con todos los modelos de Trimmers Stylecraft y Gamma+.\",\"breadcrumb\":{\"@id\":\"https:\\\/\\\/kzprofesional.com\\\/cuchilla-trimmer-x-pro-wide-gold-stylecraft\\\/#breadcrumb\"},\"inLanguage\":\"pt-PT\",\"potentialAction\":[{\"@type\":\"ReadAction\",\"target\":[\"https:\\\/\\\/kzprofesional.com\\\/cuchilla-trimmer-x-pro-wide-gold-stylecraft\\\/\"]}]},{\"@type\":\"ImageObject\",\"inLanguage\":\"pt-PT\",\"@id\":\"https:\\\/\\\/kzprofesional.com\\\/cuchilla-trimmer-x-pro-wide-gold-stylecraft\\\/#primaryimage\",\"url\":\"https:\\\/\\\/kzprofesional.com\\\/wp-content\\\/uploads\\\/cuchilla-xpro.png\",\"contentUrl\":\"https:\\\/\\\/kzprofesional.com\\\/wp-content\\\/uploads\\\/cuchilla-xpro.png\",\"width\":553,\"height\":672},{\"@type\":\"BreadcrumbList\",\"@id\":\"https:\\\/\\\/kzprofesional.com\\\/cuchilla-trimmer-x-pro-wide-gold-stylecraft\\\/#breadcrumb\",\"itemListElement\":[{\"@type\":\"ListItem\",\"position\":1,\"name\":\"P\u00e1gina inicial\",\"item\":\"https:\\\/\\\/kzprofesional.com\\\/pt-pt\\\/\"},{\"@type\":\"ListItem\",\"position\":2,\"name\":\"Loja\",\"item\":\"https:\\\/\\\/kzprofesional.com\\\/pt-pt\\\/loja\\\/\"},{\"@type\":\"ListItem\",\"position\":3,\"name\":\"L\u00e2mina Trimmer X Pro Wide Gold &#8211; STYLECRAFT\"}]},{\"@type\":\"WebSite\",\"@id\":\"https:\\\/\\\/kzprofesional.com\\\/#website\",\"url\":\"https:\\\/\\\/kzprofesional.com\\\/\",\"name\":\"KZ Profesional\",\"description\":\"\",\"publisher\":{\"@id\":\"https:\\\/\\\/kzprofesional.com\\\/#organization\"},\"potentialAction\":[{\"@type\":\"SearchAction\",\"target\":{\"@type\":\"EntryPoint\",\"urlTemplate\":\"https:\\\/\\\/kzprofesional.com\\\/?s={search_term_string}\"},\"query-input\":{\"@type\":\"PropertyValueSpecification\",\"valueRequired\":true,\"valueName\":\"search_term_string\"}}],\"inLanguage\":\"pt-PT\"},{\"@type\":\"Organization\",\"@id\":\"https:\\\/\\\/kzprofesional.com\\\/#organization\",\"name\":\"Imperio Barber Shop\",\"url\":\"https:\\\/\\\/kzprofesional.com\\\/\",\"logo\":{\"@type\":\"ImageObject\",\"inLanguage\":\"pt-PT\",\"@id\":\"https:\\\/\\\/kzprofesional.com\\\/#\\\/schema\\\/logo\\\/image\\\/\",\"url\":\"https:\\\/\\\/kzprofesional.com\\\/wp-content\\\/uploads\\\/2021\\\/09\\\/Logo-Imperio-Barber-Shop.png\",\"contentUrl\":\"https:\\\/\\\/kzprofesional.com\\\/wp-content\\\/uploads\\\/2021\\\/09\\\/Logo-Imperio-Barber-Shop.png\",\"width\":128,\"height\":128,\"caption\":\"Imperio Barber Shop\"},\"image\":{\"@id\":\"https:\\\/\\\/kzprofesional.com\\\/#\\\/schema\\\/logo\\\/image\\\/\"}}]}<\/script>\n<!-- \/ Yoast SEO Premium plugin. -->","yoast_head_json":{"title":"L\u00e2mina Trimmer X Pro Wide Gold - STYLECRAFT - KZ Profesional","description":"L\u00e2mina de substitui\u00e7\u00e3o profissional compatible con todos los modelos de Trimmers Stylecraft y Gamma+.","robots":{"index":"index","follow":"follow","max-snippet":"max-snippet:-1","max-image-preview":"max-image-preview:large","max-video-preview":"max-video-preview:-1"},"canonical":"https:\/\/kzprofesional.com\/cuchilla-trimmer-x-pro-wide-gold-stylecraft\/","og_locale":"pt_PT","og_type":"article","og_title":"L\u00e2mina Trimmer X Pro Wide Gold - STYLECRAFT","og_description":"L\u00e2mina de substitui\u00e7\u00e3o profissional compatible con todos los modelos de Trimmers Stylecraft y Gamma+.","og_url":"https:\/\/kzprofesional.com\/cuchilla-trimmer-x-pro-wide-gold-stylecraft\/","og_site_name":"KZ Profesional","article_modified_time":"2026-04-30T02:41:13+00:00","og_image":[{"width":553,"height":672,"url":"https:\/\/kzprofesional.com\/wp-content\/uploads\/cuchilla-xpro.png","type":"image\/png"}],"twitter_card":"summary_large_image","schema":{"@context":"https:\/\/schema.org","@graph":[{"@type":"WebPage","@id":"https:\/\/kzprofesional.com\/cuchilla-trimmer-x-pro-wide-gold-stylecraft\/","url":"https:\/\/kzprofesional.com\/cuchilla-trimmer-x-pro-wide-gold-stylecraft\/","name":"L\u00e2mina Trimmer X Pro Wide Gold - STYLECRAFT - KZ Profesional","isPartOf":{"@id":"https:\/\/kzprofesional.com\/#website"},"primaryImageOfPage":{"@id":"https:\/\/kzprofesional.com\/cuchilla-trimmer-x-pro-wide-gold-stylecraft\/#primaryimage"},"image":{"@id":"https:\/\/kzprofesional.com\/cuchilla-trimmer-x-pro-wide-gold-stylecraft\/#primaryimage"},"thumbnailUrl":"https:\/\/kzprofesional.com\/wp-content\/uploads\/cuchilla-xpro.png","datePublished":"2026-03-20T08:55:06+00:00","dateModified":"2026-04-30T02:41:13+00:00","description":"L\u00e2mina de substitui\u00e7\u00e3o profissional compatible con todos los modelos de Trimmers Stylecraft y Gamma+.","breadcrumb":{"@id":"https:\/\/kzprofesional.com\/cuchilla-trimmer-x-pro-wide-gold-stylecraft\/#breadcrumb"},"inLanguage":"pt-PT","potentialAction":[{"@type":"ReadAction","target":["https:\/\/kzprofesional.com\/cuchilla-trimmer-x-pro-wide-gold-stylecraft\/"]}]},{"@type":"ImageObject","inLanguage":"pt-PT","@id":"https:\/\/kzprofesional.com\/cuchilla-trimmer-x-pro-wide-gold-stylecraft\/#primaryimage","url":"https:\/\/kzprofesional.com\/wp-content\/uploads\/cuchilla-xpro.png","contentUrl":"https:\/\/kzprofesional.com\/wp-content\/uploads\/cuchilla-xpro.png","width":553,"height":672},{"@type":"BreadcrumbList","@id":"https:\/\/kzprofesional.com\/cuchilla-trimmer-x-pro-wide-gold-stylecraft\/#breadcrumb","itemListElement":[{"@type":"ListItem","position":1,"name":"P\u00e1gina inicial","item":"https:\/\/kzprofesional.com\/pt-pt\/"},{"@type":"ListItem","position":2,"name":"Loja","item":"https:\/\/kzprofesional.com\/pt-pt\/loja\/"},{"@type":"ListItem","position":3,"name":"L\u00e2mina Trimmer X Pro Wide Gold &#8211; STYLECRAFT"}]},{"@type":"WebSite","@id":"https:\/\/kzprofesional.com\/#website","url":"https:\/\/kzprofesional.com\/","name":"KZ Profesional","description":"","publisher":{"@id":"https:\/\/kzprofesional.com\/#organization"},"potentialAction":[{"@type":"SearchAction","target":{"@type":"EntryPoint","urlTemplate":"https:\/\/kzprofesional.com\/?s={search_term_string}"},"query-input":{"@type":"PropertyValueSpecification","valueRequired":true,"valueName":"search_term_string"}}],"inLanguage":"pt-PT"},{"@type":"Organization","@id":"https:\/\/kzprofesional.com\/#organization","name":"Imperio Barber Shop","url":"https:\/\/kzprofesional.com\/","logo":{"@type":"ImageObject","inLanguage":"pt-PT","@id":"https:\/\/kzprofesional.com\/#\/schema\/logo\/image\/","url":"https:\/\/kzprofesional.com\/wp-content\/uploads\/2021\/09\/Logo-Imperio-Barber-Shop.png","contentUrl":"https:\/\/kzprofesional.com\/wp-content\/uploads\/2021\/09\/Logo-Imperio-Barber-Shop.png","width":128,"height":128,"caption":"Imperio Barber Shop"},"image":{"@id":"https:\/\/kzprofesional.com\/#\/schema\/logo\/image\/"}}]}},"_links":{"self":[{"href":"https:\/\/kzprofesional.com\/pt-pt\/wp-json\/wp\/v2\/product\/83130","targetHints":{"allow":["GET"]}}],"collection":[{"href":"https:\/\/kzprofesional.com\/pt-pt\/wp-json\/wp\/v2\/product"}],"about":[{"href":"https:\/\/kzprofesional.com\/pt-pt\/wp-json\/wp\/v2\/types\/product"}],"wp:featuredmedia":[{"embeddable":true,"href":"https:\/\/kzprofesional.com\/pt-pt\/wp-json\/wp\/v2\/media\/83131"}],"wp:attachment":[{"href":"https:\/\/kzprofesional.com\/pt-pt\/wp-json\/wp\/v2\/media?parent=83130"}],"wp:term":[{"taxonomy":"product_brand","embeddable":true,"href":"https:\/\/kzprofesional.com\/pt-pt\/wp-json\/wp\/v2\/product_brand?post=83130"},{"taxonomy":"product_cat","embeddable":true,"href":"https:\/\/kzprofesional.com\/pt-pt\/wp-json\/wp\/v2\/product_cat?post=83130"},{"taxonomy":"product_tag","embeddable":true,"href":"https:\/\/kzprofesional.com\/pt-pt\/wp-json\/wp\/v2\/product_tag?post=83130"}],"curies":[{"name":"wp","href":"https:\/\/api.w.org\/{rel}","templated":true}]}}