

{"id":83140,"date":"2026-03-20T10:08:41","date_gmt":"2026-03-20T09:08:41","guid":{"rendered":"https:\/\/kzprofesional.com\/pack-3-carcasas-originales-hitter-gamma-piu\/"},"modified":"2026-04-30T04:41:18","modified_gmt":"2026-04-30T02:41:18","slug":"pack-3-carcasas-originales-hitter-gamma-piu","status":"publish","type":"product","link":"https:\/\/kzprofesional.com\/pt-pt\/pack-3-carcasas-originales-hitter-gamma-piu\/","title":{"rendered":"Pack 3 Carcasas Originales Hitter &#8211; GAMMA PIU"},"content":{"rendered":"<p><strong>Pack 3 Carcasas Originales Hitter &#8211; GAMMA PIU<\/strong><\/p>\n<p>Recambio 3 Carcasas Originales Gamma Piu Hitter, valido para la Gamma Hitter, colores fucsia, negra y azul, todos ellos mate,\u00a0 es original y valido solo para el modelo indicado.<\/p>\n<p>La constante busqueda y la innovaci\u00f3n tecnol\u00f3gica confieren seguridad a los instrumentos de la marca Gamma+, l\u00edder en la venta de secadores profesionales.<\/p>\n<p>La clave para obtener un alto nivel cualitativo ha sido la de concentrar proyecto y producci\u00f3n del producto al interno de Gamma+.<\/p>\n<p>La elecci\u00f3n de componentes atentamente seleccionados dan vida a instrumentos seguros y con prestaciones profesionales.<\/p>\n<p>Nuestros productos acumulan la experiencia y la qualidade en el sector desde hace m\u00e1s de treinta a\u00f1os,<\/p>\n<p>presentando una nueva l\u00ednea exclusiva que destaca por ser innovadora, por su qualidade y por su estilo.<\/p>\n<p>Los clientes para nosotros son importantes y es por este motivo que estamos siempre cerca de ellos, inclusive despu\u00e9s de la venta del producto, gracias a una capilar red de centros de asistencia t\u00e9cnica.<\/p>\n<p>Gamma+ es reconocida como empresa de alto nivel tecnol\u00f3gico y con instrumentos fiables gracias a los numerosos e importantes proyectos realizados<\/p>\n<p>Si nuestros productos ofrecen las elevadas prestaciones que exigen los mejores hairstylists del mundo, podemos estar seguros de que estaremos a la altura de nuestros clientes.<\/p>\n","protected":false},"excerpt":{"rendered":"<p>Pack 3 Carcasas Originales Hitter &#8211; GAMMA PIU Recambio 3 Carcasas Originales Gamma Piu Hitter, valido para la Gamma Hitter, colores fucsia, negra y azul, todos ellos mate,\u00a0 es original y valido solo para el modelo indicado. La constante busqueda y la innovaci\u00f3n tecnol\u00f3gica confieren seguridad a los instrumentos de la marca Gamma+, l\u00edder en &#8230; <a title=\"Pack 3 Carcasas Originales Hitter &#8211; GAMMA PIU\" class=\"read-more\" href=\"https:\/\/kzprofesional.com\/pt-pt\/pack-3-carcasas-originales-hitter-gamma-piu\/\" aria-label=\"Leia mais sobre Pack 3 Carcasas Originales Hitter &#8211; GAMMA PIU\">Ler mais<\/a><\/p>\n","protected":false},"featured_media":83141,"template":"","meta":{"_acf_changed":false,"_jet_sm_ready_style":"","_jet_sm_style":"","_jet_sm_controls_values":"","_jet_sm_fonts_collection":"","_jet_sm_fonts_links":""},"product_brand":[],"product_cat":[818,970],"product_tag":[],"class_list":{"0":"post-83140","1":"product","2":"type-product","3":"status-publish","4":"has-post-thumbnail","6":"product_cat-novidades","7":"product_cat-pecas-de-substituicao","8":"sales-flash-overlay","9":"woocommerce-text-align-center","10":"woocommerce-image-align-center","11":"do-quantity-buttons","13":"first","14":"instock","15":"sale","16":"taxable","17":"shipping-taxable","18":"purchasable","19":"product-type-simple"},"bundled_by":[],"bundle_stock_status":"instock","bundle_stock_quantity":18,"bundle_virtual":false,"bundle_layout":"","bundle_add_to_cart_form_location":"","bundle_editable_in_cart":false,"bundle_sold_individually_context":"","bundle_item_grouping":"","bundle_min_size":"","bundle_max_size":"","bundle_price":[],"bundled_items":[],"bundle_sell_ids":[],"acf":[],"yoast_head":"<!-- This site is optimized with the Yoast SEO Premium plugin v25.9 (Yoast SEO v27.5) - https:\/\/yoast.com\/product\/yoast-seo-premium-wordpress\/ -->\n<title>Pack 3 Carcasas Originales Hitter - GAMMA PIU - KZ Profesional<\/title>\n<meta name=\"description\" content=\"Recambio 3 Carcasas Originales Gamma Piu Hitter, valido para la Gamma Hitter, colores fucsia, negra y azul, todos ellos mate,\u00a0 es original y valido solo para el modelo indicado.\" \/>\n<meta name=\"robots\" content=\"index, follow, max-snippet:-1, max-image-preview:large, max-video-preview:-1\" \/>\n<link rel=\"canonical\" href=\"https:\/\/kzprofesional.com\/pack-3-carcasas-originales-hitter-gamma-piu\/\" \/>\n<meta property=\"og:locale\" content=\"pt_PT\" \/>\n<meta property=\"og:type\" content=\"article\" \/>\n<meta property=\"og:title\" content=\"Pack 3 Carcasas Originales Hitter - GAMMA PIU\" \/>\n<meta property=\"og:description\" content=\"Recambio 3 Carcasas Originales Gamma Piu Hitter, valido para la Gamma Hitter, colores fucsia, negra y azul, todos ellos mate,\u00a0 es original y valido solo para el modelo indicado.\" \/>\n<meta property=\"og:url\" content=\"https:\/\/kzprofesional.com\/pack-3-carcasas-originales-hitter-gamma-piu\/\" \/>\n<meta property=\"og:site_name\" content=\"KZ Profesional\" \/>\n<meta property=\"article:modified_time\" content=\"2026-04-30T02:41:18+00:00\" \/>\n<meta property=\"og:image\" content=\"https:\/\/kzprofesional.com\/wp-content\/uploads\/Captura-de-pantalla-2026-03-20-095654.png\" \/>\n\t<meta property=\"og:image:width\" content=\"861\" \/>\n\t<meta property=\"og:image:height\" content=\"856\" \/>\n\t<meta property=\"og:image:type\" content=\"image\/png\" \/>\n<meta name=\"twitter:card\" content=\"summary_large_image\" \/>\n<script type=\"application\/ld+json\" class=\"yoast-schema-graph\">{\"@context\":\"https:\\\/\\\/schema.org\",\"@graph\":[{\"@type\":\"WebPage\",\"@id\":\"https:\\\/\\\/kzprofesional.com\\\/pack-3-carcasas-originales-hitter-gamma-piu\\\/\",\"url\":\"https:\\\/\\\/kzprofesional.com\\\/pack-3-carcasas-originales-hitter-gamma-piu\\\/\",\"name\":\"Pack 3 Carcasas Originales Hitter - GAMMA PIU - KZ Profesional\",\"isPartOf\":{\"@id\":\"https:\\\/\\\/kzprofesional.com\\\/#website\"},\"primaryImageOfPage\":{\"@id\":\"https:\\\/\\\/kzprofesional.com\\\/pack-3-carcasas-originales-hitter-gamma-piu\\\/#primaryimage\"},\"image\":{\"@id\":\"https:\\\/\\\/kzprofesional.com\\\/pack-3-carcasas-originales-hitter-gamma-piu\\\/#primaryimage\"},\"thumbnailUrl\":\"https:\\\/\\\/kzprofesional.com\\\/wp-content\\\/uploads\\\/Captura-de-pantalla-2026-03-20-095654.png\",\"datePublished\":\"2026-03-20T09:08:41+00:00\",\"dateModified\":\"2026-04-30T02:41:18+00:00\",\"description\":\"Recambio 3 Carcasas Originales Gamma Piu Hitter, valido para la Gamma Hitter, colores fucsia, negra y azul, todos ellos mate,\u00a0 es original y valido solo para el modelo indicado.\",\"breadcrumb\":{\"@id\":\"https:\\\/\\\/kzprofesional.com\\\/pack-3-carcasas-originales-hitter-gamma-piu\\\/#breadcrumb\"},\"inLanguage\":\"pt-PT\",\"potentialAction\":[{\"@type\":\"ReadAction\",\"target\":[\"https:\\\/\\\/kzprofesional.com\\\/pack-3-carcasas-originales-hitter-gamma-piu\\\/\"]}]},{\"@type\":\"ImageObject\",\"inLanguage\":\"pt-PT\",\"@id\":\"https:\\\/\\\/kzprofesional.com\\\/pack-3-carcasas-originales-hitter-gamma-piu\\\/#primaryimage\",\"url\":\"https:\\\/\\\/kzprofesional.com\\\/wp-content\\\/uploads\\\/Captura-de-pantalla-2026-03-20-095654.png\",\"contentUrl\":\"https:\\\/\\\/kzprofesional.com\\\/wp-content\\\/uploads\\\/Captura-de-pantalla-2026-03-20-095654.png\",\"width\":861,\"height\":856},{\"@type\":\"BreadcrumbList\",\"@id\":\"https:\\\/\\\/kzprofesional.com\\\/pack-3-carcasas-originales-hitter-gamma-piu\\\/#breadcrumb\",\"itemListElement\":[{\"@type\":\"ListItem\",\"position\":1,\"name\":\"P\u00e1gina inicial\",\"item\":\"https:\\\/\\\/kzprofesional.com\\\/pt-pt\\\/\"},{\"@type\":\"ListItem\",\"position\":2,\"name\":\"Loja\",\"item\":\"https:\\\/\\\/kzprofesional.com\\\/pt-pt\\\/loja\\\/\"},{\"@type\":\"ListItem\",\"position\":3,\"name\":\"Pack 3 Carcasas Originales Hitter &#8211; GAMMA PIU\"}]},{\"@type\":\"WebSite\",\"@id\":\"https:\\\/\\\/kzprofesional.com\\\/#website\",\"url\":\"https:\\\/\\\/kzprofesional.com\\\/\",\"name\":\"KZ Profesional\",\"description\":\"\",\"publisher\":{\"@id\":\"https:\\\/\\\/kzprofesional.com\\\/#organization\"},\"potentialAction\":[{\"@type\":\"SearchAction\",\"target\":{\"@type\":\"EntryPoint\",\"urlTemplate\":\"https:\\\/\\\/kzprofesional.com\\\/?s={search_term_string}\"},\"query-input\":{\"@type\":\"PropertyValueSpecification\",\"valueRequired\":true,\"valueName\":\"search_term_string\"}}],\"inLanguage\":\"pt-PT\"},{\"@type\":\"Organization\",\"@id\":\"https:\\\/\\\/kzprofesional.com\\\/#organization\",\"name\":\"Imperio Barber Shop\",\"url\":\"https:\\\/\\\/kzprofesional.com\\\/\",\"logo\":{\"@type\":\"ImageObject\",\"inLanguage\":\"pt-PT\",\"@id\":\"https:\\\/\\\/kzprofesional.com\\\/#\\\/schema\\\/logo\\\/image\\\/\",\"url\":\"https:\\\/\\\/kzprofesional.com\\\/wp-content\\\/uploads\\\/2021\\\/09\\\/Logo-Imperio-Barber-Shop.png\",\"contentUrl\":\"https:\\\/\\\/kzprofesional.com\\\/wp-content\\\/uploads\\\/2021\\\/09\\\/Logo-Imperio-Barber-Shop.png\",\"width\":128,\"height\":128,\"caption\":\"Imperio Barber Shop\"},\"image\":{\"@id\":\"https:\\\/\\\/kzprofesional.com\\\/#\\\/schema\\\/logo\\\/image\\\/\"}}]}<\/script>\n<!-- \/ Yoast SEO Premium plugin. -->","yoast_head_json":{"title":"Pack 3 Carcasas Originales Hitter - GAMMA PIU - KZ Profesional","description":"Recambio 3 Carcasas Originales Gamma Piu Hitter, valido para la Gamma Hitter, colores fucsia, negra y azul, todos ellos mate,\u00a0 es original y valido solo para el modelo indicado.","robots":{"index":"index","follow":"follow","max-snippet":"max-snippet:-1","max-image-preview":"max-image-preview:large","max-video-preview":"max-video-preview:-1"},"canonical":"https:\/\/kzprofesional.com\/pack-3-carcasas-originales-hitter-gamma-piu\/","og_locale":"pt_PT","og_type":"article","og_title":"Pack 3 Carcasas Originales Hitter - GAMMA PIU","og_description":"Recambio 3 Carcasas Originales Gamma Piu Hitter, valido para la Gamma Hitter, colores fucsia, negra y azul, todos ellos mate,\u00a0 es original y valido solo para el modelo indicado.","og_url":"https:\/\/kzprofesional.com\/pack-3-carcasas-originales-hitter-gamma-piu\/","og_site_name":"KZ Profesional","article_modified_time":"2026-04-30T02:41:18+00:00","og_image":[{"width":861,"height":856,"url":"https:\/\/kzprofesional.com\/wp-content\/uploads\/Captura-de-pantalla-2026-03-20-095654.png","type":"image\/png"}],"twitter_card":"summary_large_image","schema":{"@context":"https:\/\/schema.org","@graph":[{"@type":"WebPage","@id":"https:\/\/kzprofesional.com\/pack-3-carcasas-originales-hitter-gamma-piu\/","url":"https:\/\/kzprofesional.com\/pack-3-carcasas-originales-hitter-gamma-piu\/","name":"Pack 3 Carcasas Originales Hitter - GAMMA PIU - KZ Profesional","isPartOf":{"@id":"https:\/\/kzprofesional.com\/#website"},"primaryImageOfPage":{"@id":"https:\/\/kzprofesional.com\/pack-3-carcasas-originales-hitter-gamma-piu\/#primaryimage"},"image":{"@id":"https:\/\/kzprofesional.com\/pack-3-carcasas-originales-hitter-gamma-piu\/#primaryimage"},"thumbnailUrl":"https:\/\/kzprofesional.com\/wp-content\/uploads\/Captura-de-pantalla-2026-03-20-095654.png","datePublished":"2026-03-20T09:08:41+00:00","dateModified":"2026-04-30T02:41:18+00:00","description":"Recambio 3 Carcasas Originales Gamma Piu Hitter, valido para la Gamma Hitter, colores fucsia, negra y azul, todos ellos mate,\u00a0 es original y valido solo para el modelo indicado.","breadcrumb":{"@id":"https:\/\/kzprofesional.com\/pack-3-carcasas-originales-hitter-gamma-piu\/#breadcrumb"},"inLanguage":"pt-PT","potentialAction":[{"@type":"ReadAction","target":["https:\/\/kzprofesional.com\/pack-3-carcasas-originales-hitter-gamma-piu\/"]}]},{"@type":"ImageObject","inLanguage":"pt-PT","@id":"https:\/\/kzprofesional.com\/pack-3-carcasas-originales-hitter-gamma-piu\/#primaryimage","url":"https:\/\/kzprofesional.com\/wp-content\/uploads\/Captura-de-pantalla-2026-03-20-095654.png","contentUrl":"https:\/\/kzprofesional.com\/wp-content\/uploads\/Captura-de-pantalla-2026-03-20-095654.png","width":861,"height":856},{"@type":"BreadcrumbList","@id":"https:\/\/kzprofesional.com\/pack-3-carcasas-originales-hitter-gamma-piu\/#breadcrumb","itemListElement":[{"@type":"ListItem","position":1,"name":"P\u00e1gina inicial","item":"https:\/\/kzprofesional.com\/pt-pt\/"},{"@type":"ListItem","position":2,"name":"Loja","item":"https:\/\/kzprofesional.com\/pt-pt\/loja\/"},{"@type":"ListItem","position":3,"name":"Pack 3 Carcasas Originales Hitter &#8211; GAMMA PIU"}]},{"@type":"WebSite","@id":"https:\/\/kzprofesional.com\/#website","url":"https:\/\/kzprofesional.com\/","name":"KZ Profesional","description":"","publisher":{"@id":"https:\/\/kzprofesional.com\/#organization"},"potentialAction":[{"@type":"SearchAction","target":{"@type":"EntryPoint","urlTemplate":"https:\/\/kzprofesional.com\/?s={search_term_string}"},"query-input":{"@type":"PropertyValueSpecification","valueRequired":true,"valueName":"search_term_string"}}],"inLanguage":"pt-PT"},{"@type":"Organization","@id":"https:\/\/kzprofesional.com\/#organization","name":"Imperio Barber Shop","url":"https:\/\/kzprofesional.com\/","logo":{"@type":"ImageObject","inLanguage":"pt-PT","@id":"https:\/\/kzprofesional.com\/#\/schema\/logo\/image\/","url":"https:\/\/kzprofesional.com\/wp-content\/uploads\/2021\/09\/Logo-Imperio-Barber-Shop.png","contentUrl":"https:\/\/kzprofesional.com\/wp-content\/uploads\/2021\/09\/Logo-Imperio-Barber-Shop.png","width":128,"height":128,"caption":"Imperio Barber Shop"},"image":{"@id":"https:\/\/kzprofesional.com\/#\/schema\/logo\/image\/"}}]}},"_links":{"self":[{"href":"https:\/\/kzprofesional.com\/pt-pt\/wp-json\/wp\/v2\/product\/83140","targetHints":{"allow":["GET"]}}],"collection":[{"href":"https:\/\/kzprofesional.com\/pt-pt\/wp-json\/wp\/v2\/product"}],"about":[{"href":"https:\/\/kzprofesional.com\/pt-pt\/wp-json\/wp\/v2\/types\/product"}],"wp:featuredmedia":[{"embeddable":true,"href":"https:\/\/kzprofesional.com\/pt-pt\/wp-json\/wp\/v2\/media\/83141"}],"wp:attachment":[{"href":"https:\/\/kzprofesional.com\/pt-pt\/wp-json\/wp\/v2\/media?parent=83140"}],"wp:term":[{"taxonomy":"product_brand","embeddable":true,"href":"https:\/\/kzprofesional.com\/pt-pt\/wp-json\/wp\/v2\/product_brand?post=83140"},{"taxonomy":"product_cat","embeddable":true,"href":"https:\/\/kzprofesional.com\/pt-pt\/wp-json\/wp\/v2\/product_cat?post=83140"},{"taxonomy":"product_tag","embeddable":true,"href":"https:\/\/kzprofesional.com\/pt-pt\/wp-json\/wp\/v2\/product_tag?post=83140"}],"curies":[{"name":"wp","href":"https:\/\/api.w.org\/{rel}","templated":true}]}}